{"id":1228,"date":"2020-11-28T16:06:58","date_gmt":"2020-11-28T15:06:58","guid":{"rendered":"http:\/\/dynojet-powervision.de\/de\/stagingrl2020\/agb\/"},"modified":"2020-12-07T14:00:33","modified_gmt":"2020-12-07T13:00:33","slug":"agb","status":"publish","type":"page","link":"https:\/\/dynojet-powervision.de\/de\/agb\/","title":{"rendered":"AGB"},"content":{"rendered":"\t\t<div data-elementor-type=\"wp-page\" data-elementor-id=\"1228\" class=\"elementor elementor-1228\">\n\t\t\t\t\t\t<section class=\"elementor-section elementor-top-section elementor-element elementor-element-a0c6ecc elementor-section-full_width elementor-section-stretched elementor-section-height-default elementor-section-height-default\" data-id=\"a0c6ecc\" data-element_type=\"section\" data-settings=\"{&quot;stretch_section&quot;:&quot;section-stretched&quot;}\">\n\t\t\t\t\t\t<div class=\"elementor-container elementor-column-gap-default\">\n\t\t\t\t\t<div class=\"elementor-column elementor-col-100 elementor-top-column elementor-element elementor-element-89c98ef\" data-id=\"89c98ef\" data-element_type=\"column\">\n\t\t\t<div class=\"elementor-widget-wrap elementor-element-populated\">\n\t\t\t\t\t\t<div class=\"elementor-element elementor-element-be83a32 elementor-widget-divider--view-line elementor-widget elementor-widget-divider\" data-id=\"be83a32\" data-element_type=\"widget\" data-widget_type=\"divider.default\">\n\t\t\t\t<div class=\"elementor-widget-container\">\n\t\t\t\t\t<div class=\"elementor-divider\">\n\t\t\t<span class=\"elementor-divider-separator\">\n\t\t\t\t\t\t<\/span>\n\t\t<\/div>\n\t\t\t\t<\/div>\n\t\t\t\t<\/div>\n\t\t\t\t\t<\/div>\n\t\t<\/div>\n\t\t\t\t\t<\/div>\n\t\t<\/section>\n\t\t\t\t<section class=\"elementor-section elementor-top-section elementor-element elementor-element-8fe02dd elementor-section-full_width elementor-section-height-default elementor-section-height-default\" data-id=\"8fe02dd\" data-element_type=\"section\">\n\t\t\t\t\t\t<div class=\"elementor-container elementor-column-gap-no\">\n\t\t\t\t\t<div class=\"elementor-column elementor-col-100 elementor-top-column elementor-element elementor-element-0d1ef2b\" data-id=\"0d1ef2b\" data-element_type=\"column\">\n\t\t\t<div class=\"elementor-widget-wrap elementor-element-populated\">\n\t\t\t\t\t\t<div class=\"elementor-element elementor-element-5fb0cfb elementor-widget elementor-widget-image\" data-id=\"5fb0cfb\" data-element_type=\"widget\" data-widget_type=\"image.default\">\n\t\t\t\t<div class=\"elementor-widget-container\">\n\t\t\t\t\t\t\t\t\t\t\t\t\t<img decoding=\"async\" src=\"https:\/\/dynojet-powervision.de\/de\/wp-content\/uploads\/2020\/11\/powervision-site-header.jpg\" title=\"powervision-site-header\" alt=\"powervision-site-header\" loading=\"lazy\" \/>\t\t\t\t\t\t\t\t\t\t\t\t\t<\/div>\n\t\t\t\t<\/div>\n\t\t\t\t\t<\/div>\n\t\t<\/div>\n\t\t\t\t\t<\/div>\n\t\t<\/section>\n\t\t\t\t<section class=\"elementor-section elementor-top-section elementor-element elementor-element-f363c58 elementor-section-boxed elementor-section-height-default elementor-section-height-default\" data-id=\"f363c58\" data-element_type=\"section\">\n\t\t\t\t\t\t<div class=\"elementor-container elementor-column-gap-default\">\n\t\t\t\t\t<div class=\"elementor-column elementor-col-100 elementor-top-column elementor-element elementor-element-d5979f8\" data-id=\"d5979f8\" data-element_type=\"column\">\n\t\t\t<div class=\"elementor-widget-wrap elementor-element-populated\">\n\t\t\t\t\t\t<div class=\"elementor-element elementor-element-b8dbdb3 elementor-widget elementor-widget-spacer\" data-id=\"b8dbdb3\" data-element_type=\"widget\" data-widget_type=\"spacer.default\">\n\t\t\t\t<div class=\"elementor-widget-container\">\n\t\t\t\t\t<div class=\"elementor-spacer\">\n\t\t\t<div class=\"elementor-spacer-inner\"><\/div>\n\t\t<\/div>\n\t\t\t\t<\/div>\n\t\t\t\t<\/div>\n\t\t\t\t\t<\/div>\n\t\t<\/div>\n\t\t\t\t\t<\/div>\n\t\t<\/section>\n\t\t\t\t<section class=\"elementor-section elementor-top-section elementor-element elementor-element-44b99be elementor-section-full_width elementor-section-height-default elementor-section-height-default\" data-id=\"44b99be\" data-element_type=\"section\">\n\t\t\t\t\t\t<div class=\"elementor-container elementor-column-gap-default\">\n\t\t\t\t\t<div class=\"elementor-column elementor-col-100 elementor-top-column elementor-element elementor-element-d23b3ea\" data-id=\"d23b3ea\" data-element_type=\"column\">\n\t\t\t<div class=\"elementor-widget-wrap elementor-element-populated\">\n\t\t\t\t\t\t<div class=\"elementor-element elementor-element-e20a5ee elementor-widget elementor-widget-text-editor\" data-id=\"e20a5ee\" data-element_type=\"widget\" data-widget_type=\"text-editor.default\">\n\t\t\t\t<div class=\"elementor-widget-container\">\n\t\t\t\t\t\t\t<h2><span style=\"color: #ff0000;\">AGB<\/span><\/h2>\t\t\t\t\t\t<\/div>\n\t\t\t\t<\/div>\n\t\t\t\t\t<\/div>\n\t\t<\/div>\n\t\t\t\t\t<\/div>\n\t\t<\/section>\n\t\t\t\t<section class=\"elementor-section elementor-top-section elementor-element elementor-element-7985516 elementor-section-full_width elementor-section-height-default elementor-section-height-default\" data-id=\"7985516\" data-element_type=\"section\">\n\t\t\t\t\t\t<div class=\"elementor-container elementor-column-gap-default\">\n\t\t\t\t\t<div class=\"elementor-column elementor-col-100 elementor-top-column elementor-element elementor-element-e047060\" data-id=\"e047060\" data-element_type=\"column\">\n\t\t\t<div class=\"elementor-widget-wrap elementor-element-populated\">\n\t\t\t\t\t\t<div class=\"elementor-element elementor-element-58cacd8 elementor-widget elementor-widget-text-editor\" data-id=\"58cacd8\" data-element_type=\"widget\" data-widget_type=\"text-editor.default\">\n\t\t\t\t<div class=\"elementor-widget-container\">\n\t\t\t\t\t\t\t<p><strong>Allgemeine Gesch\u00e4ftsbedingungen<\/strong><\/p><ol><li><strong>Geltungsbereich<\/strong><\/li><li><strong>Vertragspartner<\/strong><\/li><li><strong>Vertragsschluss<\/strong><\/li><li><strong>Widerrufsrecht<\/strong><\/li><li><strong>Preise und Versandkosten<\/strong><\/li><li><strong>Lieferung<\/strong><\/li><li><strong>Zahlung<\/strong><\/li><li><strong>Eigentumsvorbehalt<\/strong><\/li><li><strong>Streitbeilegung<\/strong><\/li><\/ol><p><strong>Allgemeine Gesch\u00e4ftsbedingungen<\/strong><\/p><ol><li><strong>Geltungsbereich<br \/><\/strong>F\u00fcr alle Lieferungen von V + P House of Thunder Motorradtechnik GmbH an Verbraucher gelten diese Allgemeinen Gesch\u00e4ftsbedingungen (AGB).<br \/>Verbraucher ist jede nat\u00fcrliche Person, die ein Rechtsgesch\u00e4ft zu einem Zwecke abschlie\u00dft, der \u00fcberwiegend weder ihrer gewerblichen noch ihrer selbstst\u00e4ndigen beruflichen T\u00e4tigkeit zugerechnet werden kann.<br \/><br \/><\/li><li><strong>Vertragspartner<br \/><\/strong>Der Kaufvertrag kommt zustande mit V + P House of Thunder Motorradtechnik GmbH, Taschenmacherstras\u00dfe 6, 23556 L\u00fcbeck, Handelsregister: Amtsgericht L\u00fcbeck, HRB 5847.<br \/><br \/><\/li><li><strong>Vertragsschluss<\/strong><ul><li>Die Darstellung der Produkte im Online-Shop stellt kein rechtlich bindendes Angebot, sondern nur eine Aufforderung zur Bestellung dar.<\/li><li>Durch Anklicken des Buttons [Kaufen\/kostenpflichtig bestellen] geben Sie eine verbindliche Bestellung der auf der Bestellseite aufgelisteten Waren ab. Ihr Kaufvertrag kommt zustande, wenn wir Ihre Bestellung durch eine Auftragsbest\u00e4tigung per E-Mail unmittelbar nach dem Erhalt Ihrer Bestellung annehmen.<br \/><br \/><\/li><\/ul><\/li><li><strong>Widerrufsrecht<\/strong><ul><li>Wenn Sie Verbraucher sind (also eine nat\u00fcrliche Person, die die Bestellung zu einem Zweck abgibt, der weder Ihrer gewerblichen oder selbst\u00e4ndigen beruflichen T\u00e4tigkeit zugerechnet werden kann), steht Ihnen nach Ma\u00dfgabe der gesetzlichen Bestimmungen ein Widerrufsrecht zu.<\/li><li>Machen Sie als Verbraucher von Ihrem Widerrufsrecht nach Ziffer 4.1 Gebrauch, so haben Sie die regelm\u00e4\u00dfigen Kosten der R\u00fccksendung zu tragen.<\/li><li>Im \u00dcbrigen gelten f\u00fcr das Widerrufsrecht die Regelungen, die im Einzelnen wiedergegeben sind in der folgenden<br \/><br \/><strong>Widerrufsbelehrung<br \/><br \/>Widerrufsrecht<br \/><br \/><\/strong>Sie haben das Recht, binnen vierzehn Tagen ohne Angabe von Gr\u00fcnden diesen Vertrag zu widerrufen.<br \/><br \/>Die Widerrufsfrist betr\u00e4gt vierzehn Tage ab dem Tag an dem Sie oder ein von Ihnen benannter Dritter, der nicht der Bef\u00f6rderer ist, die Waren in Besitz genommen haben bzw. hat.<br \/><br \/>Um Ihr Widerrufsrecht auszu\u00fcben, m\u00fcssen Sie uns [V + P House of Thunder Motorradtechnik GmbH, Taschenmacherstras\u00dfe 6, 23556 L\u00fcbeck, <a href=\"mailto:info@dynojet-powervision.de\">info@dynojet-powervision.de<\/a>, Tel.: 0451 &#8211; 472717] mittels einer eindeutigen Erkl\u00e4rung (z.B. ein mit der Post versandter Brief, Telefax oder E-Mail) \u00fcber Ihren Entschluss, diesen Vertrag zu widerrufen, informieren. Sie k\u00f6nnen daf\u00fcr das beigef\u00fcgte Muster-Widerrufsformular verwenden, das jedoch nicht vorgeschrieben ist.<br \/><br \/>Zur Wahrung der Widerrufsfrist reicht es aus, dass Sie die Mitteilung \u00fcber die Aus\u00fcbung des Widerrufsrechts vor Ablauf der Widerrufsfrist absenden.<br \/><br \/><strong>Folgen des Widerrufs<\/strong><br \/><br \/>Wenn Sie diesen Vertrag widerrufen, haben wir Ihnen alle Zahlungen, die wir von Ihnen erhalten haben, einschlie\u00dflich der Lieferkosten (mit Ausnahme der zus\u00e4tzlichen Kosten, die sich daraus ergeben, dass Sie eine andere Art der Lieferung als die von uns angebotene, g\u00fcnstigste Standardlieferung gew\u00e4hlt haben), unverz\u00fcglich und sp\u00e4testens binnen vierzehn Tagen ab dem Tag zur\u00fcckzuzahlen, an dem die Mitteilung \u00fcber Ihren Widerruf dieses Vertrags bei uns eingegangen ist. F\u00fcr diese R\u00fcckzahlung verwenden wir dasselbe Zahlungsmittel, das Sie bei der urspr\u00fcnglichen Transaktion eingesetzt haben, es sei denn, mit Ihnen wurde ausdr\u00fccklich etwas anderes vereinbart; in keinem Fall werden Ihnen wegen dieser R\u00fcckzahlung Entgelte berechnet. Wir k\u00f6nnen die R\u00fcckzahlung verweigern, bis wir die Waren wieder zur\u00fcckerhalten haben oder bis Sie den Nachweis erbracht haben, dass Sie die Waren zur\u00fcckgesandt haben, je nachdem, welches der fr\u00fchere Zeitpunkt ist.<br \/><br \/>Sie haben die Waren unverz\u00fcglich und in jedem Fall sp\u00e4testens binnen vierzehn Tagen ab dem Tag, an dem Sie uns \u00fcber den Widerruf dieses Vertrages unterrichten, an uns oder an (hier sind gegebenenfalls der Name und die Anschrift der von Ihnen zur Entgegennahme der Ware erm\u00e4chtigten Person einzuf\u00fcgen) zur\u00fcckzusenden oder zu \u00fcbergeben. Die Frist ist gewahrt, wenn Sie die Waren vor Ablauf der Frist von vierzehn Tagen absenden.<br \/><br \/>Sie tragen die unmittelbaren Kosten der R\u00fccksendung der Waren.<br \/><br \/>Sie m\u00fcssen f\u00fcr einen etwaigen Wertverlust der Waren nur aufkommen, wenn dieser Wertverlust auf einen zur Pr\u00fcfung der Beschaffenheit, Eigenschaften und Funktionsweise der Waren nicht notwendigen Umgang mit ihnen zur\u00fcckzuf\u00fchren ist.<br \/><br \/><strong>&#8211; Ende der Widerrufsbelehrung &#8211;<br \/><br \/><br \/><\/strong><\/li><\/ul><\/li><li><strong>Preise und Versandkosten<\/strong><ul><li>Die auf den Produktseiten genannten Preise enthalten die gesetzliche Mehrwertsteuer und sonstige Preisbestandteile.<\/li><li>Zus\u00e4tzlich zu den angegebenen Preisen berechnen wir f\u00fcr die Lieferung innerhalb Deutschlands pauschal 6,00 Euro pro Bestellung. Die Versandkosten werden Ihnen auf den Produktseiten, im Warenkorbsystem und auf der Bestellseite nochmals deutlich mitgeteilt.<br \/><br \/><\/li><\/ul><\/li><li><strong>Lieferung<\/strong><ul><li>Die Lieferung erfolgt nur innerhalb Deutschlands mit DHL oder UPS.<\/li><li>Die Lieferzeit betr\u00e4gt bis zu 3 Tage. Auf eventuell abweichende Lieferzeiten weisen wir auf der jeweiligen Produktseite hin.<br \/><br \/><\/li><\/ul><\/li><li><strong>Zahlung <\/strong><ul><li>Die Zahlung erfolgt wahlweise per Vorkasse oder PayPal.<\/li><li>Bei Auswahl der Zahlungsart Vorkasse nennen wir Ihnen unsere Bankverbindung in der Auftragsbest\u00e4tigung und liefern die Ware nach Zahlungseingang.<br \/><br \/><\/li><\/ul><\/li><li><strong>Eigentumsvorbehalt<br \/><\/strong>Bis zur vollst\u00e4ndigen Zahlung bleibt die Ware unser Eigentum.<br \/><br \/><\/li><li><strong>Streitbeilegung<br \/><\/strong>Die EU-Kommission hat eine Internetplattform zur Online-Beilegung von Streitigkeiten geschaffen. Die Plattform dient als Anlaufstelle zur au\u00dfergerichtlichen Beilegung von Streitigkeiten betreffend vertragliche Verpflichtungen, die aus Online-Kaufvertr\u00e4gen erwachsen.\u00a0N\u00e4here Informationen sind unter dem folgenden Link verf\u00fcgbar: <a href=\"http:\/\/ec.europa.eu\/consumers\/odr\">http:\/\/ec.europa.eu\/consumers\/odr<\/a>. Zur Teilnahme an einem Streitbeilegungsverfahren vor einer Verbraucherschlichtungsstelle sind wir weder bereit noch verpflichtet.<\/li><\/ol><p>\u00a0<\/p>\t\t\t\t\t\t<\/div>\n\t\t\t\t<\/div>\n\t\t\t\t\t<\/div>\n\t\t<\/div>\n\t\t\t\t\t<\/div>\n\t\t<\/section>\n\t\t\t\t<\/div>\n\t\t","protected":false},"excerpt":{"rendered":"<p>AGB Allgemeine Gesch\u00e4ftsbedingungen Geltungsbereich Vertragspartner Vertragsschluss Widerrufsrecht Preise und Versandkosten Lieferung Zahlung Eigentumsvorbehalt Streitbeilegung Allgemeine Gesch\u00e4ftsbedingungen GeltungsbereichF\u00fcr alle Lieferungen von V + P House of Thunder Motorradtechnik GmbH an Verbraucher gelten diese Allgemeinen Gesch\u00e4ftsbedingungen (AGB).Verbraucher ist jede nat\u00fcrliche Person, die ein Rechtsgesch\u00e4ft zu einem Zwecke abschlie\u00dft, der \u00fcberwiegend weder ihrer gewerblichen noch ihrer selbstst\u00e4ndigen beruflichen &#8230; <a title=\"AGB\" class=\"read-more\" href=\"https:\/\/dynojet-powervision.de\/de\/agb\/\" aria-label=\"Mehr Informationen \u00fcber AGB\">Weiterlesen<\/a><\/p>\n","protected":false},"author":1,"featured_media":0,"parent":0,"menu_order":0,"comment_status":"closed","ping_status":"closed","template":"","meta":{"footnotes":"","_links_to":"","_links_to_target":""},"class_list":["post-1228","page","type-page","status-publish"],"aioseo_notices":[],"_links":{"self":[{"href":"https:\/\/dynojet-powervision.de\/de\/wp-json\/wp\/v2\/pages\/1228","targetHints":{"allow":["GET"]}}],"collection":[{"href":"https:\/\/dynojet-powervision.de\/de\/wp-json\/wp\/v2\/pages"}],"about":[{"href":"https:\/\/dynojet-powervision.de\/de\/wp-json\/wp\/v2\/types\/page"}],"author":[{"embeddable":true,"href":"https:\/\/dynojet-powervision.de\/de\/wp-json\/wp\/v2\/users\/1"}],"replies":[{"embeddable":true,"href":"https:\/\/dynojet-powervision.de\/de\/wp-json\/wp\/v2\/comments?post=1228"}],"version-history":[{"count":9,"href":"https:\/\/dynojet-powervision.de\/de\/wp-json\/wp\/v2\/pages\/1228\/revisions"}],"predecessor-version":[{"id":1432,"href":"https:\/\/dynojet-powervision.de\/de\/wp-json\/wp\/v2\/pages\/1228\/revisions\/1432"}],"wp:attachment":[{"href":"https:\/\/dynojet-powervision.de\/de\/wp-json\/wp\/v2\/media?parent=1228"}],"curies":[{"name":"wp","href":"https:\/\/api.w.org\/{rel}","templated":true}]}}