{"id":1565,"date":"2023-01-23T15:17:44","date_gmt":"2023-01-23T14:17:44","guid":{"rendered":"https:\/\/dynojet-powervision.de\/de\/echtheit-von-bewertungen\/"},"modified":"2023-01-23T15:38:15","modified_gmt":"2023-01-23T14:38:15","slug":"echtheit-von-bewertungen","status":"publish","type":"page","link":"https:\/\/dynojet-powervision.de\/de\/echtheit-von-bewertungen\/","title":{"rendered":"Echtheit von Bewertungen"},"content":{"rendered":"\n<p><em>Bewertungen auf unserer Website k\u00f6nnen nur von Kunden mit registriertem Nutzerkonto abgegeben werden und dies auch nur f\u00fcr Produkte, die sie tats\u00e4chlich bei uns erworben haben. Die Bewertungsfunktion wird also erst nach einem erfolgten Kauf freigeschaltet.<\/em><\/p>\n","protected":false},"excerpt":{"rendered":"<p>Bewertungen auf unserer Website k\u00f6nnen nur von Kunden mit registriertem Nutzerkonto abgegeben werden und dies auch nur f\u00fcr Produkte, die sie tats\u00e4chlich bei uns erworben haben. Die Bewertungsfunktion wird also erst nach einem erfolgten Kauf freigeschaltet.<\/p>\n","protected":false},"author":1,"featured_media":0,"parent":0,"menu_order":0,"comment_status":"closed","ping_status":"closed","template":"","meta":{"footnotes":"","_links_to":"","_links_to_target":""},"class_list":["post-1565","page","type-page","status-publish"],"aioseo_notices":[],"_links":{"self":[{"href":"https:\/\/dynojet-powervision.de\/de\/wp-json\/wp\/v2\/pages\/1565","targetHints":{"allow":["GET"]}}],"collection":[{"href":"https:\/\/dynojet-powervision.de\/de\/wp-json\/wp\/v2\/pages"}],"about":[{"href":"https:\/\/dynojet-powervision.de\/de\/wp-json\/wp\/v2\/types\/page"}],"author":[{"embeddable":true,"href":"https:\/\/dynojet-powervision.de\/de\/wp-json\/wp\/v2\/users\/1"}],"replies":[{"embeddable":true,"href":"https:\/\/dynojet-powervision.de\/de\/wp-json\/wp\/v2\/comments?post=1565"}],"version-history":[{"count":1,"href":"https:\/\/dynojet-powervision.de\/de\/wp-json\/wp\/v2\/pages\/1565\/revisions"}],"predecessor-version":[{"id":1568,"href":"https:\/\/dynojet-powervision.de\/de\/wp-json\/wp\/v2\/pages\/1565\/revisions\/1568"}],"wp:attachment":[{"href":"https:\/\/dynojet-powervision.de\/de\/wp-json\/wp\/v2\/media?parent=1565"}],"curies":[{"name":"wp","href":"https:\/\/api.w.org\/{rel}","templated":true}]}}