{"id":291,"date":"2016-01-30T18:00:40","date_gmt":"2016-01-30T17:00:40","guid":{"rendered":"http:\/\/dynojet-powervision.de\/de\/?page_id=291"},"modified":"2020-11-14T15:41:04","modified_gmt":"2020-11-14T14:41:04","slug":"dynamometer-250i","status":"publish","type":"page","link":"https:\/\/dynojet-powervision.de\/de\/dynamometer-250i\/","title":{"rendered":"Dynamometer 250i"},"content":{"rendered":"\t\t<div data-elementor-type=\"wp-page\" data-elementor-id=\"291\" class=\"elementor elementor-291\">\n\t\t\t\t\t\t<section class=\"elementor-section elementor-top-section elementor-element elementor-element-89ca4ab elementor-section-full_width elementor-section-stretched elementor-section-height-default elementor-section-height-default\" data-id=\"89ca4ab\" data-element_type=\"section\" data-settings=\"{&quot;stretch_section&quot;:&quot;section-stretched&quot;}\">\n\t\t\t\t\t\t<div class=\"elementor-container elementor-column-gap-default\">\n\t\t\t\t\t<div class=\"elementor-column elementor-col-100 elementor-top-column elementor-element elementor-element-51968b1\" data-id=\"51968b1\" data-element_type=\"column\">\n\t\t\t<div class=\"elementor-widget-wrap elementor-element-populated\">\n\t\t\t\t\t\t<div class=\"elementor-element elementor-element-8d68a8a elementor-widget-divider--view-line elementor-widget elementor-widget-divider\" data-id=\"8d68a8a\" data-element_type=\"widget\" data-widget_type=\"divider.default\">\n\t\t\t\t<div class=\"elementor-widget-container\">\n\t\t\t\t\t<div class=\"elementor-divider\">\n\t\t\t<span class=\"elementor-divider-separator\">\n\t\t\t\t\t\t<\/span>\n\t\t<\/div>\n\t\t\t\t<\/div>\n\t\t\t\t<\/div>\n\t\t\t\t\t<\/div>\n\t\t<\/div>\n\t\t\t\t\t<\/div>\n\t\t<\/section>\n\t\t\t\t<section class=\"elementor-section elementor-top-section elementor-element elementor-element-e05f971 elementor-section-full_width elementor-section-height-default elementor-section-height-default\" data-id=\"e05f971\" data-element_type=\"section\">\n\t\t\t\t\t\t<div class=\"elementor-container elementor-column-gap-no\">\n\t\t\t\t\t<div class=\"elementor-column elementor-col-100 elementor-top-column elementor-element elementor-element-42e4368\" data-id=\"42e4368\" data-element_type=\"column\">\n\t\t\t<div class=\"elementor-widget-wrap elementor-element-populated\">\n\t\t\t\t\t\t<div class=\"elementor-element elementor-element-b6f6ea2 elementor-widget elementor-widget-image\" data-id=\"b6f6ea2\" data-element_type=\"widget\" data-widget_type=\"image.default\">\n\t\t\t\t<div class=\"elementor-widget-container\">\n\t\t\t\t\t\t\t\t\t\t\t\t\t<img decoding=\"async\" src=\"https:\/\/dynojet-powervision.de\/de\/wp-content\/uploads\/2020\/11\/dynamometer-site-header.jpg\" title=\"dynamometer-site-header\" alt=\"dynamometer-site-header\" loading=\"lazy\" \/>\t\t\t\t\t\t\t\t\t\t\t\t\t<\/div>\n\t\t\t\t<\/div>\n\t\t\t\t\t<\/div>\n\t\t<\/div>\n\t\t\t\t\t<\/div>\n\t\t<\/section>\n\t\t\t\t<section class=\"elementor-section elementor-top-section elementor-element elementor-element-441a8e8 elementor-section-boxed elementor-section-height-default elementor-section-height-default\" data-id=\"441a8e8\" data-element_type=\"section\">\n\t\t\t\t\t\t<div class=\"elementor-container elementor-column-gap-default\">\n\t\t\t\t\t<div class=\"elementor-column elementor-col-100 elementor-top-column elementor-element elementor-element-f312b40\" data-id=\"f312b40\" data-element_type=\"column\">\n\t\t\t<div class=\"elementor-widget-wrap elementor-element-populated\">\n\t\t\t\t\t\t<div class=\"elementor-element elementor-element-b8afdc1 elementor-widget elementor-widget-spacer\" data-id=\"b8afdc1\" data-element_type=\"widget\" data-widget_type=\"spacer.default\">\n\t\t\t\t<div class=\"elementor-widget-container\">\n\t\t\t\t\t<div class=\"elementor-spacer\">\n\t\t\t<div class=\"elementor-spacer-inner\"><\/div>\n\t\t<\/div>\n\t\t\t\t<\/div>\n\t\t\t\t<\/div>\n\t\t\t\t\t<\/div>\n\t\t<\/div>\n\t\t\t\t\t<\/div>\n\t\t<\/section>\n\t\t\t\t<section class=\"elementor-section elementor-top-section elementor-element elementor-element-50c40cc elementor-section-full_width elementor-section-height-default elementor-section-height-default\" data-id=\"50c40cc\" data-element_type=\"section\">\n\t\t\t\t\t\t<div class=\"elementor-container elementor-column-gap-default\">\n\t\t\t\t\t<div class=\"elementor-column elementor-col-100 elementor-top-column elementor-element elementor-element-e328186\" data-id=\"e328186\" data-element_type=\"column\">\n\t\t\t<div class=\"elementor-widget-wrap elementor-element-populated\">\n\t\t\t\t\t\t<div class=\"elementor-element elementor-element-cd1858f elementor-widget elementor-widget-text-editor\" data-id=\"cd1858f\" data-element_type=\"widget\" data-widget_type=\"text-editor.default\">\n\t\t\t\t<div class=\"elementor-widget-container\">\n\t\t\t\t\t\t\t<h2><span style=\"color: #ff0000;\">Dynamometer 250i<\/span><\/h2>\t\t\t\t\t\t<\/div>\n\t\t\t\t<\/div>\n\t\t\t\t\t<\/div>\n\t\t<\/div>\n\t\t\t\t\t<\/div>\n\t\t<\/section>\n\t\t\t\t<section class=\"elementor-section elementor-top-section elementor-element elementor-element-5ee9f72 elementor-section-full_width elementor-section-height-default elementor-section-height-default\" data-id=\"5ee9f72\" data-element_type=\"section\">\n\t\t\t\t\t\t<div class=\"elementor-container elementor-column-gap-default\">\n\t\t\t\t\t<div class=\"elementor-column elementor-col-50 elementor-top-column elementor-element elementor-element-3a84b51\" data-id=\"3a84b51\" data-element_type=\"column\">\n\t\t\t<div class=\"elementor-widget-wrap elementor-element-populated\">\n\t\t\t\t\t\t<div class=\"elementor-element elementor-element-2b8636c elementor-widget elementor-widget-text-editor\" data-id=\"2b8636c\" data-element_type=\"widget\" data-widget_type=\"text-editor.default\">\n\t\t\t\t<div class=\"elementor-widget-container\">\n\t\t\t\t\t\t\t<p style=\"text-align: justify;\">Der 250i Pr\u00fcfstand ist das Ergebnis jahrelanger Entwicklung und Erfahrung mit \u00fcber 6000 verbauten Einheiten in Pr\u00fcfstandsr\u00e4umen weltweit. Das Design ist auf leichte Bedienbarkeit ausgelegt und bietet die Funktionalit\u00e4t feste Lastzust\u00e4nde zu simulieren.<\/p><p style=\"text-align: justify;\">Dynojets 250i Pr\u00fcfstand nutzt die neueste Wirbelstrombremsen-Technologie, die \u2013 kombiniert mit unserer leicht zu bedienenden Software \u2013 jedem Techniker erm\u00f6glicht, wiederholbare und wiederholgenaue Ergebnisse zu erzielen. Das System gibt dem Bediener die M\u00f6glichkeit Motordrehzahl oder Fahrzeuggeschwindigkeit bei jeder beliebigen Drosselklappenstellung zu kontrollieren. Mithilfe unseres einzigartigen Closed-Loop Software Designs wird das Fahrzeug automatisch im von ihnen voreingestellten Lastzustand festgehalten.<\/p><p style=\"text-align: justify;\">Die Dynoware RT Elektronik und Power Core Software bietet Ihnen mehr Kontrolle, mehr M\u00f6glichkeiten und h\u00f6here Datenaufl\u00f6sung f\u00fcr \u00fcberlegenes Tuning<\/p>\t\t\t\t\t\t<\/div>\n\t\t\t\t<\/div>\n\t\t\t\t\t<\/div>\n\t\t<\/div>\n\t\t\t\t<div class=\"elementor-column elementor-col-50 elementor-top-column elementor-element elementor-element-1b99caf\" data-id=\"1b99caf\" data-element_type=\"column\">\n\t\t\t<div class=\"elementor-widget-wrap elementor-element-populated\">\n\t\t\t\t\t\t<div class=\"elementor-element elementor-element-76f90fe elementor-widget elementor-widget-image\" data-id=\"76f90fe\" data-element_type=\"widget\" data-widget_type=\"image.default\">\n\t\t\t\t<div class=\"elementor-widget-container\">\n\t\t\t\t\t\t\t\t\t\t\t\t\t<img fetchpriority=\"high\" decoding=\"async\" width=\"409\" height=\"300\" src=\"https:\/\/dynojet-powervision.de\/de\/wp-content\/uploads\/2016\/01\/powersports_and_automotive_dynoware_rt.jpg\" class=\"attachment-large size-large wp-image-298\" alt=\"\" srcset=\"https:\/\/dynojet-powervision.de\/de\/wp-content\/uploads\/2016\/01\/powersports_and_automotive_dynoware_rt.jpg 409w, https:\/\/dynojet-powervision.de\/de\/wp-content\/uploads\/2016\/01\/powersports_and_automotive_dynoware_rt-300x220.jpg 300w, https:\/\/dynojet-powervision.de\/de\/wp-content\/uploads\/2016\/01\/powersports_and_automotive_dynoware_rt-150x110.jpg 150w\" sizes=\"(max-width: 409px) 100vw, 409px\" \/>\t\t\t\t\t\t\t\t\t\t\t\t\t<\/div>\n\t\t\t\t<\/div>\n\t\t\t\t\t<\/div>\n\t\t<\/div>\n\t\t\t\t\t<\/div>\n\t\t<\/section>\n\t\t\t\t<section class=\"elementor-section elementor-top-section elementor-element elementor-element-dd41189 elementor-section-full_width elementor-section-height-default elementor-section-height-default\" data-id=\"dd41189\" data-element_type=\"section\">\n\t\t\t\t\t\t<div class=\"elementor-container elementor-column-gap-default\">\n\t\t\t\t\t<div class=\"elementor-column elementor-col-100 elementor-top-column elementor-element elementor-element-30cbe1e\" data-id=\"30cbe1e\" data-element_type=\"column\">\n\t\t\t<div class=\"elementor-widget-wrap elementor-element-populated\">\n\t\t\t\t\t\t<div class=\"elementor-element elementor-element-bf3676a elementor-widget elementor-widget-text-editor\" data-id=\"bf3676a\" data-element_type=\"widget\" data-widget_type=\"text-editor.default\">\n\t\t\t\t<div class=\"elementor-widget-container\">\n\t\t\t\t\t\t\t<h3>Sie m\u00f6chten mehr Informationen zum Dynamometer 250i?<\/h3><p>Senden Sie uns eine E-Mail \u00fcber das Kontaktformular:<\/p>\t\t\t\t\t\t<\/div>\n\t\t\t\t<\/div>\n\t\t\t\t\t<\/div>\n\t\t<\/div>\n\t\t\t\t\t<\/div>\n\t\t<\/section>\n\t\t\t\t<section class=\"elementor-section elementor-top-section elementor-element elementor-element-429e7f9 elementor-section-full_width elementor-section-height-default elementor-section-height-default\" data-id=\"429e7f9\" data-element_type=\"section\">\n\t\t\t\t\t\t<div class=\"elementor-container elementor-column-gap-default\">\n\t\t\t\t\t<div class=\"elementor-column elementor-col-100 elementor-top-column elementor-element elementor-element-91cd50d\" data-id=\"91cd50d\" data-element_type=\"column\">\n\t\t\t<div class=\"elementor-widget-wrap elementor-element-populated\">\n\t\t\t\t\t\t<div class=\"elementor-element elementor-element-510a170 elementor-widget elementor-widget-shortcode\" data-id=\"510a170\" data-element_type=\"widget\" data-widget_type=\"shortcode.default\">\n\t\t\t\t<div class=\"elementor-widget-container\">\n\t\t\t\t\t<div class=\"elementor-shortcode\">\n<div class=\"wpcf7 no-js\" id=\"wpcf7-f4-o1\" lang=\"de-DE\" dir=\"ltr\">\n<div class=\"screen-reader-response\"><p role=\"status\" aria-live=\"polite\" aria-atomic=\"true\"><\/p> <ul><\/ul><\/div>\n<form action=\"\/de\/wp-json\/wp\/v2\/pages\/291#wpcf7-f4-o1\" method=\"post\" class=\"wpcf7-form init\" aria-label=\"Kontaktformular\" novalidate=\"novalidate\" data-status=\"init\">\n<div style=\"display: none;\">\n<input type=\"hidden\" name=\"_wpcf7\" value=\"4\" \/>\n<input type=\"hidden\" name=\"_wpcf7_version\" value=\"5.9\" \/>\n<input type=\"hidden\" name=\"_wpcf7_locale\" value=\"de_DE\" \/>\n<input type=\"hidden\" name=\"_wpcf7_unit_tag\" value=\"wpcf7-f4-o1\" \/>\n<input type=\"hidden\" name=\"_wpcf7_container_post\" value=\"0\" \/>\n<input type=\"hidden\" name=\"_wpcf7_posted_data_hash\" value=\"\" \/>\n<\/div>\n<p>Ihr Name*\n<\/p>\n<p><span class=\"wpcf7-form-control-wrap\" data-name=\"your-name\"><input size=\"40\" class=\"wpcf7-form-control wpcf7-text wpcf7-validates-as-required\" aria-required=\"true\" aria-invalid=\"false\" value=\"\" type=\"text\" name=\"your-name\" \/><\/span>\n<\/p>\n<p>Ihre E-Mail-Adresse*\n<\/p>\n<p><span class=\"wpcf7-form-control-wrap\" data-name=\"your-email\"><input size=\"40\" class=\"wpcf7-form-control wpcf7-email wpcf7-validates-as-required wpcf7-text wpcf7-validates-as-email\" aria-required=\"true\" aria-invalid=\"false\" value=\"\" type=\"email\" name=\"your-email\" \/><\/span>\n<\/p>\n<p>Ihre Telefonnummer*\n<\/p>\n<p><span class=\"wpcf7-form-control-wrap\" data-name=\"telefon\"><input size=\"40\" class=\"wpcf7-form-control wpcf7-text wpcf7-validates-as-required\" aria-required=\"true\" aria-invalid=\"false\" value=\"\" type=\"text\" name=\"telefon\" \/><\/span>\n<\/p>\n<p>Betreff*\n<\/p>\n<p><span class=\"wpcf7-form-control-wrap\" data-name=\"your-subject\"><input size=\"40\" class=\"wpcf7-form-control wpcf7-text wpcf7-validates-as-required\" aria-required=\"true\" aria-invalid=\"false\" value=\"\" type=\"text\" name=\"your-subject\" \/><\/span>\n<\/p>\n<p>Ihre Nachricht*\n<\/p>\n<p><span class=\"wpcf7-form-control-wrap\" data-name=\"your-message\"><textarea cols=\"40\" rows=\"10\" class=\"wpcf7-form-control wpcf7-textarea wpcf7-validates-as-required\" aria-required=\"true\" aria-invalid=\"false\" name=\"your-message\"><\/textarea><\/span>\n<\/p>\n<p>Die Datenschutzerkl\u00e4rung habe ich zur Kenntnis genommen: <span class=\"wpcf7-form-control-wrap\" data-name=\"acceptance-890\"><span class=\"wpcf7-form-control wpcf7-acceptance\"><span class=\"wpcf7-list-item\"><label><input type=\"checkbox\" name=\"acceptance-890\" value=\"1\" aria-invalid=\"false\" \/><span class=\"wpcf7-list-item-label\">ja<\/span><\/label><\/span><\/span><\/span>\n<\/p>\n<p><input class=\"wpcf7-form-control wpcf7-submit has-spinner\" type=\"submit\" value=\"Senden\" \/>\n<\/p><div class=\"wpcf7-response-output\" aria-hidden=\"true\"><\/div>\n<\/form>\n<\/div>\n<\/div>\n\t\t\t\t<\/div>\n\t\t\t\t<\/div>\n\t\t\t\t\t<\/div>\n\t\t<\/div>\n\t\t\t\t\t<\/div>\n\t\t<\/section>\n\t\t\t\t<section class=\"elementor-section elementor-top-section elementor-element elementor-element-642cf94 elementor-section-full_width elementor-section-height-default elementor-section-height-default\" data-id=\"642cf94\" data-element_type=\"section\">\n\t\t\t\t\t\t<div class=\"elementor-container elementor-column-gap-default\">\n\t\t\t\t\t<div class=\"elementor-column elementor-col-100 elementor-top-column elementor-element elementor-element-b431150\" data-id=\"b431150\" data-element_type=\"column\">\n\t\t\t<div class=\"elementor-widget-wrap elementor-element-populated\">\n\t\t\t\t\t\t<div class=\"elementor-element elementor-element-f0498e9 elementor-widget elementor-widget-text-editor\" data-id=\"f0498e9\" data-element_type=\"widget\" data-widget_type=\"text-editor.default\">\n\t\t\t\t<div class=\"elementor-widget-container\">\n\t\t\t\t\t\t\t<p style=\"text-align: justify;\"><strong>Standard Features und Ausstattung (Modell zur ebenerdigen Aufstellung)<\/strong><\/p><ul><li style=\"text-align: justify;\">Me\u00dfleistung bis 750 PS und 320km\/h<\/li><li style=\"text-align: justify;\">Wirbelstrombremse<\/li><li style=\"text-align: justify;\">pulverbeschichteter Rahmen, Radstandkapazit\u00e4t bis 2100mm (Abstand hintere Radachse bis Vorderrad)<\/li><li style=\"text-align: justify;\">Neues PowerCore Software Paket mit WinPEP 8 (PC, Monitor, Drucker , etc. sind nicht enthalten)<\/li><li style=\"text-align: justify;\">Neue Dyno Ware RT Pr\u00fcfstandselektronik und Hardware<\/li><li style=\"text-align: justify;\">Integrierter Bedienstand mit Konsole<\/li><li style=\"text-align: justify;\">Kabelsatz f\u00fcr induktiven Drehzahlabgriff an den Z\u00fcndkabeln<\/li><li style=\"text-align: justify;\">Vorderrad-Klemme<\/li><li style=\"text-align: justify;\">2 Me\u00dfkan\u00e4le f\u00fcr Automatische Messung der Umgebungsbedingungen (absoluter Luftdruck, Lufttemperatur, Luftfeuchtigkeit). 1 Sensor wird mitgeliefert<\/li><li style=\"text-align: justify;\">4 analoge Eingangskan\u00e4le f\u00fcr 0-5V Sensoren (Sensoren und Kabel sind nicht enthalten)<\/li><li style=\"text-align: justify;\">14 Erweiterungskan\u00e4le f\u00fcr Dyno Ware RT Zubeh\u00f6r und DJ-CAN Ger\u00e4te (wie z.B. Power Commander, Power Vision, Autotune, etc.)<\/li><li style=\"text-align: justify;\">Starter System zum Antrieb der Pr\u00fcfstandsrolle (12V, Batterie ist nicht enthalten)<\/li><li style=\"text-align: justify;\">Installations- und Bedienungsanleitung<\/li><li style=\"text-align: justify;\">1 Jahr Garantie auf Ersatzteile<\/li><li style=\"text-align: justify;\">Technischer Support<\/li><\/ul><p><strong>Standard Features und Ausstattung (Modell zur Einlassung in den Boden)<\/strong><\/p><ul><li>Me\u00dfleistung bis 750 PS und 320km\/h<\/li><li>Wirbelstrombremse<\/li><li>Neues PowerCore Software Paket mit WinPEP 8 (PC, Monitor, Drucker , etc. sind nicht enthalten)<\/li><li>Neue Dyno Ware RT Pr\u00fcfstandselektronik und Hardware<\/li><li>Integrierter Bedienstand mit Konsole<\/li><li>Kabelsatz f\u00fcr induktiven Drehzahlabgriff an den Z\u00fcndkabeln<\/li><li>Vorderrad-Klemme mit motorbetriebenem Schlitten zur Radstandseinstellung mittels Drucktaster<\/li><li>2 Me\u00dfkan\u00e4le f\u00fcr Automatische Messung der Umgebungsbedingungen (absoluter Luftdruck, Lufttemperatur, Luftfeuchtigkeit). 1 Sensor wird mitgeliefert<\/li><li>4 analoge Eingangskan\u00e4le f\u00fcr 0-5V Sensoren (Sensoren und Kabel sind nicht enthalten)<\/li><li>14 Erweiterungskan\u00e4le f\u00fcr Dyno Ware RT Zubeh\u00f6r und DJ-CAN Ger\u00e4te (wie z.B. Power Commander, Power Vision, Autotune, etc.)<\/li><li>Starter System zum Antrieb der Pr\u00fcfstandsrolle (12V, Batterie ist nicht enthalten)<\/li><li>kompaktes Design erlaubt die Verwendung einer kleineren Bodenwanne<\/li><li>Abdeckungen f\u00fcr die Bodenwanne<\/li><li>Installations- und Bedienungsanleitung<\/li><li>1 Jahr Garantie auf Ersatzteile<\/li><li>Technischer Support<\/li><\/ul>\t\t\t\t\t\t<\/div>\n\t\t\t\t<\/div>\n\t\t\t\t\t<\/div>\n\t\t<\/div>\n\t\t\t\t\t<\/div>\n\t\t<\/section>\n\t\t\t\t<\/div>\n\t\t","protected":false},"excerpt":{"rendered":"<p>Dynamometer 250i Der 250i Pr\u00fcfstand ist das Ergebnis jahrelanger Entwicklung und Erfahrung mit \u00fcber 6000 verbauten Einheiten in Pr\u00fcfstandsr\u00e4umen weltweit. Das Design ist auf leichte Bedienbarkeit ausgelegt und bietet die Funktionalit\u00e4t feste Lastzust\u00e4nde zu simulieren. Dynojets 250i Pr\u00fcfstand nutzt die neueste Wirbelstrombremsen-Technologie, die \u2013 kombiniert mit unserer leicht zu bedienenden Software \u2013 jedem Techniker erm\u00f6glicht, &#8230; <a title=\"Dynamometer 250i\" class=\"read-more\" href=\"https:\/\/dynojet-powervision.de\/de\/dynamometer-250i\/\" aria-label=\"Mehr Informationen \u00fcber Dynamometer 250i\">Weiterlesen<\/a><\/p>\n","protected":false},"author":1,"featured_media":0,"parent":0,"menu_order":3,"comment_status":"closed","ping_status":"closed","template":"","meta":{"footnotes":"","_links_to":"","_links_to_target":""},"class_list":["post-291","page","type-page","status-publish"],"aioseo_notices":[],"_links":{"self":[{"href":"https:\/\/dynojet-powervision.de\/de\/wp-json\/wp\/v2\/pages\/291","targetHints":{"allow":["GET"]}}],"collection":[{"href":"https:\/\/dynojet-powervision.de\/de\/wp-json\/wp\/v2\/pages"}],"about":[{"href":"https:\/\/dynojet-powervision.de\/de\/wp-json\/wp\/v2\/types\/page"}],"author":[{"embeddable":true,"href":"https:\/\/dynojet-powervision.de\/de\/wp-json\/wp\/v2\/users\/1"}],"replies":[{"embeddable":true,"href":"https:\/\/dynojet-powervision.de\/de\/wp-json\/wp\/v2\/comments?post=291"}],"version-history":[{"count":41,"href":"https:\/\/dynojet-powervision.de\/de\/wp-json\/wp\/v2\/pages\/291\/revisions"}],"predecessor-version":[{"id":1098,"href":"https:\/\/dynojet-powervision.de\/de\/wp-json\/wp\/v2\/pages\/291\/revisions\/1098"}],"wp:attachment":[{"href":"https:\/\/dynojet-powervision.de\/de\/wp-json\/wp\/v2\/media?parent=291"}],"curies":[{"name":"wp","href":"https:\/\/api.w.org\/{rel}","templated":true}]}}