{"id":34,"date":"2015-06-09T14:20:15","date_gmt":"2015-06-09T12:20:15","guid":{"rendered":"http:\/\/dynojet-powervision.de\/de\/?page_id=34"},"modified":"2020-11-14T14:44:03","modified_gmt":"2020-11-14T13:44:03","slug":"powervision","status":"publish","type":"page","link":"https:\/\/dynojet-powervision.de\/de\/infos\/powervision\/","title":{"rendered":"Power Vision"},"content":{"rendered":"\t\t<div data-elementor-type=\"wp-page\" data-elementor-id=\"34\" class=\"elementor elementor-34\">\n\t\t\t\t\t\t<section class=\"elementor-section elementor-top-section elementor-element elementor-element-68b8dbd elementor-section-full_width elementor-section-stretched elementor-section-height-default elementor-section-height-default\" data-id=\"68b8dbd\" data-element_type=\"section\" data-settings=\"{&quot;stretch_section&quot;:&quot;section-stretched&quot;}\">\n\t\t\t\t\t\t<div class=\"elementor-container elementor-column-gap-default\">\n\t\t\t\t\t<div class=\"elementor-column elementor-col-100 elementor-top-column elementor-element elementor-element-3e1342c\" data-id=\"3e1342c\" data-element_type=\"column\">\n\t\t\t<div class=\"elementor-widget-wrap elementor-element-populated\">\n\t\t\t\t\t\t<div class=\"elementor-element elementor-element-cebc413 elementor-widget-divider--view-line elementor-widget elementor-widget-divider\" data-id=\"cebc413\" data-element_type=\"widget\" data-widget_type=\"divider.default\">\n\t\t\t\t<div class=\"elementor-widget-container\">\n\t\t\t\t\t<div class=\"elementor-divider\">\n\t\t\t<span class=\"elementor-divider-separator\">\n\t\t\t\t\t\t<\/span>\n\t\t<\/div>\n\t\t\t\t<\/div>\n\t\t\t\t<\/div>\n\t\t\t\t\t<\/div>\n\t\t<\/div>\n\t\t\t\t\t<\/div>\n\t\t<\/section>\n\t\t\t\t<section class=\"elementor-section elementor-top-section elementor-element elementor-element-cb032c4 elementor-section-full_width elementor-section-height-default elementor-section-height-default\" data-id=\"cb032c4\" data-element_type=\"section\">\n\t\t\t\t\t\t<div class=\"elementor-container elementor-column-gap-no\">\n\t\t\t\t\t<div class=\"elementor-column elementor-col-100 elementor-top-column elementor-element elementor-element-676798e\" data-id=\"676798e\" data-element_type=\"column\">\n\t\t\t<div class=\"elementor-widget-wrap elementor-element-populated\">\n\t\t\t\t\t\t<div class=\"elementor-element elementor-element-c7d83ad elementor-widget elementor-widget-image\" data-id=\"c7d83ad\" data-element_type=\"widget\" data-widget_type=\"image.default\">\n\t\t\t\t<div class=\"elementor-widget-container\">\n\t\t\t\t\t\t\t\t\t\t\t\t\t<img decoding=\"async\" src=\"https:\/\/dynojet-powervision.de\/de\/wp-content\/uploads\/2020\/11\/powervision-site-header.jpg\" title=\"powervision-site-header\" alt=\"powervision-site-header\" loading=\"lazy\" \/>\t\t\t\t\t\t\t\t\t\t\t\t\t<\/div>\n\t\t\t\t<\/div>\n\t\t\t\t\t<\/div>\n\t\t<\/div>\n\t\t\t\t\t<\/div>\n\t\t<\/section>\n\t\t\t\t<section class=\"elementor-section elementor-top-section elementor-element elementor-element-e78d965 elementor-section-boxed elementor-section-height-default elementor-section-height-default\" data-id=\"e78d965\" data-element_type=\"section\">\n\t\t\t\t\t\t<div class=\"elementor-container elementor-column-gap-default\">\n\t\t\t\t\t<div class=\"elementor-column elementor-col-100 elementor-top-column elementor-element elementor-element-2064ac4\" data-id=\"2064ac4\" data-element_type=\"column\">\n\t\t\t<div class=\"elementor-widget-wrap elementor-element-populated\">\n\t\t\t\t\t\t<div class=\"elementor-element elementor-element-36d42be elementor-widget elementor-widget-spacer\" data-id=\"36d42be\" data-element_type=\"widget\" data-widget_type=\"spacer.default\">\n\t\t\t\t<div class=\"elementor-widget-container\">\n\t\t\t\t\t<div class=\"elementor-spacer\">\n\t\t\t<div class=\"elementor-spacer-inner\"><\/div>\n\t\t<\/div>\n\t\t\t\t<\/div>\n\t\t\t\t<\/div>\n\t\t\t\t\t<\/div>\n\t\t<\/div>\n\t\t\t\t\t<\/div>\n\t\t<\/section>\n\t\t\t\t<section class=\"elementor-section elementor-top-section elementor-element elementor-element-496da84 elementor-section-full_width elementor-section-height-default elementor-section-height-default\" data-id=\"496da84\" data-element_type=\"section\">\n\t\t\t\t\t\t<div class=\"elementor-container elementor-column-gap-default\">\n\t\t\t\t\t<div class=\"elementor-column elementor-col-100 elementor-top-column elementor-element elementor-element-8779efb\" data-id=\"8779efb\" data-element_type=\"column\">\n\t\t\t<div class=\"elementor-widget-wrap elementor-element-populated\">\n\t\t\t\t\t\t<div class=\"elementor-element elementor-element-d92bdc2 elementor-widget elementor-widget-text-editor\" data-id=\"d92bdc2\" data-element_type=\"widget\" data-widget_type=\"text-editor.default\">\n\t\t\t\t<div class=\"elementor-widget-container\">\n\t\t\t\t\t\t\t<h2><span style=\"color: #ff0000;\">Dynojet Power Vision<\/span><\/h2>\t\t\t\t\t\t<\/div>\n\t\t\t\t<\/div>\n\t\t\t\t\t<\/div>\n\t\t<\/div>\n\t\t\t\t\t<\/div>\n\t\t<\/section>\n\t\t\t\t<section class=\"elementor-section elementor-top-section elementor-element elementor-element-d247955 elementor-section-full_width elementor-section-height-default elementor-section-height-default\" data-id=\"d247955\" data-element_type=\"section\">\n\t\t\t\t\t\t<div class=\"elementor-container elementor-column-gap-default\">\n\t\t\t\t\t<div class=\"elementor-column elementor-col-50 elementor-top-column elementor-element elementor-element-9ebf3cb\" data-id=\"9ebf3cb\" data-element_type=\"column\">\n\t\t\t<div class=\"elementor-widget-wrap elementor-element-populated\">\n\t\t\t\t\t\t<div class=\"elementor-element elementor-element-02f628a elementor-widget elementor-widget-text-editor\" data-id=\"02f628a\" data-element_type=\"widget\" data-widget_type=\"text-editor.default\">\n\t\t\t\t<div class=\"elementor-widget-container\">\n\t\t\t\t\t\t\t<h4 class=\"st-callout-title \">Fit for Delphi!<\/h4><p style=\"padding-left: 40px;\">Das perfekte Performance Tuning Tool f\u00fcr Harley-Davidson\u00ae\u00a0 Modelle mit Delphi Kraftstoffeinspritzung. (Alle Modelle ab Baujahr 2001!)<\/p><h4 class=\"st-callout-title \">Flash-Technik!<\/h4><p style=\"padding-left: 40px;\">Dynojet Power Vision ist ein Flash Tuner und erm\u00f6glicht die direkte Neuprogrammierung\u00a0 des original Motorsteuerger\u00e4tes (ECM). Das Reflashen des ECM wird mit dem Display vorgenommen. Bis zu 8 Datens\u00e4tze k\u00f6nnen gespeichert und jederzeit auf das ECM \u00fcbertragen werden.* Eine Verbindung zu einem Computer ist nicht erforderlich!<\/p><h4 class=\"st-callout-title \">Sehen was l\u00e4uft!<\/h4><p style=\"padding-left: 40px;\">Dynojet Power Vision dient auch zur Datenerfassung. Sensible Motorparameter k\u00f6nnen w\u00e4hrend der Fahrt am Display \u00fcberwacht und auch zur sp\u00e4teren Auswertung gespeichert werden!*<\/p>\t\t\t\t\t\t<\/div>\n\t\t\t\t<\/div>\n\t\t\t\t\t<\/div>\n\t\t<\/div>\n\t\t\t\t<div class=\"elementor-column elementor-col-50 elementor-top-column elementor-element elementor-element-cd39e30\" data-id=\"cd39e30\" data-element_type=\"column\">\n\t\t\t<div class=\"elementor-widget-wrap elementor-element-populated\">\n\t\t\t\t\t\t<div class=\"elementor-element elementor-element-8a4dca8 elementor-arrows-position-inside elementor-pagination-position-outside elementor-widget elementor-widget-image-carousel\" data-id=\"8a4dca8\" data-element_type=\"widget\" data-settings=\"{&quot;slides_to_show&quot;:&quot;1&quot;,&quot;navigation&quot;:&quot;both&quot;,&quot;autoplay&quot;:&quot;yes&quot;,&quot;pause_on_hover&quot;:&quot;yes&quot;,&quot;pause_on_interaction&quot;:&quot;yes&quot;,&quot;autoplay_speed&quot;:5000,&quot;infinite&quot;:&quot;yes&quot;,&quot;effect&quot;:&quot;slide&quot;,&quot;speed&quot;:500}\" data-widget_type=\"image-carousel.default\">\n\t\t\t\t<div class=\"elementor-widget-container\">\n\t\t\t\t\t<div class=\"elementor-image-carousel-wrapper swiper-container\" dir=\"ltr\">\n\t\t\t<div class=\"elementor-image-carousel swiper-wrapper\" aria-live=\"off\">\n\t\t\t\t\t\t\t\t<div class=\"swiper-slide\" role=\"group\" aria-roledescription=\"slide\" aria-label=\"1 von 3\"><figure class=\"swiper-slide-inner\"><img decoding=\"async\" class=\"swiper-slide-image\" src=\"https:\/\/dynojet-powervision.de\/de\/wp-content\/uploads\/2020\/11\/PV-1B_01-1024x732.jpg\" alt=\"PV-1B_01\" \/><\/figure><\/div><div class=\"swiper-slide\" role=\"group\" aria-roledescription=\"slide\" aria-label=\"2 von 3\"><figure class=\"swiper-slide-inner\"><img decoding=\"async\" class=\"swiper-slide-image\" src=\"https:\/\/dynojet-powervision.de\/de\/wp-content\/uploads\/2020\/11\/PV-1B_06-1024x732.jpg\" alt=\"PV-1B_06\" \/><\/figure><\/div><div class=\"swiper-slide\" role=\"group\" aria-roledescription=\"slide\" aria-label=\"3 von 3\"><figure class=\"swiper-slide-inner\"><img decoding=\"async\" class=\"swiper-slide-image\" src=\"https:\/\/dynojet-powervision.de\/de\/wp-content\/uploads\/2020\/11\/PV-2B_03-1024x731.jpg\" alt=\"PV-2B_03\" \/><\/figure><\/div>\t\t\t<\/div>\n\t\t\t\t\t\t\t\t\t\t\t\t<div class=\"elementor-swiper-button elementor-swiper-button-prev\" role=\"button\" tabindex=\"0\">\n\t\t\t\t\t\t<i aria-hidden=\"true\" class=\"eicon-chevron-left\"><\/i>\t\t\t\t\t<\/div>\n\t\t\t\t\t<div class=\"elementor-swiper-button elementor-swiper-button-next\" role=\"button\" tabindex=\"0\">\n\t\t\t\t\t\t<i aria-hidden=\"true\" class=\"eicon-chevron-right\"><\/i>\t\t\t\t\t<\/div>\n\t\t\t\t\n\t\t\t\t\t\t\t\t\t<div class=\"swiper-pagination\"><\/div>\n\t\t\t\t\t\t\t\t\t<\/div>\n\t\t\t\t<\/div>\n\t\t\t\t<\/div>\n\t\t\t\t\t<\/div>\n\t\t<\/div>\n\t\t\t\t\t<\/div>\n\t\t<\/section>\n\t\t\t\t<section class=\"elementor-section elementor-top-section elementor-element elementor-element-6820fee elementor-section-full_width elementor-section-height-default elementor-section-height-default\" data-id=\"6820fee\" data-element_type=\"section\">\n\t\t\t\t\t\t<div class=\"elementor-container elementor-column-gap-default\">\n\t\t\t\t\t<div class=\"elementor-column elementor-col-100 elementor-top-column elementor-element elementor-element-272b1eb\" data-id=\"272b1eb\" data-element_type=\"column\">\n\t\t\t<div class=\"elementor-widget-wrap elementor-element-populated\">\n\t\t\t\t\t\t<div class=\"elementor-element elementor-element-0eb7788 elementor-widget elementor-widget-text-editor\" data-id=\"0eb7788\" data-element_type=\"widget\" data-widget_type=\"text-editor.default\">\n\t\t\t\t<div class=\"elementor-widget-container\">\n\t\t\t\t\t\t\t<h4 class=\"st-callout-title \">Simple!<\/h4><p style=\"padding-left: 40px;\">Touch Screen, intuitive Men\u00fcf\u00fchrung, Download-M\u00f6glichkeiten des original Harley-Davidson\u00ae Datensatzes \u2013 das Dynojet Power Vision ist denkbar einfach und vielseitig zu bedienen.<\/p><h4>Features im \u00dcberblick:<\/h4><ul><li>Modifikationsm\u00f6glichkeiten aller Harley- Davidson\u00ae Modelle mit Delphi\u00a0 Kraftstoffeinspritzung!<\/li><li>Alle Daten k\u00f6nnen \u00fcberwacht werden! (J1850 Schnittstelle &amp; CAN-Bus \u00fcber vorhandenen Diagnose-Stecker)<\/li><li>\u00dcberpr\u00fcfung und L\u00f6schen der Fehlercodes m\u00f6glich!<\/li><li>R\u00fccksetzen adaptiver Fueltrims und Idle offset!<\/li><li>Computerverbindung nicht erforderlich!*<\/li><li>Integration der Wide Band Commander 2 (Auto Tune) Daten, falls montiert! (Nicht im Lieferumfang enthalten.)<\/li><\/ul><p>* Vorausgesetzt, das Power Vision ist am Fahrzeug montiert! Eine dauerhafte Montage des Displays ist NICHT erforderlich!<\/p>\t\t\t\t\t\t<\/div>\n\t\t\t\t<\/div>\n\t\t\t\t\t<\/div>\n\t\t<\/div>\n\t\t\t\t\t<\/div>\n\t\t<\/section>\n\t\t\t\t<\/div>\n\t\t","protected":false},"excerpt":{"rendered":"<p>Dynojet Power Vision Fit for Delphi! Das perfekte Performance Tuning Tool f\u00fcr Harley-Davidson\u00ae\u00a0 Modelle mit Delphi Kraftstoffeinspritzung. (Alle Modelle ab Baujahr 2001!) Flash-Technik! Dynojet Power Vision ist ein Flash Tuner und erm\u00f6glicht die direkte Neuprogrammierung\u00a0 des original Motorsteuerger\u00e4tes (ECM). Das Reflashen des ECM wird mit dem Display vorgenommen. Bis zu 8 Datens\u00e4tze k\u00f6nnen gespeichert und &#8230; <a title=\"Power Vision\" class=\"read-more\" href=\"https:\/\/dynojet-powervision.de\/de\/infos\/powervision\/\" aria-label=\"Mehr Informationen \u00fcber Power Vision\">Weiterlesen<\/a><\/p>\n","protected":false},"author":1,"featured_media":0,"parent":32,"menu_order":1,"comment_status":"closed","ping_status":"closed","template":"","meta":{"footnotes":"","_links_to":"","_links_to_target":""},"class_list":["post-34","page","type-page","status-publish"],"aioseo_notices":[],"_links":{"self":[{"href":"https:\/\/dynojet-powervision.de\/de\/wp-json\/wp\/v2\/pages\/34","targetHints":{"allow":["GET"]}}],"collection":[{"href":"https:\/\/dynojet-powervision.de\/de\/wp-json\/wp\/v2\/pages"}],"about":[{"href":"https:\/\/dynojet-powervision.de\/de\/wp-json\/wp\/v2\/types\/page"}],"author":[{"embeddable":true,"href":"https:\/\/dynojet-powervision.de\/de\/wp-json\/wp\/v2\/users\/1"}],"replies":[{"embeddable":true,"href":"https:\/\/dynojet-powervision.de\/de\/wp-json\/wp\/v2\/comments?post=34"}],"version-history":[{"count":42,"href":"https:\/\/dynojet-powervision.de\/de\/wp-json\/wp\/v2\/pages\/34\/revisions"}],"predecessor-version":[{"id":1005,"href":"https:\/\/dynojet-powervision.de\/de\/wp-json\/wp\/v2\/pages\/34\/revisions\/1005"}],"up":[{"embeddable":true,"href":"https:\/\/dynojet-powervision.de\/de\/wp-json\/wp\/v2\/pages\/32"}],"wp:attachment":[{"href":"https:\/\/dynojet-powervision.de\/de\/wp-json\/wp\/v2\/media?parent=34"}],"curies":[{"name":"wp","href":"https:\/\/api.w.org\/{rel}","templated":true}]}}