{"id":38,"date":"2015-06-09T14:21:27","date_gmt":"2015-06-09T12:21:27","guid":{"rendered":"http:\/\/dynojet-powervision.de\/de\/?page_id=38"},"modified":"2020-11-14T14:16:10","modified_gmt":"2020-11-14T13:16:10","slug":"winpv-tuning-applikation","status":"publish","type":"page","link":"https:\/\/dynojet-powervision.de\/de\/infos\/winpv-tuning-applikation\/","title":{"rendered":"WinPV Tuning Applikation"},"content":{"rendered":"\t\t<div data-elementor-type=\"wp-page\" data-elementor-id=\"38\" class=\"elementor elementor-38\">\n\t\t\t\t\t\t<section class=\"elementor-section elementor-top-section elementor-element elementor-element-f577a9f elementor-section-full_width elementor-section-stretched elementor-section-height-default elementor-section-height-default\" data-id=\"f577a9f\" data-element_type=\"section\" data-settings=\"{&quot;stretch_section&quot;:&quot;section-stretched&quot;}\">\n\t\t\t\t\t\t<div class=\"elementor-container elementor-column-gap-default\">\n\t\t\t\t\t<div class=\"elementor-column elementor-col-100 elementor-top-column elementor-element elementor-element-630e667\" data-id=\"630e667\" data-element_type=\"column\">\n\t\t\t<div class=\"elementor-widget-wrap elementor-element-populated\">\n\t\t\t\t\t\t<div class=\"elementor-element elementor-element-8a0be63 elementor-widget-divider--view-line elementor-widget elementor-widget-divider\" data-id=\"8a0be63\" data-element_type=\"widget\" data-widget_type=\"divider.default\">\n\t\t\t\t<div class=\"elementor-widget-container\">\n\t\t\t\t\t<div class=\"elementor-divider\">\n\t\t\t<span class=\"elementor-divider-separator\">\n\t\t\t\t\t\t<\/span>\n\t\t<\/div>\n\t\t\t\t<\/div>\n\t\t\t\t<\/div>\n\t\t\t\t\t<\/div>\n\t\t<\/div>\n\t\t\t\t\t<\/div>\n\t\t<\/section>\n\t\t\t\t<section class=\"elementor-section elementor-top-section elementor-element elementor-element-f3bc5c0 elementor-section-full_width elementor-section-height-default elementor-section-height-default\" data-id=\"f3bc5c0\" data-element_type=\"section\">\n\t\t\t\t\t\t<div class=\"elementor-container elementor-column-gap-no\">\n\t\t\t\t\t<div class=\"elementor-column elementor-col-100 elementor-top-column elementor-element elementor-element-2140dee\" data-id=\"2140dee\" data-element_type=\"column\">\n\t\t\t<div class=\"elementor-widget-wrap elementor-element-populated\">\n\t\t\t\t\t\t<div class=\"elementor-element elementor-element-57430d0 elementor-widget elementor-widget-image\" data-id=\"57430d0\" data-element_type=\"widget\" data-widget_type=\"image.default\">\n\t\t\t\t<div class=\"elementor-widget-container\">\n\t\t\t\t\t\t\t\t\t\t\t\t\t<img decoding=\"async\" src=\"https:\/\/dynojet-powervision.de\/de\/wp-content\/uploads\/2020\/11\/winpv-site-header.jpg\" title=\"winpv-site-header\" alt=\"winpv-site-header\" loading=\"lazy\" \/>\t\t\t\t\t\t\t\t\t\t\t\t\t<\/div>\n\t\t\t\t<\/div>\n\t\t\t\t\t<\/div>\n\t\t<\/div>\n\t\t\t\t\t<\/div>\n\t\t<\/section>\n\t\t\t\t<section class=\"elementor-section elementor-top-section elementor-element elementor-element-50b115d elementor-section-boxed elementor-section-height-default elementor-section-height-default\" data-id=\"50b115d\" data-element_type=\"section\">\n\t\t\t\t\t\t<div class=\"elementor-container elementor-column-gap-default\">\n\t\t\t\t\t<div class=\"elementor-column elementor-col-100 elementor-top-column elementor-element elementor-element-2d08b17\" data-id=\"2d08b17\" data-element_type=\"column\">\n\t\t\t<div class=\"elementor-widget-wrap elementor-element-populated\">\n\t\t\t\t\t\t<div class=\"elementor-element elementor-element-61aa3e3 elementor-widget elementor-widget-spacer\" data-id=\"61aa3e3\" data-element_type=\"widget\" data-widget_type=\"spacer.default\">\n\t\t\t\t<div class=\"elementor-widget-container\">\n\t\t\t\t\t<div class=\"elementor-spacer\">\n\t\t\t<div class=\"elementor-spacer-inner\"><\/div>\n\t\t<\/div>\n\t\t\t\t<\/div>\n\t\t\t\t<\/div>\n\t\t\t\t\t<\/div>\n\t\t<\/div>\n\t\t\t\t\t<\/div>\n\t\t<\/section>\n\t\t\t\t<section class=\"elementor-section elementor-top-section elementor-element elementor-element-0e6c2fa elementor-section-full_width elementor-section-height-default elementor-section-height-default\" data-id=\"0e6c2fa\" data-element_type=\"section\">\n\t\t\t\t\t\t<div class=\"elementor-container elementor-column-gap-default\">\n\t\t\t\t\t<div class=\"elementor-column elementor-col-100 elementor-top-column elementor-element elementor-element-d750f51\" data-id=\"d750f51\" data-element_type=\"column\">\n\t\t\t<div class=\"elementor-widget-wrap elementor-element-populated\">\n\t\t\t\t\t\t<div class=\"elementor-element elementor-element-26313df elementor-widget elementor-widget-text-editor\" data-id=\"26313df\" data-element_type=\"widget\" data-widget_type=\"text-editor.default\">\n\t\t\t\t<div class=\"elementor-widget-container\">\n\t\t\t\t\t\t\t<h3 class=\"entry-title\"><span style=\"color: #ff0000;\">WinPV Tuning Applikation<\/span><\/h3><p>F\u00fcr erfahrene Tuner auf der Suche nach der neuesten technologischen Innovation. Die Power Vision Suite beinhaltet ein hochflexibles Tuning- \/ Datenerfassungsger\u00e4t, sowie eine leistungsstarke Tuninganwendung (WinPV), die im Vergleich zu anderen Anwendungen auf dem Markt sehr benutzerfreundlich ist.<\/p><ul><li>Erm\u00f6glicht das Importieren von Power Commander Maps (<span style=\"color: #ff0000;\">1<\/span>)<\/li><li>Tuningparameter werden in einer klaren und pr\u00e4zisen Weise in einer &#8222;Baumstruktur Ansicht&#8220; dargestellt.<\/li><li>Verschiedene mathematische Funktionen k\u00f6nnen auf \u00e4nderbare Tuningparameter angewandt werden. (addieren\/subtrahieren\/multiplizieren\/dividieren in Tabellenzellen)<\/li><li>Individuelle Tuningparameter k\u00f6nnen in \u201cWerte Dateien\u201d gesichert werden. Die Werte Dateien k\u00f6nnen dann auf andere Einstellungen angewandt werden.<\/li><li>Mehrere mathematische Funktionen k\u00f6nnen auf jeden Wert angewandt werden.<\/li><li>Basic oder professioneller Usermodus, perfekt f\u00fcr Anf\u00e4nger oder erfahrene Tuner.<\/li><li>Gleichzeitiges editieren der vorderen und hinteren Volumeneffizienz und \/ oder Z\u00fcndungstabellen<\/li><li>Vergleichen, Wiederherstellen und r\u00fcckg\u00e4ngig machen Features<\/li><li>Hilfreiche Tuningparameter Beschreibung<\/li><li>Automatischer Updateclient der sicherstellt, dass Sie immer die letzte Version der Anwendung, der Firmware und der Tunedateidatenbank nutzen.<\/li><li>Kompatibel mit Windows XP, Vista und 7<\/li><\/ul><p><span style=\"color: #ff0000;\">1<\/span> Nicht verf\u00fcgbar f\u00fcr Motorr\u00e4der mit elektronischer Drosselklappenkontrolle (ETC).<\/p><h3><span style=\"color: #ff0000;\">Power Vision Software Baumansicht und Werte Dateien<\/span><\/h3><p style=\"text-align: justify;\">Tuningparameter werden in einer klaren und pr\u00e4zisen Weise in einer &#8222;Baumstruktur Ansicht&#8220; dargestellt. Sie zeigt 6 Hauptbereiche f\u00fcr das Tuning an. Die Werte Dateien geben Ihnen die M\u00f6glichkeit individuelle oder mehrere Parameter der Einstellungen als Datei zu speichern. Als Beispiel nehmen wir an, dass Sie bestimmte AFR Werte haben, die Sie immer nutzen oder auch einfach Tabellen mit Z\u00fcndwinkeln. Sie k\u00f6nnen diese Werte ganz einfach speichern und diese dann zu einem sp\u00e4teren Zeitpunkt in andere Einstellungen importieren. Dieses hochflexible Feature spart Ihnen etliche Stunden Zeit f\u00fcr Ihr Tuning ein.<\/p><p>Sehen Sie sich hier Screenshots der Software zu folgenden Themen an: Luftstr\u00f6mung (VE Tabelle),\u00a0Kraftstoff,\u00a0Getriebe,\u00a0Grenzwerte und Schalter,\u00a0Z\u00fcndung,\u00a0Werte Dateien,\u00a0WinPV Values Small<\/p>\t\t\t\t\t\t<\/div>\n\t\t\t\t<\/div>\n\t\t\t\t\t<\/div>\n\t\t<\/div>\n\t\t\t\t\t<\/div>\n\t\t<\/section>\n\t\t\t\t<section class=\"elementor-section elementor-top-section elementor-element elementor-element-71579e5 elementor-section-full_width elementor-section-height-default elementor-section-height-default\" data-id=\"71579e5\" data-element_type=\"section\">\n\t\t\t\t\t\t<div class=\"elementor-container elementor-column-gap-default\">\n\t\t\t\t\t<div class=\"elementor-column elementor-col-100 elementor-top-column elementor-element elementor-element-2b3342c\" data-id=\"2b3342c\" data-element_type=\"column\">\n\t\t\t<div class=\"elementor-widget-wrap elementor-element-populated\">\n\t\t\t\t\t\t<div class=\"elementor-element elementor-element-2b6ec8e elementor-arrows-position-inside elementor-pagination-position-outside elementor-widget elementor-widget-image-carousel\" data-id=\"2b6ec8e\" data-element_type=\"widget\" data-settings=\"{&quot;slides_to_show&quot;:&quot;5&quot;,&quot;navigation&quot;:&quot;both&quot;,&quot;autoplay&quot;:&quot;yes&quot;,&quot;pause_on_hover&quot;:&quot;yes&quot;,&quot;pause_on_interaction&quot;:&quot;yes&quot;,&quot;autoplay_speed&quot;:5000,&quot;infinite&quot;:&quot;yes&quot;,&quot;speed&quot;:500}\" data-widget_type=\"image-carousel.default\">\n\t\t\t\t<div class=\"elementor-widget-container\">\n\t\t\t\t\t<div class=\"elementor-image-carousel-wrapper swiper-container\" dir=\"ltr\">\n\t\t\t<div class=\"elementor-image-carousel swiper-wrapper\" aria-live=\"off\">\n\t\t\t\t\t\t\t\t<div class=\"swiper-slide\" role=\"group\" aria-roledescription=\"slide\" aria-label=\"1 von 5\"><figure class=\"swiper-slide-inner\"><img decoding=\"async\" class=\"swiper-slide-image\" src=\"https:\/\/dynojet-powervision.de\/de\/wp-content\/uploads\/2020\/11\/pv_airflow_lrg-150x150.jpg\" alt=\"pv_airflow_lrg\" \/><\/figure><\/div><div class=\"swiper-slide\" role=\"group\" aria-roledescription=\"slide\" aria-label=\"2 von 5\"><figure class=\"swiper-slide-inner\"><img decoding=\"async\" class=\"swiper-slide-image\" src=\"https:\/\/dynojet-powervision.de\/de\/wp-content\/uploads\/2020\/11\/pv_fuel_lrg-150x150.jpg\" alt=\"pv_fuel_lrg\" \/><\/figure><\/div><div class=\"swiper-slide\" role=\"group\" aria-roledescription=\"slide\" aria-label=\"3 von 5\"><figure class=\"swiper-slide-inner\"><img decoding=\"async\" class=\"swiper-slide-image\" src=\"https:\/\/dynojet-powervision.de\/de\/wp-content\/uploads\/2020\/11\/pv_gear_lrg-150x150.jpg\" alt=\"pv_gear_lrg\" \/><\/figure><\/div><div class=\"swiper-slide\" role=\"group\" aria-roledescription=\"slide\" aria-label=\"4 von 5\"><figure class=\"swiper-slide-inner\"><img decoding=\"async\" class=\"swiper-slide-image\" src=\"https:\/\/dynojet-powervision.de\/de\/wp-content\/uploads\/2020\/11\/pv_limitsAndswitches_lrg-150x150.jpg\" alt=\"pv_limitsAndswitches_lrg\" \/><\/figure><\/div><div class=\"swiper-slide\" role=\"group\" aria-roledescription=\"slide\" aria-label=\"5 von 5\"><figure class=\"swiper-slide-inner\"><img decoding=\"async\" class=\"swiper-slide-image\" src=\"https:\/\/dynojet-powervision.de\/de\/wp-content\/uploads\/2020\/11\/pv_spark_lrg-150x150.jpg\" alt=\"pv_spark_lrg\" \/><\/figure><\/div>\t\t\t<\/div>\n\t\t\t\t\t\t\t\t\t\t\t\t<div class=\"elementor-swiper-button elementor-swiper-button-prev\" role=\"button\" tabindex=\"0\">\n\t\t\t\t\t\t<i aria-hidden=\"true\" class=\"eicon-chevron-left\"><\/i>\t\t\t\t\t<\/div>\n\t\t\t\t\t<div class=\"elementor-swiper-button elementor-swiper-button-next\" role=\"button\" tabindex=\"0\">\n\t\t\t\t\t\t<i aria-hidden=\"true\" class=\"eicon-chevron-right\"><\/i>\t\t\t\t\t<\/div>\n\t\t\t\t\n\t\t\t\t\t\t\t\t\t<div class=\"swiper-pagination\"><\/div>\n\t\t\t\t\t\t\t\t\t<\/div>\n\t\t\t\t<\/div>\n\t\t\t\t<\/div>\n\t\t\t\t\t<\/div>\n\t\t<\/div>\n\t\t\t\t\t<\/div>\n\t\t<\/section>\n\t\t\t\t<\/div>\n\t\t","protected":false},"excerpt":{"rendered":"<p>WinPV Tuning Applikation F\u00fcr erfahrene Tuner auf der Suche nach der neuesten technologischen Innovation. Die Power Vision Suite beinhaltet ein hochflexibles Tuning- \/ Datenerfassungsger\u00e4t, sowie eine leistungsstarke Tuninganwendung (WinPV), die im Vergleich zu anderen Anwendungen auf dem Markt sehr benutzerfreundlich ist. Erm\u00f6glicht das Importieren von Power Commander Maps (1) Tuningparameter werden in einer klaren und &#8230; <a title=\"WinPV Tuning Applikation\" class=\"read-more\" href=\"https:\/\/dynojet-powervision.de\/de\/infos\/winpv-tuning-applikation\/\" aria-label=\"Mehr Informationen \u00fcber WinPV Tuning Applikation\">Weiterlesen<\/a><\/p>\n","protected":false},"author":1,"featured_media":0,"parent":32,"menu_order":3,"comment_status":"closed","ping_status":"closed","template":"","meta":{"footnotes":"","_links_to":"","_links_to_target":""},"class_list":["post-38","page","type-page","status-publish"],"aioseo_notices":[],"_links":{"self":[{"href":"https:\/\/dynojet-powervision.de\/de\/wp-json\/wp\/v2\/pages\/38","targetHints":{"allow":["GET"]}}],"collection":[{"href":"https:\/\/dynojet-powervision.de\/de\/wp-json\/wp\/v2\/pages"}],"about":[{"href":"https:\/\/dynojet-powervision.de\/de\/wp-json\/wp\/v2\/types\/page"}],"author":[{"embeddable":true,"href":"https:\/\/dynojet-powervision.de\/de\/wp-json\/wp\/v2\/users\/1"}],"replies":[{"embeddable":true,"href":"https:\/\/dynojet-powervision.de\/de\/wp-json\/wp\/v2\/comments?post=38"}],"version-history":[{"count":15,"href":"https:\/\/dynojet-powervision.de\/de\/wp-json\/wp\/v2\/pages\/38\/revisions"}],"predecessor-version":[{"id":986,"href":"https:\/\/dynojet-powervision.de\/de\/wp-json\/wp\/v2\/pages\/38\/revisions\/986"}],"up":[{"embeddable":true,"href":"https:\/\/dynojet-powervision.de\/de\/wp-json\/wp\/v2\/pages\/32"}],"wp:attachment":[{"href":"https:\/\/dynojet-powervision.de\/de\/wp-json\/wp\/v2\/media?parent=38"}],"curies":[{"name":"wp","href":"https:\/\/api.w.org\/{rel}","templated":true}]}}