{"id":40,"date":"2015-06-09T14:21:53","date_gmt":"2015-06-09T12:21:53","guid":{"rendered":"http:\/\/dynojet-powervision.de\/de\/?page_id=40"},"modified":"2020-11-14T14:57:42","modified_gmt":"2020-11-14T13:57:42","slug":"spezifikationen-features","status":"publish","type":"page","link":"https:\/\/dynojet-powervision.de\/de\/infos\/spezifikationen-features\/","title":{"rendered":"Spezifikationen \/ Features"},"content":{"rendered":"\t\t<div data-elementor-type=\"wp-page\" data-elementor-id=\"40\" class=\"elementor elementor-40\">\n\t\t\t\t\t\t<section class=\"elementor-section elementor-top-section elementor-element elementor-element-0b8c615 elementor-section-full_width elementor-section-stretched elementor-section-height-default elementor-section-height-default\" data-id=\"0b8c615\" data-element_type=\"section\" data-settings=\"{&quot;stretch_section&quot;:&quot;section-stretched&quot;}\">\n\t\t\t\t\t\t<div class=\"elementor-container elementor-column-gap-default\">\n\t\t\t\t\t<div class=\"elementor-column elementor-col-100 elementor-top-column elementor-element elementor-element-f07ecc9\" data-id=\"f07ecc9\" data-element_type=\"column\">\n\t\t\t<div class=\"elementor-widget-wrap elementor-element-populated\">\n\t\t\t\t\t\t<div class=\"elementor-element elementor-element-9faceac elementor-widget-divider--view-line elementor-widget elementor-widget-divider\" data-id=\"9faceac\" data-element_type=\"widget\" data-widget_type=\"divider.default\">\n\t\t\t\t<div class=\"elementor-widget-container\">\n\t\t\t\t\t<div class=\"elementor-divider\">\n\t\t\t<span class=\"elementor-divider-separator\">\n\t\t\t\t\t\t<\/span>\n\t\t<\/div>\n\t\t\t\t<\/div>\n\t\t\t\t<\/div>\n\t\t\t\t\t<\/div>\n\t\t<\/div>\n\t\t\t\t\t<\/div>\n\t\t<\/section>\n\t\t\t\t<section class=\"elementor-section elementor-top-section elementor-element elementor-element-348660c elementor-section-full_width elementor-section-height-default elementor-section-height-default\" data-id=\"348660c\" data-element_type=\"section\">\n\t\t\t\t\t\t<div class=\"elementor-container elementor-column-gap-no\">\n\t\t\t\t\t<div class=\"elementor-column elementor-col-100 elementor-top-column elementor-element elementor-element-30c8739\" data-id=\"30c8739\" data-element_type=\"column\">\n\t\t\t<div class=\"elementor-widget-wrap elementor-element-populated\">\n\t\t\t\t\t\t<div class=\"elementor-element elementor-element-44808e8 elementor-widget elementor-widget-image\" data-id=\"44808e8\" data-element_type=\"widget\" data-widget_type=\"image.default\">\n\t\t\t\t<div class=\"elementor-widget-container\">\n\t\t\t\t\t\t\t\t\t\t\t\t\t<img decoding=\"async\" src=\"https:\/\/dynojet-powervision.de\/de\/wp-content\/uploads\/2020\/11\/powervision-site-header.jpg\" title=\"powervision-site-header\" alt=\"powervision-site-header\" loading=\"lazy\" \/>\t\t\t\t\t\t\t\t\t\t\t\t\t<\/div>\n\t\t\t\t<\/div>\n\t\t\t\t\t<\/div>\n\t\t<\/div>\n\t\t\t\t\t<\/div>\n\t\t<\/section>\n\t\t\t\t<section class=\"elementor-section elementor-top-section elementor-element elementor-element-6c14dcf elementor-section-boxed elementor-section-height-default elementor-section-height-default\" data-id=\"6c14dcf\" data-element_type=\"section\">\n\t\t\t\t\t\t<div class=\"elementor-container elementor-column-gap-default\">\n\t\t\t\t\t<div class=\"elementor-column elementor-col-100 elementor-top-column elementor-element elementor-element-f16a4b9\" data-id=\"f16a4b9\" data-element_type=\"column\">\n\t\t\t<div class=\"elementor-widget-wrap elementor-element-populated\">\n\t\t\t\t\t\t<div class=\"elementor-element elementor-element-6457fbf elementor-widget elementor-widget-spacer\" data-id=\"6457fbf\" data-element_type=\"widget\" data-widget_type=\"spacer.default\">\n\t\t\t\t<div class=\"elementor-widget-container\">\n\t\t\t\t\t<div class=\"elementor-spacer\">\n\t\t\t<div class=\"elementor-spacer-inner\"><\/div>\n\t\t<\/div>\n\t\t\t\t<\/div>\n\t\t\t\t<\/div>\n\t\t\t\t\t<\/div>\n\t\t<\/div>\n\t\t\t\t\t<\/div>\n\t\t<\/section>\n\t\t\t\t<section class=\"elementor-section elementor-top-section elementor-element elementor-element-21a08fbb elementor-section-boxed elementor-section-height-default elementor-section-height-default\" data-id=\"21a08fbb\" data-element_type=\"section\">\n\t\t\t\t\t\t<div class=\"elementor-container elementor-column-gap-default\">\n\t\t\t\t\t<div class=\"elementor-column elementor-col-100 elementor-top-column elementor-element elementor-element-4996f4df\" data-id=\"4996f4df\" data-element_type=\"column\">\n\t\t\t<div class=\"elementor-widget-wrap elementor-element-populated\">\n\t\t\t\t\t\t<div class=\"elementor-element elementor-element-15c6b811 elementor-widget elementor-widget-text-editor\" data-id=\"15c6b811\" data-element_type=\"widget\" data-widget_type=\"text-editor.default\">\n\t\t\t\t<div class=\"elementor-widget-container\">\n\t\t\t\t\t\t\t<h2><span style=\"color: #ff0000;\">Spezifikationen \/ Features<\/span><\/h2><ul><li>Flashed alle Tunes ab 2001 vorhandene Softail, ab 2002 vorhandene Touring, ab 2002 vorhandene V-Rod, ab 2004 vorhandene Dyna und ab 2007 vorhandene Sportsters!<\/li><li>Ausgefeiltes und einfach zu bedienendes Touchscreen Display, dass keinen Computer zum flashen Ihres Bikes ben\u00f6tigt.<\/li><li>W\u00e4hlen Sie einfach ein Tune und folgen Sie den Anweisungen auf dem Bildschirm um Ihr Tune zu laden.<\/li><li>Integrierte AMPS 4 Innengewinde f\u00fcr verschiedene Haltebefestigungen<br \/>Power Vision sichert die Herstellereinstellungen, f\u00fcr den Fall dass sie diese wieder herstellen wollen.<\/li><li>Flexibilit\u00e4t \u2013 w\u00e4hlen Sie vordefinierte Dynojet Tunes, benutzerdefinierte Tunes oder nutzen Sie eine Kopie der Herstellervoreinstellungen um die Bed\u00fcrfnisse f\u00fcr Ihr Bike zu decken.<\/li><li>Tunes im Ger\u00e4t \u00e4ndern \u2013 erm\u00f6glicht dem Nutzer das \u00c4ndern der Grundparameter auf dem Ger\u00e4t, sowie das Speichern auf dem Fahrzeug ECM ohne daf\u00fcr einen Computer zu ben\u00f6tigen.<\/li><li>Zeigt alle J1850 und CAN H-D Fahrzeugdaten an, z.B. Lambdasonde Luft-\/Kraftstoffgemisch1 und andere weitere berechnete Werte (z.B. aktueller oder Durchschnittsverbrauch)<\/li><li>Anpassbare virtuelle Messanzeigen erlauben das Live-Monitoring von Daten und \/ oder die Aufzeichnung w\u00e4hrend der Fahrt<\/li><li>Benutzerdefinierte visuelle Alarme f\u00fcr jeden Datenkanal (Bsp.: , wenn der Klopfsensorwert 2 Grad \u00fcberschreitet, oder wenn die Zylinderkopf Temperatur 138 Grad Celsius \u00fcberschreitet, visuellen Alarm aktivieren).<\/li><li>AutoTune2 Basic und Pro \u2013 berechnet und speichert die Gemischzusammensetzung um den Verbrauch zu optimieren<br \/>Pr\u00fcfen und Zur\u00fccksetzen von Diagnosemeldungen im Fehlerspeicher<\/li><li>R\u00fccksetzen der adaptiven Fuel Trims und des Leerlauf-Offsets (mit laufendem Motorrad)<\/li><li>3.5&#8243; (8.89 Zentimeter) 24bit Farb-TFT (Touch Screen) Display mit Touchpanel (16,777,216 Farben)<\/li><li>Kompakte Abmessungen: 7,19cm\/L\u00e4nge X 10,08cm\/Breite X 2,13cm\/H\u00f6he (Link zur Ansicht anklicken)<\/li><li>Wetter-, sto\u00df- und vibrationsunempfindliches Geh\u00e4use &#8211; vollst\u00e4ndig mit elastischem Silikon vergossen und ummantelten Kabeln mit abgedichteten Kabelverbindungen<\/li><li>Integrierte AMPS 4 Innengewinde f\u00fcr verschiedene Haltebefestigungen (Dynojet empfiehlt TechMounts)<\/li><li>Wetterbest\u00e4ndiger USB mini-B Anschluss &#8211; kompatibel mit Windows XP, Vista, und 7<\/li><li>Molex 8 Pin Stecker -zum- Fahrzeug-Interfacekabel<\/li><li>Dynojet CAN-Link Erweiterungsport &#8211; erlaubt die Verbindung mit weiteren Dynojet Produkten, wie das Wide Band (<span style=\"color: #ff0000;\">2<\/span>) oder Auto Tune Modul (<span style=\"color: #ff0000;\">1<\/span>)<\/li><li>2GB interner Speicher liefert gen\u00fcgend Speicherplatz f\u00fcr Tune Dateien und die Datenaufzeichnung.<\/li><\/ul><p><span style=\"color: #ff0000;\">1<\/span> Wenn mit Dynojet Auto Tune oder Wide Band System ausgestattet.<br \/><span style=\"color: #ff0000;\">2<\/span> Nur in Verbindung mit der Log Tuner Software.<\/p>\t\t\t\t\t\t<\/div>\n\t\t\t\t<\/div>\n\t\t\t\t\t<\/div>\n\t\t<\/div>\n\t\t\t\t\t<\/div>\n\t\t<\/section>\n\t\t\t\t<\/div>\n\t\t","protected":false},"excerpt":{"rendered":"<p>Spezifikationen \/ Features Flashed alle Tunes ab 2001 vorhandene Softail, ab 2002 vorhandene Touring, ab 2002 vorhandene V-Rod, ab 2004 vorhandene Dyna und ab 2007 vorhandene Sportsters! Ausgefeiltes und einfach zu bedienendes Touchscreen Display, dass keinen Computer zum flashen Ihres Bikes ben\u00f6tigt. W\u00e4hlen Sie einfach ein Tune und folgen Sie den Anweisungen auf dem Bildschirm &#8230; <a title=\"Spezifikationen \/ Features\" class=\"read-more\" href=\"https:\/\/dynojet-powervision.de\/de\/infos\/spezifikationen-features\/\" aria-label=\"Mehr Informationen \u00fcber Spezifikationen \/ Features\">Weiterlesen<\/a><\/p>\n","protected":false},"author":1,"featured_media":0,"parent":32,"menu_order":4,"comment_status":"closed","ping_status":"closed","template":"","meta":{"footnotes":"","_links_to":"","_links_to_target":""},"class_list":["post-40","page","type-page","status-publish"],"aioseo_notices":[],"_links":{"self":[{"href":"https:\/\/dynojet-powervision.de\/de\/wp-json\/wp\/v2\/pages\/40","targetHints":{"allow":["GET"]}}],"collection":[{"href":"https:\/\/dynojet-powervision.de\/de\/wp-json\/wp\/v2\/pages"}],"about":[{"href":"https:\/\/dynojet-powervision.de\/de\/wp-json\/wp\/v2\/types\/page"}],"author":[{"embeddable":true,"href":"https:\/\/dynojet-powervision.de\/de\/wp-json\/wp\/v2\/users\/1"}],"replies":[{"embeddable":true,"href":"https:\/\/dynojet-powervision.de\/de\/wp-json\/wp\/v2\/comments?post=40"}],"version-history":[{"count":27,"href":"https:\/\/dynojet-powervision.de\/de\/wp-json\/wp\/v2\/pages\/40\/revisions"}],"predecessor-version":[{"id":1028,"href":"https:\/\/dynojet-powervision.de\/de\/wp-json\/wp\/v2\/pages\/40\/revisions\/1028"}],"up":[{"embeddable":true,"href":"https:\/\/dynojet-powervision.de\/de\/wp-json\/wp\/v2\/pages\/32"}],"wp:attachment":[{"href":"https:\/\/dynojet-powervision.de\/de\/wp-json\/wp\/v2\/media?parent=40"}],"curies":[{"name":"wp","href":"https:\/\/api.w.org\/{rel}","templated":true}]}}