{"id":56,"date":"2015-06-09T14:28:04","date_gmt":"2015-06-09T12:28:04","guid":{"rendered":"http:\/\/dynojet-powervision.de\/de\/?page_id=56"},"modified":"2020-11-14T16:27:19","modified_gmt":"2020-11-14T15:27:19","slug":"importeur","status":"publish","type":"page","link":"https:\/\/dynojet-powervision.de\/de\/importeur\/","title":{"rendered":"Importeur"},"content":{"rendered":"\t\t<div data-elementor-type=\"wp-page\" data-elementor-id=\"56\" class=\"elementor elementor-56\">\n\t\t\t\t\t\t<section class=\"elementor-section elementor-top-section elementor-element elementor-element-fcd11a6 elementor-section-full_width elementor-section-stretched elementor-section-height-default elementor-section-height-default\" data-id=\"fcd11a6\" data-element_type=\"section\" data-settings=\"{&quot;stretch_section&quot;:&quot;section-stretched&quot;}\">\n\t\t\t\t\t\t<div class=\"elementor-container elementor-column-gap-default\">\n\t\t\t\t\t<div class=\"elementor-column elementor-col-100 elementor-top-column elementor-element elementor-element-b6f536a\" data-id=\"b6f536a\" data-element_type=\"column\">\n\t\t\t<div class=\"elementor-widget-wrap elementor-element-populated\">\n\t\t\t\t\t\t<div class=\"elementor-element elementor-element-e5d5175 elementor-widget-divider--view-line elementor-widget elementor-widget-divider\" data-id=\"e5d5175\" data-element_type=\"widget\" data-widget_type=\"divider.default\">\n\t\t\t\t<div class=\"elementor-widget-container\">\n\t\t\t\t\t<div class=\"elementor-divider\">\n\t\t\t<span class=\"elementor-divider-separator\">\n\t\t\t\t\t\t<\/span>\n\t\t<\/div>\n\t\t\t\t<\/div>\n\t\t\t\t<\/div>\n\t\t\t\t\t<\/div>\n\t\t<\/div>\n\t\t\t\t\t<\/div>\n\t\t<\/section>\n\t\t\t\t<section class=\"elementor-section elementor-top-section elementor-element elementor-element-73ccc5a elementor-section-full_width elementor-section-height-default elementor-section-height-default\" data-id=\"73ccc5a\" data-element_type=\"section\">\n\t\t\t\t\t\t<div class=\"elementor-container elementor-column-gap-no\">\n\t\t\t\t\t<div class=\"elementor-column elementor-col-100 elementor-top-column elementor-element elementor-element-46b9d0e\" data-id=\"46b9d0e\" data-element_type=\"column\">\n\t\t\t<div class=\"elementor-widget-wrap elementor-element-populated\">\n\t\t\t\t\t\t<div class=\"elementor-element elementor-element-2e29423 elementor-widget elementor-widget-image\" data-id=\"2e29423\" data-element_type=\"widget\" data-widget_type=\"image.default\">\n\t\t\t\t<div class=\"elementor-widget-container\">\n\t\t\t\t\t\t\t\t\t\t\t\t\t<img decoding=\"async\" src=\"https:\/\/dynojet-powervision.de\/de\/wp-content\/uploads\/2020\/11\/faq-site-header.jpg\" title=\"faq-site-header\" alt=\"faq-site-header\" loading=\"lazy\" \/>\t\t\t\t\t\t\t\t\t\t\t\t\t<\/div>\n\t\t\t\t<\/div>\n\t\t\t\t\t<\/div>\n\t\t<\/div>\n\t\t\t\t\t<\/div>\n\t\t<\/section>\n\t\t\t\t<section class=\"elementor-section elementor-top-section elementor-element elementor-element-3dd919b elementor-section-boxed elementor-section-height-default elementor-section-height-default\" data-id=\"3dd919b\" data-element_type=\"section\">\n\t\t\t\t\t\t<div class=\"elementor-container elementor-column-gap-default\">\n\t\t\t\t\t<div class=\"elementor-column elementor-col-100 elementor-top-column elementor-element elementor-element-f643d1a\" data-id=\"f643d1a\" data-element_type=\"column\">\n\t\t\t<div class=\"elementor-widget-wrap elementor-element-populated\">\n\t\t\t\t\t\t<div class=\"elementor-element elementor-element-50f4133 elementor-widget elementor-widget-spacer\" data-id=\"50f4133\" data-element_type=\"widget\" data-widget_type=\"spacer.default\">\n\t\t\t\t<div class=\"elementor-widget-container\">\n\t\t\t\t\t<div class=\"elementor-spacer\">\n\t\t\t<div class=\"elementor-spacer-inner\"><\/div>\n\t\t<\/div>\n\t\t\t\t<\/div>\n\t\t\t\t<\/div>\n\t\t\t\t\t<\/div>\n\t\t<\/div>\n\t\t\t\t\t<\/div>\n\t\t<\/section>\n\t\t\t\t<section class=\"elementor-section elementor-top-section elementor-element elementor-element-175200ab elementor-section-full_width elementor-section-height-default elementor-section-height-default\" data-id=\"175200ab\" data-element_type=\"section\">\n\t\t\t\t\t\t<div class=\"elementor-container elementor-column-gap-default\">\n\t\t\t\t\t<div class=\"elementor-column elementor-col-100 elementor-top-column elementor-element elementor-element-3bb98192\" data-id=\"3bb98192\" data-element_type=\"column\">\n\t\t\t<div class=\"elementor-widget-wrap elementor-element-populated\">\n\t\t\t\t\t\t<div class=\"elementor-element elementor-element-43da06f3 elementor-widget elementor-widget-text-editor\" data-id=\"43da06f3\" data-element_type=\"widget\" data-widget_type=\"text-editor.default\">\n\t\t\t\t<div class=\"elementor-widget-container\">\n\t\t\t\t\t\t\t<p><img decoding=\"async\" class=\"alignnone size-full wp-image-549\" src=\"http:\/\/dynojet-powervision.de\/de\\\/wp-content\/uploads\/2020\/11\/logo-dynojet-270x80-1.png\" alt=\"\" width=\"280\" height=\"80\" \/><\/p><p><strong>Importeur &amp; Trainingscenter Harley-Davidson<\/strong><\/p><p><strong>V+P House of Thunder Motorradtechnik GmbH<\/strong><br \/>Taschenmacherstra\u00dfe 6<br \/>23556 L\u00fcbeck Germany<\/p><p>Fon: +49 (0)451 472717<br \/>Fax: +49 (0)451 472715<\/p><p>Gesch\u00e4ftsf\u00fchrer: Jens Pott<br \/>Registergericht : Hansestadt L\u00fcbeck<br \/>Handelsregister: HRB 5847<br \/>Sitz der Gesellschaft: L\u00fcbeck<\/p><p>Email: <a href=\"mailto:jens@dynojet-luebeck.de\">jens@dynojet-luebeck.de<\/a><\/p>\t\t\t\t\t\t<\/div>\n\t\t\t\t<\/div>\n\t\t\t\t\t<\/div>\n\t\t<\/div>\n\t\t\t\t\t<\/div>\n\t\t<\/section>\n\t\t\t\t<section class=\"elementor-section elementor-top-section elementor-element elementor-element-b02d099 elementor-section-boxed elementor-section-height-default elementor-section-height-default\" data-id=\"b02d099\" data-element_type=\"section\">\n\t\t\t\t\t\t<div class=\"elementor-container elementor-column-gap-default\">\n\t\t\t\t\t<div class=\"elementor-column elementor-col-100 elementor-top-column elementor-element elementor-element-c50c1a4\" data-id=\"c50c1a4\" data-element_type=\"column\">\n\t\t\t<div class=\"elementor-widget-wrap elementor-element-populated\">\n\t\t\t\t\t\t<div class=\"elementor-element elementor-element-3f6ba09 elementor-widget elementor-widget-spacer\" data-id=\"3f6ba09\" data-element_type=\"widget\" data-widget_type=\"spacer.default\">\n\t\t\t\t<div class=\"elementor-widget-container\">\n\t\t\t\t\t<div class=\"elementor-spacer\">\n\t\t\t<div class=\"elementor-spacer-inner\"><\/div>\n\t\t<\/div>\n\t\t\t\t<\/div>\n\t\t\t\t<\/div>\n\t\t\t\t\t<\/div>\n\t\t<\/div>\n\t\t\t\t\t<\/div>\n\t\t<\/section>\n\t\t\t\t<\/div>\n\t\t","protected":false},"excerpt":{"rendered":"<p>Importeur &amp; Trainingscenter Harley-Davidson V+P House of Thunder Motorradtechnik GmbHTaschenmacherstra\u00dfe 623556 L\u00fcbeck Germany Fon: +49 (0)451 472717Fax: +49 (0)451 472715 Gesch\u00e4ftsf\u00fchrer: Jens PottRegistergericht : Hansestadt L\u00fcbeckHandelsregister: HRB 5847Sitz der Gesellschaft: L\u00fcbeck Email: jens@dynojet-luebeck.de<\/p>\n","protected":false},"author":1,"featured_media":0,"parent":0,"menu_order":6,"comment_status":"closed","ping_status":"closed","template":"","meta":{"footnotes":"","_links_to":"","_links_to_target":""},"class_list":["post-56","page","type-page","status-publish"],"aioseo_notices":[],"_links":{"self":[{"href":"https:\/\/dynojet-powervision.de\/de\/wp-json\/wp\/v2\/pages\/56","targetHints":{"allow":["GET"]}}],"collection":[{"href":"https:\/\/dynojet-powervision.de\/de\/wp-json\/wp\/v2\/pages"}],"about":[{"href":"https:\/\/dynojet-powervision.de\/de\/wp-json\/wp\/v2\/types\/page"}],"author":[{"embeddable":true,"href":"https:\/\/dynojet-powervision.de\/de\/wp-json\/wp\/v2\/users\/1"}],"replies":[{"embeddable":true,"href":"https:\/\/dynojet-powervision.de\/de\/wp-json\/wp\/v2\/comments?post=56"}],"version-history":[{"count":26,"href":"https:\/\/dynojet-powervision.de\/de\/wp-json\/wp\/v2\/pages\/56\/revisions"}],"predecessor-version":[{"id":1119,"href":"https:\/\/dynojet-powervision.de\/de\/wp-json\/wp\/v2\/pages\/56\/revisions\/1119"}],"wp:attachment":[{"href":"https:\/\/dynojet-powervision.de\/de\/wp-json\/wp\/v2\/media?parent=56"}],"curies":[{"name":"wp","href":"https:\/\/api.w.org\/{rel}","templated":true}]}}