{"id":60,"date":"2015-06-09T14:29:15","date_gmt":"2015-06-09T12:29:15","guid":{"rendered":"http:\/\/dynojet-powervision.de\/de\/?page_id=60"},"modified":"2020-11-14T16:29:43","modified_gmt":"2020-11-14T15:29:43","slug":"impressum","status":"publish","type":"page","link":"https:\/\/dynojet-powervision.de\/de\/kontakt\/impressum\/","title":{"rendered":"Impressum"},"content":{"rendered":"\t\t<div data-elementor-type=\"wp-page\" data-elementor-id=\"60\" class=\"elementor elementor-60\">\n\t\t\t\t\t\t<section class=\"elementor-section elementor-top-section elementor-element elementor-element-acaad7e elementor-section-full_width elementor-section-stretched elementor-section-height-default elementor-section-height-default\" data-id=\"acaad7e\" data-element_type=\"section\" data-settings=\"{&quot;stretch_section&quot;:&quot;section-stretched&quot;}\">\n\t\t\t\t\t\t<div class=\"elementor-container elementor-column-gap-default\">\n\t\t\t\t\t<div class=\"elementor-column elementor-col-100 elementor-top-column elementor-element elementor-element-50f393d\" data-id=\"50f393d\" data-element_type=\"column\">\n\t\t\t<div class=\"elementor-widget-wrap elementor-element-populated\">\n\t\t\t\t\t\t<div class=\"elementor-element elementor-element-0733e7f elementor-widget-divider--view-line elementor-widget elementor-widget-divider\" data-id=\"0733e7f\" data-element_type=\"widget\" data-widget_type=\"divider.default\">\n\t\t\t\t<div class=\"elementor-widget-container\">\n\t\t\t\t\t<div class=\"elementor-divider\">\n\t\t\t<span class=\"elementor-divider-separator\">\n\t\t\t\t\t\t<\/span>\n\t\t<\/div>\n\t\t\t\t<\/div>\n\t\t\t\t<\/div>\n\t\t\t\t\t<\/div>\n\t\t<\/div>\n\t\t\t\t\t<\/div>\n\t\t<\/section>\n\t\t\t\t<section class=\"elementor-section elementor-top-section elementor-element elementor-element-3bcf212 elementor-section-full_width elementor-section-height-default elementor-section-height-default\" data-id=\"3bcf212\" data-element_type=\"section\">\n\t\t\t\t\t\t<div class=\"elementor-container elementor-column-gap-no\">\n\t\t\t\t\t<div class=\"elementor-column elementor-col-100 elementor-top-column elementor-element elementor-element-bc6d0e5\" data-id=\"bc6d0e5\" data-element_type=\"column\">\n\t\t\t<div class=\"elementor-widget-wrap elementor-element-populated\">\n\t\t\t\t\t\t<div class=\"elementor-element elementor-element-cb75189 elementor-widget elementor-widget-image\" data-id=\"cb75189\" data-element_type=\"widget\" data-widget_type=\"image.default\">\n\t\t\t\t<div class=\"elementor-widget-container\">\n\t\t\t\t\t\t\t\t\t\t\t\t\t<img decoding=\"async\" src=\"https:\/\/dynojet-powervision.de\/de\/wp-content\/uploads\/2020\/11\/faq-site-header.jpg\" title=\"faq-site-header\" alt=\"faq-site-header\" loading=\"lazy\" \/>\t\t\t\t\t\t\t\t\t\t\t\t\t<\/div>\n\t\t\t\t<\/div>\n\t\t\t\t\t<\/div>\n\t\t<\/div>\n\t\t\t\t\t<\/div>\n\t\t<\/section>\n\t\t\t\t<section class=\"elementor-section elementor-top-section elementor-element elementor-element-a4e9da8 elementor-section-boxed elementor-section-height-default elementor-section-height-default\" data-id=\"a4e9da8\" data-element_type=\"section\">\n\t\t\t\t\t\t<div class=\"elementor-container elementor-column-gap-default\">\n\t\t\t\t\t<div class=\"elementor-column elementor-col-100 elementor-top-column elementor-element elementor-element-454043f\" data-id=\"454043f\" data-element_type=\"column\">\n\t\t\t<div class=\"elementor-widget-wrap elementor-element-populated\">\n\t\t\t\t\t\t<div class=\"elementor-element elementor-element-b8f53cb elementor-widget elementor-widget-spacer\" data-id=\"b8f53cb\" data-element_type=\"widget\" data-widget_type=\"spacer.default\">\n\t\t\t\t<div class=\"elementor-widget-container\">\n\t\t\t\t\t<div class=\"elementor-spacer\">\n\t\t\t<div class=\"elementor-spacer-inner\"><\/div>\n\t\t<\/div>\n\t\t\t\t<\/div>\n\t\t\t\t<\/div>\n\t\t\t\t\t<\/div>\n\t\t<\/div>\n\t\t\t\t\t<\/div>\n\t\t<\/section>\n\t\t\t\t<section class=\"elementor-section elementor-top-section elementor-element elementor-element-efe4d5e elementor-section-full_width elementor-section-height-default elementor-section-height-default\" data-id=\"efe4d5e\" data-element_type=\"section\">\n\t\t\t\t\t\t<div class=\"elementor-container elementor-column-gap-default\">\n\t\t\t\t\t<div class=\"elementor-column elementor-col-100 elementor-top-column elementor-element elementor-element-27fbcdf\" data-id=\"27fbcdf\" data-element_type=\"column\">\n\t\t\t<div class=\"elementor-widget-wrap elementor-element-populated\">\n\t\t\t\t\t\t<div class=\"elementor-element elementor-element-c5019a1 elementor-widget elementor-widget-text-editor\" data-id=\"c5019a1\" data-element_type=\"widget\" data-widget_type=\"text-editor.default\">\n\t\t\t\t<div class=\"elementor-widget-container\">\n\t\t\t\t\t\t\t<h2><span style=\"color: #ff0000;\">Impressum<\/span><\/h2>\t\t\t\t\t\t<\/div>\n\t\t\t\t<\/div>\n\t\t\t\t\t<\/div>\n\t\t<\/div>\n\t\t\t\t\t<\/div>\n\t\t<\/section>\n\t\t\t\t<section class=\"elementor-section elementor-top-section elementor-element elementor-element-5293713b elementor-section-full_width elementor-section-height-default elementor-section-height-default\" data-id=\"5293713b\" data-element_type=\"section\">\n\t\t\t\t\t\t<div class=\"elementor-container elementor-column-gap-default\">\n\t\t\t\t\t<div class=\"elementor-column elementor-col-100 elementor-top-column elementor-element elementor-element-4645fc1f\" data-id=\"4645fc1f\" data-element_type=\"column\">\n\t\t\t<div class=\"elementor-widget-wrap elementor-element-populated\">\n\t\t\t\t\t\t<div class=\"elementor-element elementor-element-6f417dd0 elementor-widget elementor-widget-text-editor\" data-id=\"6f417dd0\" data-element_type=\"widget\" data-widget_type=\"text-editor.default\">\n\t\t\t\t<div class=\"elementor-widget-container\">\n\t\t\t\t\t\t\t<p>DynoJet Research B.V.<br \/>Pieter Zeemanstraat 37<br \/>6603 AV Wijchen<br \/>The Netherlands<\/p><p>Fon: +31 (0)24-645 40 28<br \/>Fax : +31 (0)24-645 60 67<\/p><p>Handelsregister: Kamer van Koophandel<br \/>Register: Oost Brabant 17133243<\/p><p>USt.-ID: NL809708851B01<\/p><p>Gesch\u00e4ftsf\u00fchrer:<br \/>Hans Kerkhoven<\/p><p>Webauftritt: www.foerdemedia.de<\/p><p style=\"text-align: justify;\"><strong>Urheberrecht<\/strong><\/p><p style=\"text-align: justify;\">Copyright 2018 DynoJet Research B.V.\u00a0 Alle Rechte vorbehalten. Alle Texte, Bilder, Graphiken, Ton-, Video- und Animationsdateien sowie deren Arrangements unterliegen dem Urheberrecht und anderen Gesetzen zum Schutz geistigen Eigentums. Sie d\u00fcrfen weder f\u00fcr Handelszwecke oder zur Weitergabe kopiert, ver\u00e4ndert und auf anderen Web-Sites verwendet werden. Einige dieser Internet-Seiten enthalten unter Umst\u00e4nden auch Material, das dem Urheberrecht derjenigen unterliegt, die dieses Material zur Verf\u00fcgung gestellt haben.<\/p><p><strong>Produkte und Preise<\/strong><\/p><p style=\"text-align: justify;\">Bei Produkten und Leistungen auf einzelnen Seiten dieses Internet-Auftritts k\u00f6nnen sich nach Redaktionsschluss \u00c4nderungen ergeben haben. Abbildungen von Motorr\u00e4dern oder Produkten k\u00f6nnen auch Zubeh\u00f6r, Sonderausstattungen oder sonstige Umf\u00e4nge enthalten, die nicht zum serienm\u00e4\u00dfigen Liefer- oder Leistungsumfang geh\u00f6ren. Farbabweichungen sind technisch bedingt. Eventuell get\u00e4tigte Aussagen \u00fcber gesetzliche, rechtliche und steuerliche Vorschriften und Auswirkungen haben nur f\u00fcr die Bundesrepublik Deutschland G\u00fcltigkeit. Irrtum und Preis\u00e4nderungen sind bei den ggf. in einem Online-Shop angebotenen Produkten vorbehalten. Soweit Preisangaben zu Produkten, Motorrad-Umbauten oder Neu-Aufbauten auf diesen Internet-Seiten gegeben werden, sind diese grunds\u00e4tzlich als unverbindlich zu verstehen. Hier gilt immer der schriftliche erstellte Kostenvoranschlag im Rahmen einer individuellen Anfrage\/Kalkulation.<\/p><p><strong>Haftung<\/strong><\/p><p style=\"text-align: justify;\">Die auf diesen Seiten zur Verf\u00fcgung gestellten Informationen und Angaben stellen keine Zusicherung oder Garantie dar, sei sie ausdr\u00fccklich oder stillschweigend. Insbesondere stellen sie keine stillschweigende Zusage oder Garantie betreffend die Beschaffenheit, die Handelsf\u00e4higkeit, die Eignung f\u00fcr bestimmte Zwecke oder den Nichtversto\u00df gegen Gesetze und Patente dar. Sollten auf diesen Internet-Seiten Links zu anderen Seiten im Internet integriert sein, gilt folgendes: Wir weisen darauf hin, dass wir keinen Einfluss auf die Gestaltung und den Inhalt der Seiten haben, auf die verlinkt wird. Daher k\u00f6nnen wir auch keine Gew\u00e4hr f\u00fcr die Aktualit\u00e4t, Korrektheit, Vollst\u00e4ndigkeit oder Qualit\u00e4t der dort bereitgestellten Informationen \u00fcbernehmen. Deshalb distanzieren wir uns hiermit von allen Inhalten dieser Seiten. Diese Erkl\u00e4rung gilt f\u00fcr alle auf unseren Internet-Seiten enthaltenen Links zu externen Seiten und deren Inhalte.<\/p><p style=\"text-align: justify;\">Power Vision ist ein eingetragenes Warenzeichnen von Dynojet Research.<\/p>\t\t\t\t\t\t<\/div>\n\t\t\t\t<\/div>\n\t\t\t\t\t<\/div>\n\t\t<\/div>\n\t\t\t\t\t<\/div>\n\t\t<\/section>\n\t\t\t\t<\/div>\n\t\t","protected":false},"excerpt":{"rendered":"<p>Impressum DynoJet Research B.V.Pieter Zeemanstraat 376603 AV WijchenThe Netherlands Fon: +31 (0)24-645 40 28Fax : +31 (0)24-645 60 67 Handelsregister: Kamer van KoophandelRegister: Oost Brabant 17133243 USt.-ID: NL809708851B01 Gesch\u00e4ftsf\u00fchrer:Hans Kerkhoven Webauftritt: www.foerdemedia.de Urheberrecht Copyright 2018 DynoJet Research B.V.\u00a0 Alle Rechte vorbehalten. Alle Texte, Bilder, Graphiken, Ton-, Video- und Animationsdateien sowie deren Arrangements unterliegen dem Urheberrecht &#8230; <a title=\"Impressum\" class=\"read-more\" href=\"https:\/\/dynojet-powervision.de\/de\/kontakt\/impressum\/\" aria-label=\"Mehr Informationen \u00fcber Impressum\">Weiterlesen<\/a><\/p>\n","protected":false},"author":1,"featured_media":0,"parent":58,"menu_order":1,"comment_status":"closed","ping_status":"closed","template":"","meta":{"footnotes":"","_links_to":"","_links_to_target":""},"class_list":["post-60","page","type-page","status-publish"],"aioseo_notices":[],"_links":{"self":[{"href":"https:\/\/dynojet-powervision.de\/de\/wp-json\/wp\/v2\/pages\/60","targetHints":{"allow":["GET"]}}],"collection":[{"href":"https:\/\/dynojet-powervision.de\/de\/wp-json\/wp\/v2\/pages"}],"about":[{"href":"https:\/\/dynojet-powervision.de\/de\/wp-json\/wp\/v2\/types\/page"}],"author":[{"embeddable":true,"href":"https:\/\/dynojet-powervision.de\/de\/wp-json\/wp\/v2\/users\/1"}],"replies":[{"embeddable":true,"href":"https:\/\/dynojet-powervision.de\/de\/wp-json\/wp\/v2\/comments?post=60"}],"version-history":[{"count":16,"href":"https:\/\/dynojet-powervision.de\/de\/wp-json\/wp\/v2\/pages\/60\/revisions"}],"predecessor-version":[{"id":1134,"href":"https:\/\/dynojet-powervision.de\/de\/wp-json\/wp\/v2\/pages\/60\/revisions\/1134"}],"up":[{"embeddable":true,"href":"https:\/\/dynojet-powervision.de\/de\/wp-json\/wp\/v2\/pages\/58"}],"wp:attachment":[{"href":"https:\/\/dynojet-powervision.de\/de\/wp-json\/wp\/v2\/media?parent=60"}],"curies":[{"name":"wp","href":"https:\/\/api.w.org\/{rel}","templated":true}]}}