{"id":1269,"date":"2020-11-30T14:45:18","date_gmt":"2020-11-30T13:45:18","guid":{"rendered":"http:\/\/dynojet-powervision.de\/de\/stagingrl2020\/?post_type=product&#038;p=1269"},"modified":"2022-05-17T11:39:30","modified_gmt":"2022-05-17T09:39:30","slug":"autotune-pro-kit-fuer-pv-2-can-mit-einschweissgewinde-fuer-lambdasonden","status":"publish","type":"product","link":"https:\/\/dynojet-powervision.de\/de\/produkt\/autotune-pro-kit-fuer-pv-2-can-mit-einschweissgewinde-fuer-lambdasonden\/","title":{"rendered":"Autotune Pro Kit f\u00fcr PV-2 (CAN) mit Einschwei\u00dfgewinde f\u00fcr Lambdasonden"},"content":{"rendered":"<h3>Autotune Pro Kit f\u00fcr PV-2 (CAN) mit Einschwei\u00dfgewinde f\u00fcr Lambdasonden<\/h3>\n<ul>\n<li>Wird mit einem einzigen Kabel direkt an Power Vision angeschlossen<\/li>\n<li>Enth\u00e4lt 18 mm Lambdasonden und einen Anschluss f\u00fcr den Kabelbaum des Motorrads<\/li>\n<li>Liefert Echtzeit-AFR-Feedback an Power Vision<\/li>\n<li>Erm\u00f6glicht halbautomatische Gemischkorrekturen<\/li>\n<li>Der Benutzer kann das Kraftstoff-\/Luft-Verh\u00e4ltnis f\u00fcr jede Drehzahl und Gasgriffposition individuell einstellen<\/li>\n<li>Erm\u00f6glicht eine Cruise-Anpassung f\u00fcr einen geringen Benzinverbrauch sowie bessere Gas\u00f6ffnung und somit mehr H\u00f6chstleistung<\/li>\n<li>Die Grundeinstellungen f\u00fcr Kraftstoff-Luft-Gemisch k\u00f6nnen bei Bedarf angepasst werden<\/li>\n<\/ul>\n","protected":false},"excerpt":{"rendered":"<p>Autotune Pro Kit f\u00fcr PV-2 (CAN) mit Einschwei\u00dfgewinde f\u00fcr Lambdasonden Wird mit einem einzigen Kabel direkt an Power Vision angeschlossen Enth\u00e4lt 18 mm Lambdasonden und einen Anschluss f\u00fcr den Kabelbaum des Motorrads Liefert Echtzeit-AFR-Feedback an Power Vision Erm\u00f6glicht halbautomatische Gemischkorrekturen Der Benutzer kann das Kraftstoff-\/Luft-Verh\u00e4ltnis f\u00fcr jede Drehzahl und Gasgriffposition individuell einstellen Erm\u00f6glicht eine Cruise-Anpassung &#8230; <a title=\"Autotune Pro Kit f\u00fcr PV-2 (CAN) mit Einschwei\u00dfgewinde f\u00fcr Lambdasonden\" class=\"read-more\" href=\"https:\/\/dynojet-powervision.de\/de\/produkt\/autotune-pro-kit-fuer-pv-2-can-mit-einschweissgewinde-fuer-lambdasonden\/\" aria-label=\"Mehr Informationen \u00fcber Autotune Pro Kit f\u00fcr PV-2 (CAN) mit Einschwei\u00dfgewinde f\u00fcr Lambdasonden\">Weiterlesen<\/a><\/p>\n","protected":false},"featured_media":1264,"template":"","meta":{"_links_to":"","_links_to_target":""},"product_cat":[24,26],"product_tag":[],"class_list":{"0":"post-1269","1":"product","2":"type-product","3":"status-publish","4":"has-post-thumbnail","6":"product_cat-alle-dynojet-power-vision-produkte","7":"product_cat-autotune","9":"first","10":"instock","11":"taxable","12":"shipping-taxable","13":"purchasable","14":"product-type-simple"},"aioseo_notices":[],"_links":{"self":[{"href":"https:\/\/dynojet-powervision.de\/de\/wp-json\/wp\/v2\/product\/1269","targetHints":{"allow":["GET"]}}],"collection":[{"href":"https:\/\/dynojet-powervision.de\/de\/wp-json\/wp\/v2\/product"}],"about":[{"href":"https:\/\/dynojet-powervision.de\/de\/wp-json\/wp\/v2\/types\/product"}],"wp:featuredmedia":[{"embeddable":true,"href":"https:\/\/dynojet-powervision.de\/de\/wp-json\/wp\/v2\/media\/1264"}],"wp:attachment":[{"href":"https:\/\/dynojet-powervision.de\/de\/wp-json\/wp\/v2\/media?parent=1269"}],"wp:term":[{"taxonomy":"product_cat","embeddable":true,"href":"https:\/\/dynojet-powervision.de\/de\/wp-json\/wp\/v2\/product_cat?post=1269"},{"taxonomy":"product_tag","embeddable":true,"href":"https:\/\/dynojet-powervision.de\/de\/wp-json\/wp\/v2\/product_tag?post=1269"}],"curies":[{"name":"wp","href":"https:\/\/api.w.org\/{rel}","templated":true}]}}