{"id":1289,"date":"2020-11-30T16:02:15","date_gmt":"2020-11-30T15:02:15","guid":{"rendered":"http:\/\/dynojet-powervision.de\/de\/stagingrl2020\/?post_type=product&#038;p=1289"},"modified":"2025-10-28T19:29:16","modified_gmt":"2025-10-28T18:29:16","slug":"tune-lizenz-fuer-power-vision","status":"publish","type":"product","link":"https:\/\/dynojet-powervision.de\/de\/produkt\/tune-lizenz-fuer-power-vision\/","title":{"rendered":"Tune Lizenz f\u00fcr Power Vision"},"content":{"rendered":"<h3>Tune Lizenz f\u00fcr Power Vision<\/h3>\n<p>Nutzen Sie ein Power Vision, um mehrere Bikes zu tunen! Es gibt keine Beschr\u00e4nkung in der Anzahl der ECMs, die sie mit einem einzigen Power Vision tunen k\u00f6nnen. F\u00fcr jedes zu tunende Bike muss eine Tune Lizenz erworben werden. Die Tune Lizenz erlaubt Ihnen jedes lizensierte Fahrzeug, so oft Sie m\u00f6chten, zu flashen.<\/p>\n<p><strong>Instruktionen zum Erwerb<\/strong>\u00a0einer\u00a0\u00a0<strong>\u201eTune Lizenz\u201c<\/strong>\u00a0 und welche\u00a0 Informationen wir zu ihrem Fahrzeug ben\u00f6tigen, finden sie unter diesem Link:\u00a0<a href=\"http:\/\/dynojet-powervision.de\/de\/wp-content\/uploads\/2015\/06\/Tune_Lizenz.pdf\" rel=\"\">Tune_Lizenz<\/a><\/p>\n","protected":false},"excerpt":{"rendered":"<p>Tune Lizenz f\u00fcr Power Vision Nutzen Sie ein Power Vision, um mehrere Bikes zu tunen! Es gibt keine Beschr\u00e4nkung in der Anzahl der ECMs, die sie mit einem einzigen Power Vision tunen k\u00f6nnen. F\u00fcr jedes zu tunende Bike muss eine Tune Lizenz erworben werden. Die Tune Lizenz erlaubt Ihnen jedes lizensierte Fahrzeug, so oft Sie &#8230; <a title=\"Tune Lizenz f\u00fcr Power Vision\" class=\"read-more\" href=\"https:\/\/dynojet-powervision.de\/de\/produkt\/tune-lizenz-fuer-power-vision\/\" aria-label=\"Mehr Informationen \u00fcber Tune Lizenz f\u00fcr Power Vision\">Weiterlesen<\/a><\/p>\n","protected":false},"featured_media":1290,"template":"","meta":{"_links_to":"","_links_to_target":""},"product_cat":[24,28],"product_tag":[],"class_list":{"0":"post-1289","1":"product","2":"type-product","3":"status-publish","4":"has-post-thumbnail","6":"product_cat-alle-dynojet-power-vision-produkte","7":"product_cat-lizenzen","9":"first","10":"instock","11":"virtual","12":"taxable","13":"purchasable","14":"product-type-simple"},"aioseo_notices":[],"_links":{"self":[{"href":"https:\/\/dynojet-powervision.de\/de\/wp-json\/wp\/v2\/product\/1289","targetHints":{"allow":["GET"]}}],"collection":[{"href":"https:\/\/dynojet-powervision.de\/de\/wp-json\/wp\/v2\/product"}],"about":[{"href":"https:\/\/dynojet-powervision.de\/de\/wp-json\/wp\/v2\/types\/product"}],"wp:featuredmedia":[{"embeddable":true,"href":"https:\/\/dynojet-powervision.de\/de\/wp-json\/wp\/v2\/media\/1290"}],"wp:attachment":[{"href":"https:\/\/dynojet-powervision.de\/de\/wp-json\/wp\/v2\/media?parent=1289"}],"wp:term":[{"taxonomy":"product_cat","embeddable":true,"href":"https:\/\/dynojet-powervision.de\/de\/wp-json\/wp\/v2\/product_cat?post=1289"},{"taxonomy":"product_tag","embeddable":true,"href":"https:\/\/dynojet-powervision.de\/de\/wp-json\/wp\/v2\/product_tag?post=1289"}],"curies":[{"name":"wp","href":"https:\/\/api.w.org\/{rel}","templated":true}]}}