{"id":1569,"date":"2023-01-24T11:33:38","date_gmt":"2023-01-24T10:33:38","guid":{"rendered":"https:\/\/dynojet-powervision.de\/de\/?post_type=product&#038;p=1569"},"modified":"2025-10-28T19:34:25","modified_gmt":"2025-10-28T18:34:25","slug":"autotune-kit-fuer-powervision-3-an-harley-davidson-modellen-ab-2021-mit-schweissmuffen","status":"publish","type":"product","link":"https:\/\/dynojet-powervision.de\/de\/produkt\/autotune-kit-fuer-powervision-3-an-harley-davidson-modellen-ab-2021-mit-schweissmuffen\/","title":{"rendered":"Autotune Kit f\u00fcr Powervision 3 an Harley-Davidson\u00ae Modellen ab 2021 mit Schwei\u00dfmuffen"},"content":{"rendered":"<h3>Autotune Kit f\u00fcr Powervision 3 an Harley-Davidson\u00ae Modellen ab 2021 mit Schwei\u00dfmuffen<\/h3>\n<p>Zusatzmodul f\u00fcr das Powervision 3 Flashmodul f\u00fcr Harleys\u00ae zur automatischen Datenaufzeichnung und Abstimmung.<\/p>\n<p>Das Autotune erm\u00f6glicht das Aufzeichnen der Lambdawerte mit dem Powervision w\u00e4hrend der Fahrt &#8211; drau\u00dfen auf der Stra\u00dfe oder auf dem Leistungspr\u00fcfungstand.<\/p>\n<p>Das <strong>Powervision f\u00fcr Harley-Davidson\u00ae Euro 5-Modelle<\/strong> generiert daraus ein optimiertes selektives Kennfeld (Tune) f\u00fcr beide Zylinder und flasht dieses auf das Seriensteuerger\u00e4t.<\/p>\n<p>&nbsp;<\/p>\n<p>Zwei Lambdasonden mit M 18 x 1,5 Gewinde und passende Schwei\u00dfmuffen werden mitgeliefert<\/p>\n<p>Die Schwei\u00dfmuffen k\u00f6nnen in die Kr\u00fcmmer der Auspuffanlage eingeschwei\u00dft werden um die Lambdasonden aufnehmen.<\/p>\n<p>&nbsp;<\/p>\n<p><strong>Das einsatzfertige Kit besteht aus<\/strong><\/p>\n<ul>\n<li>dem Autotune Controller selbst<\/li>\n<li>zwei schnellen Lambdasonden<\/li>\n<li>zwei Schwei\u00dfmuffen M 18 x 1,5<\/li>\n<li>Anschlussstecker f\u00fcr den Harley-Davidson\u00ae Originalkabelbaum f\u00fcr Euro 5 Modelle<\/li>\n<li>Verbindungskabel zum Powervision 3<\/li>\n<li>Kleinteilen, Befestigungsmaterial und deutscher Anleitung<\/li>\n<\/ul>\n<p><strong>Die M\u00f6glichkeiten des Powervision werden um folgende Optionen erweitert<\/strong><\/p>\n<ul>\n<li>Aufzeichnung der Lambdawerte beim Fahren<\/li>\n<li>Erstellen neuer und individueller Tunes<\/li>\n<li>freies Festlegen der A\/F-Zielwerte<\/li>\n<\/ul>\n<p>Die problemloses Montage und ausf\u00fchrliche Anleitung erm\u00f6glichen die Abstimmung im Plug and Play-Verfahren innerhalb k\u00fcrzester Zeit<\/p>\n","protected":false},"excerpt":{"rendered":"<p>Autotune Kit f\u00fcr Powervision 3 an Harley-Davidson\u00ae Modellen ab 2021 mit Schwei\u00dfmuffen Zusatzmodul f\u00fcr das Powervision 3 Flashmodul f\u00fcr Harleys\u00ae zur automatischen Datenaufzeichnung und Abstimmung. Das Autotune erm\u00f6glicht das Aufzeichnen der Lambdawerte mit dem Powervision w\u00e4hrend der Fahrt &#8211; drau\u00dfen auf der Stra\u00dfe oder auf dem Leistungspr\u00fcfungstand. Das Powervision f\u00fcr Harley-Davidson\u00ae Euro 5-Modelle generiert daraus &#8230; <a title=\"Autotune Kit f\u00fcr Powervision 3 an Harley-Davidson\u00ae Modellen ab 2021 mit Schwei\u00dfmuffen\" class=\"read-more\" href=\"https:\/\/dynojet-powervision.de\/de\/produkt\/autotune-kit-fuer-powervision-3-an-harley-davidson-modellen-ab-2021-mit-schweissmuffen\/\" aria-label=\"Mehr Informationen \u00fcber Autotune Kit f\u00fcr Powervision 3 an Harley-Davidson\u00ae Modellen ab 2021 mit Schwei\u00dfmuffen\">Weiterlesen<\/a><\/p>\n","protected":false},"featured_media":1570,"template":"","meta":{"_links_to":"","_links_to_target":""},"product_cat":[24,26],"product_tag":[],"class_list":{"0":"post-1569","1":"product","2":"type-product","3":"status-publish","4":"has-post-thumbnail","6":"product_cat-alle-dynojet-power-vision-produkte","7":"product_cat-autotune","9":"first","10":"instock","11":"sale","12":"taxable","13":"shipping-taxable","14":"purchasable","15":"product-type-simple"},"aioseo_notices":[],"_links":{"self":[{"href":"https:\/\/dynojet-powervision.de\/de\/wp-json\/wp\/v2\/product\/1569","targetHints":{"allow":["GET"]}}],"collection":[{"href":"https:\/\/dynojet-powervision.de\/de\/wp-json\/wp\/v2\/product"}],"about":[{"href":"https:\/\/dynojet-powervision.de\/de\/wp-json\/wp\/v2\/types\/product"}],"wp:featuredmedia":[{"embeddable":true,"href":"https:\/\/dynojet-powervision.de\/de\/wp-json\/wp\/v2\/media\/1570"}],"wp:attachment":[{"href":"https:\/\/dynojet-powervision.de\/de\/wp-json\/wp\/v2\/media?parent=1569"}],"wp:term":[{"taxonomy":"product_cat","embeddable":true,"href":"https:\/\/dynojet-powervision.de\/de\/wp-json\/wp\/v2\/product_cat?post=1569"},{"taxonomy":"product_tag","embeddable":true,"href":"https:\/\/dynojet-powervision.de\/de\/wp-json\/wp\/v2\/product_tag?post=1569"}],"curies":[{"name":"wp","href":"https:\/\/api.w.org\/{rel}","templated":true}]}}