{"id":1588,"date":"2023-10-06T10:24:44","date_gmt":"2023-10-06T08:24:44","guid":{"rendered":"https:\/\/dynojet-powervision.de\/de\/?post_type=product&#038;p=1588"},"modified":"2025-10-28T19:35:34","modified_gmt":"2025-10-28T18:35:34","slug":"power-vision-fuer-alle-harley-davidson-modelle-mit-can-bus-schwarzes-gehaeuse","status":"publish","type":"product","link":"https:\/\/dynojet-powervision.de\/de\/produkt\/power-vision-fuer-alle-harley-davidson-modelle-mit-can-bus-schwarzes-gehaeuse\/","title":{"rendered":"Power Vision f\u00fcr alle Harley Davidson\u00ae Modelle mit CAN-Bus, schwarzes Geh\u00e4use"},"content":{"rendered":"<h3>Power Vision f\u00fcr alle Harley Davidson\u00ae Modelle mit CAN-Bus, schwarzes Geh\u00e4use<\/h3>\n<h3><strong>Power Vision f\u00fcr Harley Davidson\u00ae-Modelle ab 2011 mit CAN-Bus-System<\/strong><\/h3>\n<p><strong>Das Flash-Modul zum Bearbeiten des Serienkennfeldes der Sportster-Modelle 2014-2020, SoftailModelle 2011-2020, Touring-Modelle 2014-2020 und Dyna-Modelle 2012-2017<\/strong><\/p>\n<p>Mit einem <strong>Power Vision PV2<\/strong> k\u00f6nnen die Diagnosedaten und Wartungseinstellungen beliebig vieler Harleys mit Steuerger\u00e4ten<strong> mit CAN-Bus<\/strong> gepr\u00fcft und justiert werden.<\/p>\n<p>F\u00fcr jeweils ein Fahrzeug pro Ger\u00e4t kann das <strong>Serienkennfeld beliebig oft ge\u00e4ndert und \u00fcberschrieben<\/strong> werden. Diese Funktion ist an das jeweilige Fahrzeug gebunden und nicht f\u00fcr<br \/>\nweitere verwendbar.<br \/>\nZus\u00e4tzlich sind fahrzeugbezogene Tunerlizenzen erh\u00e4ltlich um mit einem Ger\u00e4t nacheinander verschiedene Motorr\u00e4der flashen zu k\u00f6nnen.<br \/>\nDas Power Vision zeigt auf einem gro\u00dfen Touchscreen in Echtzeit alle aktuellen Werte der Fahrzeug-ECU, wie Motortemperatur, Drehzahl, Vorz\u00fcndung u. a.<br \/>\n\u00dcber die 3,5\u201c Touchscreen mit 16 Mio. Farben ist eine einfache Bedienung auch <strong>ohne Zuhilfenahme eines Computers<\/strong> m\u00f6glich.<\/p>\n<p>Der Anschluss erfolgt an den serienm\u00e4\u00dfigen <strong>6-poligen grauen Diagnosestecker<\/strong> des Motorrades. Zus\u00e4tzlich lassen sich die Daten des Power Vision \u00fcber eine USB-Schnittstelle mit<br \/>\nder mitgelieferten WINPV-Software auf einem PC bearbeiten und speichern.<br \/>\nFertige Maps k\u00f6nnen nach Modell und Zubeh\u00f6rteilen sortiert, bearbeitet und geladen werden.<br \/>\nEbenso lassen sich neue Tunes in der mitgelieferten Software erstellen und speichern.<br \/>\nBis zu acht Tunes k\u00f6nnen auf Abruf auf dem Ger\u00e4t gespeichert werden und sind dann &#8222;portabel&#8220; verf\u00fcgbar.<br \/>\nEine ausf\u00fchrliche <strong>deutsche Anleitung<\/strong> liegt bei.<br \/>\nNat\u00fcrlich kann das Serienkennfeld jederzeit wieder geladen werden um den Serienzustand herzustellen.<\/p>\n<p><strong>Passend f\u00fcr folgende Modellreihen:<\/strong><br \/>\n2011-2020 Softail<br \/>\n2014-2020 Touring<br \/>\n2012-2017 Dyna<br \/>\n2014-2020 Sportster<\/p>\n<p>Eine detaillierte Modellauflistung finden Sie weiter unten auf dieser Seite!<\/p>\n<p>&nbsp;<\/p>\n<p><strong>Tuningm\u00f6glichkeiten<\/strong><\/p>\n<p>Das Power Vision l\u00e4dt das Serienkennfeld des Motorrades herunter und speichert es ab.<\/p>\n<p>Bis zu acht Tunes lassen sich ausw\u00e4hlen und auf dem Ger\u00e4t Speichern.<\/p>\n<p>Folgende M\u00f6glichkeiten zum Laden von Tunes werden angeboten:<\/p>\n<ul>\n<li>vorkonfigurierte Dynojet-Tunes &#8211; das Ger\u00e4t erkennt um welchen Motorradtyp es sich handelt und selektiert passende Tunes an seinem Speicher &#8211; ready to go!<\/li>\n<li>Custom Tunes, die durch einen Tuningcenter oder uns erstellt werden und per E-Mail verschickt werden k\u00f6nnen (bitte dazu das Serienkennfeld zu uns mailen)<\/li>\n<li>eine Kopie des heruntergeladenen Serienkennfeldes um den Serienzustand des Motorrades wieder herzustellen.<\/li>\n<\/ul>\n<p>&nbsp;<\/p>\n<p><strong>Kurzbeschreibung des Tuningvorganges<\/strong><br \/>\nFolgende einfache Schritte erm\u00f6glichen das schnelle Abstimmen einer Harley mit CAN-Bus Steuerger\u00e4t :<\/p>\n<ul>\n<li>das Power Vision an den Diagnosestecker des Fahrzeuges anschlie\u00dfen<\/li>\n<li>bei eingeschalteter Z\u00fcndung die Fahrzeugdaten auslesen und auf das Power Vision laden und speichern<\/li>\n<li>das Ger\u00e4t erkennt um welches Modell es sich handelt und schl\u00e4gt auf Wunsch verschiedene passende Tunes vor<\/li>\n<li>Tune ausw\u00e4hlen und auf das Steuerger\u00e4t flashen<\/li>\n<li>alternativ kann das Originalkennfeld in der WINPV-Software bearbeitet und dann auf das Steuerger\u00e4t geflasht werden<\/li>\n<li>falls erforderlich kann das Serienkennfeld jederzeit wieder auf das Steuerger\u00e4t zur\u00fcckgeflasht werden<\/li>\n<\/ul>\n<p>&nbsp;<\/p>\n<p><strong>Grundlegende Features<\/strong><\/p>\n<ul>\n<li>einfach bedienbar, dennoch ein Profiwerkzeug<\/li>\n<li>es wird <strong>kein<\/strong> Computer ben\u00f6tigt um das Seriensteuerger\u00e4t zu flashen<\/li>\n<li>2 GB Speicher f\u00fcr Tunes und Datalogging<\/li>\n<li>benutzerkonfigurierbares Display<\/li>\n<li>die serienm\u00e4\u00dfige Lambdaregelung kann beibehalten werden<\/li>\n<li>wasserdicht, sto\u00df- und vibrationsresistent<\/li>\n<li>per Autotune kann eine Zylinderselektive Abstimmung vorgenommen werden<\/li>\n<li>Einstellung der Leerlaufdrehzahl m\u00f6glich<\/li>\n<li>Diagnosecodes k\u00f6nnen zur\u00fcckgesetzt bzw. gel\u00f6scht werden<\/li>\n<li><strong>Serienkennfelder k\u00f6nnen uns zur Optimierung zugemailt<\/strong> und wieder geladen werden<\/li>\n<\/ul>\n<p><strong>Verwendbar f\u00fcr<\/strong><\/p>\n<ul>\n<li>FLD Switchback 2012, 2013, 2014, 2015, 2016<\/li>\n<li>FLDE Deluxe 107 2018, 2019, 2020<\/li>\n<li>FLFB Fat Boy 107 2018, 2019<\/li>\n<li>FLFBS Fat Boy 114 2018, 2019, 2020<\/li>\n<li>FLHC Heritage Classic 107 2018, 2019, 2020<\/li>\n<li>FLHCS Heritage Classic 114 2018, 2019, 2020<\/li>\n<li>FLHR Road King 2014, 2015, 2016, 2017, 2018, 2019, 2020<\/li>\n<li>FLHRSE6 CVO Road King 2014<\/li>\n<li>FLHRXS Road King Special 2017, 2018, 2019, 2020<\/li>\n<li>FLHT Electra Glide Standard 2019, 2020<\/li>\n<li>FLHTCU Electra Glide Ultra Classic 2014, 2015, 2016, 2017, 2018, 2019<\/li>\n<li>FLHTCUL Electra Glide Ultra Classic Low 2015, 2016<\/li>\n<li>FLHTCUTG Tri Glide Ultra 2014, 2015, 2016, 2017, 2018, 2019, 2020<\/li>\n<li>FLHTCUTGSE CVO Tri Glide 2020<\/li>\n<li>FLHTK Electra Glide Ultra Limited 2014<\/li>\n<li>FLHTK Ultra Limited 2015, 2016, 2017, 2018, 2019, 2020<\/li>\n<li>FLHTKL Ultra Limited Low 2015, 2016, 2017, 2018, 2019<\/li>\n<li>FLHTKSE CVO Limited 2014, 2015, 2016, 2017, 2018, 2019, 2020<\/li>\n<li>FLHX Street Glide 2014, 2015, 2016, 2017, 2018, 2019, 2020<\/li>\n<li>FLHXS Street Glide Special 2014, 2015, 2016, 2017, 2018, 2019, 2020<\/li>\n<li>FLHXSE CVO Street Glide 2015, 2016, 2017, 2018, 2019, 2020<\/li>\n<li>FLRT Freewheeler 2015, 2016, 2017, 2018, 2019, 2020<\/li>\n<li>FLS Softail Slim 2012, 2013, 2014, 2015, 2016, 2017<\/li>\n<li>FLSB Sport Glide 107 2018, 2019, 2020<\/li>\n<li>FLSL Softail Slim 107 2018, 2019, 2020<\/li>\n<li>FLSS Softail Slim S 2016, 2017<\/li>\n<li>FLSTC Heritage Softail Classic 2011, 2012, 2013, 2014, 2015, 2016, 2017<\/li>\n<li>FLSTF Fat Boy 2011, 2012, 2013, 2014, 2015, 2016, 2017<\/li>\n<li>FLSTFB Fat Boy Lo 2011, 2012, 2013, 2014, 2015, 2016<\/li>\n<li>FLSTFBS Fat Boy S 2016, 2017<\/li>\n<li>FLSTN Softail Deluxe 2011, 2012, 2013, 2014, 2015, 2016, 2017<\/li>\n<li>FLSTNSE CVO Softail Deluxe 2014, 2015<\/li>\n<li>FLSTSB Cross Bones 2011<\/li>\n<li>FLSTSE2 CVO Softail Convertible 2011<\/li>\n<li>FLSTSE3 CVO Softail Convertible 2012<\/li>\n<li>FLTRK Road Glide Limited 2020<\/li>\n<li>FLTRU Road Glide Ultra 2016, 2017, 2018, 2019<\/li>\n<li>FLTRUSE CVO Road Glide Ultra 2015, 2016<\/li>\n<li>FLTRX Road Glide 2015, 2016, 2017, 2018, 2019, 2020<\/li>\n<li>FLTRXS Road Glide Special 2015, 2016, 2017, 2018, 2019, 2020<\/li>\n<li>FLTRXSE CVO Road Glide 2018, 2019, 2020<\/li>\n<li>FXBB Street Bob 107 2018, 2019, 2020<\/li>\n<li>FXBR Breakout 107 2018, 2019<\/li>\n<li>FXBRS Breakout 114 2018, 2019, 2020<\/li>\n<li>FXCWC Rocker C 2011<\/li>\n<li>FXDB Street Bob 2012, 2013, 2014, 2015, 2016, 2017<\/li>\n<li>FXDC Super Glide Custom 2012, 2013, 2014<\/li>\n<li>FXDF Fat Bob 2012, 2013, 2014, 2015, 2016, 2017<\/li>\n<li>FXDL Low Rider 2014, 2015, 2016, 2017<\/li>\n<li>FXDLS Low Rider S 2016, 2017<\/li>\n<li>FXDRS FXDR 114 2019, 2020<\/li>\n<li>FXDWG Dyna Wide Glide 2012, 2013, 2014, 2015, 2016, 2017<\/li>\n<li>FXFB Fat Bob 107 2018, 2019<\/li>\n<li>FXFBS Fat Bob 114 2018, 2019, 2020<\/li>\n<li>FXLR Low Rider 107 2018, 2019, 2020<\/li>\n<li>FXLRS Low Rider S 114 2020<\/li>\n<li>FXS Blackline 2011, 2012, 2013<\/li>\n<li>FXSB Breakout 2013, 2014, 2015, 2016, 2017<\/li>\n<li>FXSBSE CVO Breakout 2013, 2014<\/li>\n<li>FXSE CVO Pro Street Breakout 2016, 2017<\/li>\n<li>XG500 Street 500 2015, 2016, 2017, 2018, 2019, 2020<\/li>\n<li>XG750 Street 750 2015, 2016, 2017, 2018, 2019, 2020<\/li>\n<li>XG750A Street Rod 2017, 2018, 2019, 2020<\/li>\n<li>XL1200C Sportster 1200 Custom 2014, 2015, 2016, 2017, 2018, 2019<\/li>\n<li>XL1200CX Roadster 2016, 2017, 2018, 2019, 2020<\/li>\n<li>XL1200NS Iron 1200 2018, 2019, 2020<\/li>\n<li>XL1200T SuperLow 1200T 2014, 2015, 2016, 2017<\/li>\n<li>XL1200V Seventy-Two 2014, 2015, 2016<\/li>\n<li>XL1200X Forty-Eight 2014, 2015, 2016, 2017, 2018, 2019, 2020<\/li>\n<li>XL1200XS Forty-Eight Special 2018, 2019<\/li>\n<li>XL883L SuperLow 2014, 2016, 2017, 2018, 2019<\/li>\n<li>XL883N Iron 883 2014, 2015, 2016, 2017, 2018, 2019, 2020<\/li>\n<\/ul>\n","protected":false},"excerpt":{"rendered":"<p>Power Vision f\u00fcr alle Harley Davidson\u00ae Modelle mit CAN-Bus, schwarzes Geh\u00e4use Power Vision f\u00fcr Harley Davidson\u00ae-Modelle ab 2011 mit CAN-Bus-System Das Flash-Modul zum Bearbeiten des Serienkennfeldes der Sportster-Modelle 2014-2020, SoftailModelle 2011-2020, Touring-Modelle 2014-2020 und Dyna-Modelle 2012-2017 Mit einem Power Vision PV2 k\u00f6nnen die Diagnosedaten und Wartungseinstellungen beliebig vieler Harleys mit Steuerger\u00e4ten mit CAN-Bus gepr\u00fcft und &#8230; <a title=\"Power Vision f\u00fcr alle Harley Davidson\u00ae Modelle mit CAN-Bus, schwarzes Geh\u00e4use\" class=\"read-more\" href=\"https:\/\/dynojet-powervision.de\/de\/produkt\/power-vision-fuer-alle-harley-davidson-modelle-mit-can-bus-schwarzes-gehaeuse\/\" aria-label=\"Mehr Informationen \u00fcber Power Vision f\u00fcr alle Harley Davidson\u00ae Modelle mit CAN-Bus, schwarzes Geh\u00e4use\">Weiterlesen<\/a><\/p>\n","protected":false},"featured_media":1589,"template":"","meta":{"_links_to":"","_links_to_target":""},"product_cat":[24,25],"product_tag":[],"class_list":{"0":"post-1588","1":"product","2":"type-product","3":"status-publish","4":"has-post-thumbnail","6":"product_cat-alle-dynojet-power-vision-produkte","7":"product_cat-power-vision","9":"first","10":"instock","11":"taxable","12":"shipping-taxable","13":"purchasable","14":"product-type-simple"},"aioseo_notices":[],"_links":{"self":[{"href":"https:\/\/dynojet-powervision.de\/de\/wp-json\/wp\/v2\/product\/1588","targetHints":{"allow":["GET"]}}],"collection":[{"href":"https:\/\/dynojet-powervision.de\/de\/wp-json\/wp\/v2\/product"}],"about":[{"href":"https:\/\/dynojet-powervision.de\/de\/wp-json\/wp\/v2\/types\/product"}],"wp:featuredmedia":[{"embeddable":true,"href":"https:\/\/dynojet-powervision.de\/de\/wp-json\/wp\/v2\/media\/1589"}],"wp:attachment":[{"href":"https:\/\/dynojet-powervision.de\/de\/wp-json\/wp\/v2\/media?parent=1588"}],"wp:term":[{"taxonomy":"product_cat","embeddable":true,"href":"https:\/\/dynojet-powervision.de\/de\/wp-json\/wp\/v2\/product_cat?post=1588"},{"taxonomy":"product_tag","embeddable":true,"href":"https:\/\/dynojet-powervision.de\/de\/wp-json\/wp\/v2\/product_tag?post=1588"}],"curies":[{"name":"wp","href":"https:\/\/api.w.org\/{rel}","templated":true}]}}