{"id":1622,"date":"2025-10-27T10:21:42","date_gmt":"2025-10-27T09:21:42","guid":{"rendered":"https:\/\/dynojet-powervision.de\/de\/?post_type=product&#038;p=1622"},"modified":"2025-10-28T18:16:43","modified_gmt":"2025-10-28T17:16:43","slug":"power-vision-4-geeignet-fuer-alle-harley-davidson-helix-modelle-ab-2024-zum-flashen-per-app","status":"publish","type":"product","link":"https:\/\/dynojet-powervision.de\/de\/produkt\/power-vision-4-geeignet-fuer-alle-harley-davidson-helix-modelle-ab-2024-zum-flashen-per-app\/","title":{"rendered":"Power Vision 4 geeignet f\u00fcr alle Harley-Davidson Helix Modelle ab 2024 zum Flashen per App"},"content":{"rendered":"<h3 data-start=\"61\" data-end=\"159\"><strong data-start=\"65\" data-end=\"159\">Power Vision 4 geeignet f\u00fcr alle Harley Davidson Helix Modelle ab 2024 zum Flashen per App<\/strong><\/h3>\n<h3 data-start=\"161\" data-end=\"294\"><strong data-start=\"165\" data-end=\"294\">Power Vision 4 mit Bluetooth-Verbindung zum Handy geeignet Harley Davidson Helix-Modelle mit 117 oder 121 cui Motoren ab 2024<\/strong><\/h3>\n<p data-start=\"296\" data-end=\"413\"><strong data-start=\"296\" data-end=\"413\">Flashen Sie leistungssteigernde Tunes mit dem einfach zu bedienenden Power Vision 4 von Dynojet auf ihr Motorrad!<\/strong><\/p>\n<ul data-start=\"415\" data-end=\"724\">\n<li data-start=\"415\" data-end=\"467\">\n<p data-start=\"417\" data-end=\"467\">flashen Sie Ihre ECU einfach von der Telefon-App<\/p>\n<\/li>\n<li data-start=\"468\" data-end=\"536\">\n<p data-start=\"470\" data-end=\"536\">mit Lizenzen lassen sich mehrere Fahrzeuge mit einem Ger\u00e4t tunen<\/p>\n<\/li>\n<li data-start=\"537\" data-end=\"582\">\n<p data-start=\"539\" data-end=\"582\">Bluetooth-Konnektivit\u00e4t (Apple &amp; Android)<\/p>\n<\/li>\n<li data-start=\"583\" data-end=\"613\">\n<p data-start=\"585\" data-end=\"613\">Plug-and-Play-Installation<\/p>\n<\/li>\n<li data-start=\"614\" data-end=\"671\">\n<p data-start=\"616\" data-end=\"671\">sofortiger Zugriff auf die Tune-Datenbank von Dynojet<\/p>\n<\/li>\n<li data-start=\"672\" data-end=\"724\">\n<p data-start=\"674\" data-end=\"724\">Fehlermeldungen lassen sich anzeigen und l\u00f6schen<\/p>\n<\/li>\n<\/ul>\n<h3 data-start=\"731\" data-end=\"749\"><strong data-start=\"735\" data-end=\"749\">Mapservice<\/strong><\/h3>\n<ul data-start=\"751\" data-end=\"1075\">\n<li data-start=\"751\" data-end=\"838\">\n<p data-start=\"753\" data-end=\"838\">in der App werden von Dynojet fertige Maps f\u00fcr das jeweilige Fahrzeug vorgeschlagen<\/p>\n<\/li>\n<li data-start=\"839\" data-end=\"925\">\n<p data-start=\"841\" data-end=\"925\">auf Wunsch erstellen wir ein speziell auf Ihre Konfiguration <strong data-start=\"902\" data-end=\"923\">angepasstes Map*<\/strong><\/p>\n<\/li>\n<li data-start=\"926\" data-end=\"1075\">\n<p data-start=\"928\" data-end=\"1075\">die ausgelesene Serienmap kann uns von unseren Kunden unter Angabe der verwendeten Auspuffanlage und des Luftfilters zur Anpassung gemailt werden<\/p>\n<\/li>\n<\/ul>\n<p data-start=\"1077\" data-end=\"1201\">Unsere Maps sind f\u00fcr europ\u00e4ischen Kraftstoff und europ\u00e4ische Auspuffanlagen erh\u00e4ltlich und f\u00fcr <strong data-start=\"1172\" data-end=\"1199\">unsere Kunden kostenlos<\/strong><\/p>\n<h3 data-start=\"1208\" data-end=\"1235\"><strong data-start=\"1212\" data-end=\"1235\">Tuningm\u00f6glichkeiten<\/strong><\/h3>\n<ol data-start=\"1237\" data-end=\"2280\">\n<li data-start=\"1237\" data-end=\"1394\">\n<p data-start=\"1240\" data-end=\"1394\">Flashen Sie per Bluetooth Tunes auf Ihr Steuerger\u00e4t \u2013 erstellen Sie einfach ein Konto, w\u00e4hlen Ihre Map aus, flashen Sie und erfahren den \u201eUltimate Ride\u201c<\/p>\n<\/li>\n<li data-start=\"1395\" data-end=\"1514\">\n<p data-start=\"1398\" data-end=\"1514\">Zugriff auf eine riesige Datenbank vorgefertigter Maps f\u00fcr verschiedene Konfigurationen aus Auspuff und Luftfilter<\/p>\n<\/li>\n<li data-start=\"1515\" data-end=\"1603\">\n<p data-start=\"1518\" data-end=\"1603\">Einfaches Herunterladen und Verwenden von vorinstallierten benutzerdefinierten Maps<\/p>\n<\/li>\n<li data-start=\"1604\" data-end=\"1756\">\n<p data-start=\"1607\" data-end=\"1756\">Aufzeichnung von Echtzeit-Motordaten (<strong data-start=\"1645\" data-end=\"1660\">Datalogging<\/strong>) und Anzeige in der Powercore Software f\u00fcr Windows, die kostenlos heruntergeladen werden kann<\/p>\n<\/li>\n<li data-start=\"1757\" data-end=\"1900\">\n<p data-start=\"1760\" data-end=\"1900\">Optimiert f\u00fcr Remote-Tuning \u21d2 Einfach fahren, aufzeichnen und \u00fcbernehmen von Logfiles auf das Smartphone (Datenaufzeichnungen beim Fahren)<\/p>\n<\/li>\n<li data-start=\"1901\" data-end=\"2001\">\n<p data-start=\"1904\" data-end=\"2001\">Lesen, \u00dcberpr\u00fcfen und L\u00f6schen von <strong data-start=\"1938\" data-end=\"1968\">Diagnosefehlercodes (DTCs)<\/strong> mit zugeh\u00f6rigen Beschreibungen<\/p>\n<\/li>\n<li data-start=\"2002\" data-end=\"2143\">\n<p data-start=\"2005\" data-end=\"2143\">Zus\u00e4tzlich sind fahrzeugbezogene Tunerlizenzen erh\u00e4ltlich, um mit einem Ger\u00e4t nacheinander <strong data-start=\"2096\" data-end=\"2123\">verschiedene Motorr\u00e4der<\/strong> flashen zu k\u00f6nnen<\/p>\n<\/li>\n<li data-start=\"2144\" data-end=\"2280\">\n<p data-start=\"2147\" data-end=\"2280\">Immer wieder zur\u00fcck zum Serienkennfeld \u2013 die urspr\u00fcngliche, werksseitige Map wird sicher in der Cloud und auf dem Telefon gesichert<\/p>\n<\/li>\n<\/ol>\n<p>&nbsp;<\/p>\n<h3 data-start=\"72\" data-end=\"118\"><strong data-start=\"76\" data-end=\"118\">Kurze Beschreibung des Tuningvorganges<\/strong><\/h3>\n<p data-start=\"120\" data-end=\"219\">Folgende einfache Schritte erm\u00f6glichen das schnelle Abstimmen einer Harley mit CAN-Bus Steuerger\u00e4t:<\/p>\n<ul data-start=\"221\" data-end=\"968\">\n<li data-start=\"221\" data-end=\"318\">\n<p data-start=\"223\" data-end=\"318\">die App auf das Smartphone herunterladen und ein Dynojet Konto erstellen (email und Passwort)<\/p>\n<\/li>\n<li data-start=\"319\" data-end=\"396\">\n<p data-start=\"321\" data-end=\"396\">das Power Vision 4 an den roten Diagnosestecker des Fahrzeugs anschlie\u00dfen<\/p>\n<\/li>\n<li data-start=\"397\" data-end=\"496\">\n<p data-start=\"399\" data-end=\"496\">die Steuersoftware durch herunterladen von Hilfsdateien von Dynojet auf das Flashen vorbereiten<\/p>\n<\/li>\n<li data-start=\"497\" data-end=\"598\">\n<p data-start=\"499\" data-end=\"598\">bei eingeschalteter Z\u00fcndung die Fahrzeugdaten auslesen und auf das Smartphone laden und speichern<\/p>\n<\/li>\n<li data-start=\"599\" data-end=\"683\">\n<p data-start=\"601\" data-end=\"683\">die App erkennt um welches Modell es sich handelt und schl\u00e4gt passende Tunes vor<\/p>\n<\/li>\n<li data-start=\"684\" data-end=\"734\">\n<p data-start=\"686\" data-end=\"734\">Tune ausw\u00e4hlen und auf das Steuerger\u00e4t flashen<\/p>\n<\/li>\n<li data-start=\"735\" data-end=\"881\">\n<p data-start=\"737\" data-end=\"881\">alternativ kann das Originalkennfeld in der kostenlos herunterzuladenden Powercore-Software bearbeitet und auf das Steuerger\u00e4t geflasht werden<\/p>\n<\/li>\n<li data-start=\"882\" data-end=\"968\">\n<p data-start=\"884\" data-end=\"968\">das Serienkennfeld kann jederzeit wieder auf das Steuerger\u00e4t zur\u00fcckgeflasht werden<\/p>\n<\/li>\n<\/ul>\n<p data-start=\"970\" data-end=\"1226\">Mit einem <strong data-start=\"980\" data-end=\"1000\">Power Vision PV4<\/strong> k\u00f6nnen die Diagnosedaten und Wartungseinstellungen beliebig vieler Harleys <strong data-start=\"1076\" data-end=\"1105\">mit rotem Diagnosestecker<\/strong> gepr\u00fcft und justiert werden.<br data-start=\"1134\" data-end=\"1137\" \/>Die App ist eine einfache Bedienung auch <strong data-start=\"1178\" data-end=\"1215\">ohne Zuhilfenahme eines Computers<\/strong> m\u00f6glich.<\/p>\n<p data-start=\"1228\" data-end=\"1632\">F\u00fcr ein Fahrzeug pro Ger\u00e4t kann das <strong data-start=\"1264\" data-end=\"1322\">Serienkennfeld beliebig oft ge\u00e4ndert und \u00fcberschrieben<\/strong> werden. Diese Funktion ist an das jeweilige Fahrzeug gebunden und nicht f\u00fcr weitere verwendbar.<br data-start=\"1418\" data-end=\"1421\" \/>Der Anschluss erfolgt an den serienm\u00e4\u00dfigen <strong data-start=\"1464\" data-end=\"1483\">Diagnosestecker<\/strong> des Motorrades.<br data-start=\"1499\" data-end=\"1502\" \/>Wir weisen darauf hin, dass \u00c4nderungen am Serienkennfeld eines Fahrzeugs die <strong data-start=\"1579\" data-end=\"1622\">Betriebserlaubnis zum Erl\u00f6schen bringen<\/strong> k\u00f6nnen!<\/p>\n<h3 data-start=\"1639\" data-end=\"1668\"><strong data-start=\"1643\" data-end=\"1668\">Grundlegende Features<\/strong><\/h3>\n<ul data-start=\"1670\" data-end=\"2104\">\n<li data-start=\"1670\" data-end=\"1718\">\n<p data-start=\"1672\" data-end=\"1718\">einfach bedienbar, dennoch ein Profiwerkzeug<\/p>\n<\/li>\n<li data-start=\"1719\" data-end=\"1794\">\n<p data-start=\"1721\" data-end=\"1794\">es wird <strong data-start=\"1729\" data-end=\"1746\">kein Computer<\/strong> ben\u00f6tigt, um das Seriensteuerger\u00e4t zu flashen<\/p>\n<\/li>\n<li data-start=\"1795\" data-end=\"1854\">\n<p data-start=\"1797\" data-end=\"1854\">die serienm\u00e4\u00dfige Lambdaregelung kann beibehalten werden<\/p>\n<\/li>\n<li data-start=\"1855\" data-end=\"1901\">\n<p data-start=\"1857\" data-end=\"1901\">wasserdicht, sto\u00df- und vibrationsresistent<\/p>\n<\/li>\n<li data-start=\"1902\" data-end=\"1961\">\n<p data-start=\"1904\" data-end=\"1961\">Diagnosedaten k\u00f6nnen zur\u00fcckgelesen bzw. gel\u00f6scht werden<\/p>\n<\/li>\n<li data-start=\"1962\" data-end=\"2049\">\n<p data-start=\"1964\" data-end=\"2049\"><strong data-start=\"1964\" data-end=\"2021\">Serienkennfelder k\u00f6nnen uns zur Optimierung zugemailt<\/strong> und wieder geladen werden<\/p>\n<\/li>\n<li data-start=\"2050\" data-end=\"2104\">\n<p data-start=\"2052\" data-end=\"2104\">die <strong data-start=\"2056\" data-end=\"2104\">App f\u00fcr iOS kann hier heruntergeladen werden<\/strong><\/p>\n<\/li>\n<\/ul>\n<h3 data-start=\"2111\" data-end=\"2133\"><strong data-start=\"2115\" data-end=\"2133\">Verwendbar f\u00fcr<\/strong><\/h3>\n<ul data-start=\"2135\" data-end=\"2767\">\n<li data-start=\"2135\" data-end=\"2178\">\n<p data-start=\"2137\" data-end=\"2178\">FLTRXSE CVO Road Glide 2023, 2024, 2025<\/p>\n<\/li>\n<li data-start=\"2179\" data-end=\"2218\">\n<p data-start=\"2181\" data-end=\"2218\">FLTRKSE CVO Road Glide Limited 2023<\/p>\n<\/li>\n<li data-start=\"2219\" data-end=\"2263\">\n<p data-start=\"2221\" data-end=\"2263\">FLHXSE CVO Street Glide 2023, 2024, 2025<\/p>\n<\/li>\n<li data-start=\"2264\" data-end=\"2306\">\n<p data-start=\"2266\" data-end=\"2306\">FLTRXSTSE CVO Road Glide ST 2024, 2025<\/p>\n<\/li>\n<li data-start=\"2307\" data-end=\"2339\">\n<p data-start=\"2309\" data-end=\"2339\">FLHX Street Glide 2024, 2025<\/p>\n<\/li>\n<li data-start=\"2340\" data-end=\"2371\">\n<p data-start=\"2342\" data-end=\"2371\">FLTRX Road Glide 2024, 2025<\/p>\n<\/li>\n<li data-start=\"2372\" data-end=\"2411\">\n<p data-start=\"2374\" data-end=\"2411\">FLTRK Road Glide Limited 2024, 2025<\/p>\n<\/li>\n<li data-start=\"2412\" data-end=\"2447\">\n<p data-start=\"2414\" data-end=\"2447\">FLHXST Road Glide ST 2024, 2025<\/p>\n<\/li>\n<li data-start=\"2448\" data-end=\"2484\">\n<p data-start=\"2450\" data-end=\"2484\">FLTRXST Road Glide ST 2024, 2025<\/p>\n<\/li>\n<li data-start=\"2485\" data-end=\"2511\">\n<p data-start=\"2487\" data-end=\"2511\">FLFBS Fat Boy 117 2025<\/p>\n<\/li>\n<li data-start=\"2512\" data-end=\"2543\">\n<p data-start=\"2514\" data-end=\"2543\">FLHXS Street Glide 117 2025<\/p>\n<\/li>\n<li data-start=\"2544\" data-end=\"2574\">\n<p data-start=\"2546\" data-end=\"2574\">FLTRXS Road Glide 117 2025<\/p>\n<\/li>\n<li data-start=\"2575\" data-end=\"2609\">\n<p data-start=\"2577\" data-end=\"2609\">FLHXSTSE CVO Street Glide 2025<\/p>\n<\/li>\n<li data-start=\"2610\" data-end=\"2643\">\n<p data-start=\"2612\" data-end=\"2643\">FLTRXSTSE CVO Road Glide 2025<\/p>\n<\/li>\n<li data-start=\"2644\" data-end=\"2670\">\n<p data-start=\"2646\" data-end=\"2670\">FXBR Breakout 117 2025<\/p>\n<\/li>\n<li data-start=\"2671\" data-end=\"2698\">\n<p data-start=\"2673\" data-end=\"2698\">RA1250 Pan America 1250<\/p>\n<\/li>\n<li data-start=\"2699\" data-end=\"2730\">\n<p data-start=\"2701\" data-end=\"2730\">FLFBS Low Rider ST 117 2025<\/p>\n<\/li>\n<li data-start=\"2731\" data-end=\"2767\">\n<p data-start=\"2733\" data-end=\"2767\">RA1250S Pan America Special 1250<\/p>\n<\/li>\n<li data-start=\"48\" data-end=\"89\">\n<p data-start=\"50\" data-end=\"89\">RA1250S Pan America 1250 Special 2025<\/p>\n<\/li>\n<li data-start=\"90\" data-end=\"126\">\n<p data-start=\"92\" data-end=\"126\">RA1250S Pan America Special 2025<\/p>\n<\/li>\n<li data-start=\"127\" data-end=\"160\">\n<p data-start=\"129\" data-end=\"160\">RA1250SE CVO Pan America 2025<\/p>\n<\/li>\n<li data-start=\"161\" data-end=\"199\">\n<p data-start=\"163\" data-end=\"199\">RA1250SE CVO Pan America 1250 2025<\/p>\n<\/li>\n<li data-start=\"200\" data-end=\"237\">\n<p data-start=\"202\" data-end=\"237\">RA1250ST Pan America 1250 ST 2025<\/p>\n<\/li>\n<li data-start=\"238\" data-end=\"266\">\n<p data-start=\"240\" data-end=\"266\">RH1250S Sportster S 2025<\/p>\n<\/li>\n<li data-start=\"267\" data-end=\"291\">\n<p data-start=\"269\" data-end=\"291\">RH975 Nightster 2025<\/p>\n<\/li>\n<\/ul>\n","protected":false},"excerpt":{"rendered":"<p>Power Vision 4 geeignet f\u00fcr alle Harley Davidson Helix Modelle ab 2024 zum Flashen per App Power Vision 4 mit Bluetooth-Verbindung zum Handy geeignet Harley Davidson Helix-Modelle mit 117 oder 121 cui Motoren ab 2024 Flashen Sie leistungssteigernde Tunes mit dem einfach zu bedienenden Power Vision 4 von Dynojet auf ihr Motorrad! flashen Sie Ihre &#8230; <a title=\"Power Vision 4 geeignet f\u00fcr alle Harley-Davidson Helix Modelle ab 2024 zum Flashen per App\" class=\"read-more\" href=\"https:\/\/dynojet-powervision.de\/de\/produkt\/power-vision-4-geeignet-fuer-alle-harley-davidson-helix-modelle-ab-2024-zum-flashen-per-app\/\" aria-label=\"Mehr Informationen \u00fcber Power Vision 4 geeignet f\u00fcr alle Harley-Davidson Helix Modelle ab 2024 zum Flashen per App\">Weiterlesen<\/a><\/p>\n","protected":false},"featured_media":1538,"template":"","meta":{"_links_to":"","_links_to_target":""},"product_cat":[24,25],"product_tag":[],"class_list":{"0":"post-1622","1":"product","2":"type-product","3":"status-publish","4":"has-post-thumbnail","6":"product_cat-alle-dynojet-power-vision-produkte","7":"product_cat-power-vision","9":"first","10":"instock","11":"sale","12":"taxable","13":"shipping-taxable","14":"purchasable","15":"product-type-simple"},"aioseo_notices":[],"_links":{"self":[{"href":"https:\/\/dynojet-powervision.de\/de\/wp-json\/wp\/v2\/product\/1622","targetHints":{"allow":["GET"]}}],"collection":[{"href":"https:\/\/dynojet-powervision.de\/de\/wp-json\/wp\/v2\/product"}],"about":[{"href":"https:\/\/dynojet-powervision.de\/de\/wp-json\/wp\/v2\/types\/product"}],"wp:featuredmedia":[{"embeddable":true,"href":"https:\/\/dynojet-powervision.de\/de\/wp-json\/wp\/v2\/media\/1538"}],"wp:attachment":[{"href":"https:\/\/dynojet-powervision.de\/de\/wp-json\/wp\/v2\/media?parent=1622"}],"wp:term":[{"taxonomy":"product_cat","embeddable":true,"href":"https:\/\/dynojet-powervision.de\/de\/wp-json\/wp\/v2\/product_cat?post=1622"},{"taxonomy":"product_tag","embeddable":true,"href":"https:\/\/dynojet-powervision.de\/de\/wp-json\/wp\/v2\/product_tag?post=1622"}],"curies":[{"name":"wp","href":"https:\/\/api.w.org\/{rel}","templated":true}]}}