{"id":1625,"date":"2025-10-27T14:38:38","date_gmt":"2025-10-27T13:38:38","guid":{"rendered":"https:\/\/dynojet-powervision.de\/de\/?post_type=product&#038;p=1625"},"modified":"2025-10-28T18:16:58","modified_gmt":"2025-10-28T17:16:58","slug":"power-vision-3-zur-abstimmung-geeignet-fuer-harley-davidson-euro-5-modelle-2021-2024","status":"publish","type":"product","link":"https:\/\/dynojet-powervision.de\/de\/produkt\/power-vision-3-zur-abstimmung-geeignet-fuer-harley-davidson-euro-5-modelle-2021-2024\/","title":{"rendered":"Power Vision 3 zur Abstimmung geeignet f\u00fcr Harley-Davidson Euro 5 Modelle 2021\u20132024"},"content":{"rendered":"<h3 data-start=\"28\" data-end=\"119\"><strong data-start=\"32\" data-end=\"119\">Power Vision 3 zur Abstimmung geeignet f\u00fcr Harley Davidson Euro 5 Modelle 2021\u20132024<\/strong><\/h3>\n<h3 data-start=\"121\" data-end=\"245\"><strong data-start=\"125\" data-end=\"245\">Power Vision 3 geeignet f\u00fcr Harley Davidson Softail-, Touring- und Pan America-Modelle ab 2021 mit ME 22 Steuerger\u00e4t<\/strong><\/h3>\n<h4 data-start=\"247\" data-end=\"356\"><strong data-start=\"252\" data-end=\"356\">Das Flash-Modul zum Bearbeiten des Serienkennfeldes der aktuellen Euro 5 Modelle von Harley Davidson<\/strong><\/h4>\n<p data-start=\"358\" data-end=\"539\">Mit dem <strong data-start=\"366\" data-end=\"394\">Dynojet Power Vision PV3<\/strong> k\u00f6nnen die Diagnosedaten und Wartungseinstellungen beliebig vieler Harleys mit <strong data-start=\"474\" data-end=\"508\">ME 22 Steuerger\u00e4ten mit Euro 5<\/strong> gepr\u00fcft und justiert werden.<\/p>\n<p data-start=\"541\" data-end=\"565\">Damit wird es m\u00f6glich:<\/p>\n<ul data-start=\"566\" data-end=\"1471\">\n<li data-start=\"566\" data-end=\"647\">\n<p data-start=\"568\" data-end=\"647\">Kennfelder direkt \u00fcber den <strong data-start=\"595\" data-end=\"634\">Diagnosestecker auf das Steuerger\u00e4t<\/strong> zu flashen<\/p>\n<\/li>\n<li data-start=\"648\" data-end=\"725\">\n<p data-start=\"650\" data-end=\"725\">Fahrzeugdaten in Echtzeit auf dem Display darzustellen und zu analysieren<\/p>\n<\/li>\n<li data-start=\"726\" data-end=\"769\">\n<p data-start=\"728\" data-end=\"769\">Diagnosecodes auszulesen und zu l\u00f6schen<\/p>\n<\/li>\n<li data-start=\"770\" data-end=\"809\">\n<p data-start=\"772\" data-end=\"809\">vorgefertigte Tunes direkt zu laden<\/p>\n<\/li>\n<li data-start=\"810\" data-end=\"903\">\n<p data-start=\"812\" data-end=\"903\">Tunes mit der <strong data-start=\"826\" data-end=\"849\">Power Core Software<\/strong> (Windows 10 aufw\u00e4rts) zu bearbeiten und abzustimmen<\/p>\n<\/li>\n<li data-start=\"904\" data-end=\"972\">\n<p data-start=\"906\" data-end=\"972\"><strong data-start=\"906\" data-end=\"940\">zylinderselektive Abstimmungen<\/strong> auf dem Pr\u00fcfstand vorzunehmen<\/p>\n<\/li>\n<li data-start=\"973\" data-end=\"1082\">\n<p data-start=\"975\" data-end=\"1082\"><strong data-start=\"975\" data-end=\"1009\">zylinderselektive Abstimmungen<\/strong> mit <strong data-start=\"1014\" data-end=\"1032\">Autotune Basic<\/strong> (ohne weiteres Zubeh\u00f6r) beim Fahren vorzunehmen<\/p>\n<\/li>\n<li data-start=\"1083\" data-end=\"1180\">\n<p data-start=\"1085\" data-end=\"1180\"><strong data-start=\"1085\" data-end=\"1119\">zylinderselektive Abstimmungen<\/strong> mit <strong data-start=\"1124\" data-end=\"1154\">Dynojet Autotune 50-AT-130<\/strong> beim Fahren vorzunehmen<\/p>\n<\/li>\n<li data-start=\"1181\" data-end=\"1232\">\n<p data-start=\"1183\" data-end=\"1232\">die H\u00f6chstgeschwindigkeitsbegrenzung aufzuheben<\/p>\n<\/li>\n<li data-start=\"1233\" data-end=\"1279\">\n<p data-start=\"1235\" data-end=\"1279\">Drehzahlbegrenzer zu senken oder anzuheben<\/p>\n<\/li>\n<li data-start=\"1280\" data-end=\"1319\">\n<p data-start=\"1282\" data-end=\"1319\">Drehmomentbegrenzer zu modifizieren<\/p>\n<\/li>\n<li data-start=\"1320\" data-end=\"1359\">\n<p data-start=\"1322\" data-end=\"1359\">Drive-by-wire-Funktionen anzupassen<\/p>\n<\/li>\n<li data-start=\"1360\" data-end=\"1471\">\n<p data-start=\"1362\" data-end=\"1471\">durch Zukauf von fahrzeugbezogenen Lizenzen lassen sich mit einem Ger\u00e4t beliebig viele Fahrzeuge bearbeiten<\/p>\n<\/li>\n<\/ul>\n<h3 data-start=\"1478\" data-end=\"1516\"><strong data-start=\"1482\" data-end=\"1516\">Das Power Vision 3 Kit enth\u00e4lt<\/strong><\/h3>\n<ul data-start=\"1518\" data-end=\"1749\">\n<li data-start=\"1518\" data-end=\"1567\">\n<p data-start=\"1520\" data-end=\"1567\">das Flashtool mit dem kontrastreichen Display<\/p>\n<\/li>\n<li data-start=\"1568\" data-end=\"1626\">\n<p data-start=\"1570\" data-end=\"1626\">das Verbindungskabel zum Diagnosestecker des Fahrzeugs<\/p>\n<\/li>\n<li data-start=\"1627\" data-end=\"1651\">\n<p data-start=\"1629\" data-end=\"1651\">USB-Verbindungskabel<\/p>\n<\/li>\n<li data-start=\"1652\" data-end=\"1749\">\n<p data-start=\"1654\" data-end=\"1749\">die Software <strong data-start=\"1667\" data-end=\"1681\">Power Core<\/strong> zum Auslesen der Logdateien und Bearbeiten der Tunes zum Download<\/p>\n<\/li>\n<\/ul>\n<h3 data-start=\"1756\" data-end=\"1798\"><strong data-start=\"1760\" data-end=\"1798\">Die Power Core Software erm\u00f6glicht<\/strong><\/h3>\n<ul data-start=\"1800\" data-end=\"2068\">\n<li data-start=\"1800\" data-end=\"1847\">\n<p data-start=\"1802\" data-end=\"1847\">das Verwalten und Bearbeiten der Kennfelder<\/p>\n<\/li>\n<li data-start=\"1848\" data-end=\"1935\">\n<p data-start=\"1850\" data-end=\"1935\">das Darstellen der w\u00e4hrend der Fahrt geloggten Daten als Grafik, Tabelle oder in 3D<\/p>\n<\/li>\n<li data-start=\"1936\" data-end=\"2014\">\n<p data-start=\"1938\" data-end=\"2014\">das Synchronisieren der Logdateien mit den Kennfeldern f\u00fcr pr\u00e4zises Tuning<\/p>\n<\/li>\n<li data-start=\"2015\" data-end=\"2068\">\n<p data-start=\"2017\" data-end=\"2068\">das Exportieren der Logfiles als <strong data-start=\"2050\" data-end=\"2066\">.csv-Dateien\u00a0<\/strong><\/p>\n<\/li>\n<\/ul>\n<h3 data-start=\"28\" data-end=\"98\"><strong data-start=\"32\" data-end=\"98\">Fertige Kennfelder mit folgenden Features stehen zur Verf\u00fcgung<\/strong><\/h3>\n<ul data-start=\"100\" data-end=\"619\">\n<li data-start=\"100\" data-end=\"130\">\n<p data-start=\"102\" data-end=\"130\">optimiertes Serienkennfeld<\/p>\n<\/li>\n<li data-start=\"131\" data-end=\"177\">\n<p data-start=\"133\" data-end=\"177\">Stage 1 Kennfeld f\u00fcr Slipon-Auspuffanlagen<\/p>\n<\/li>\n<li data-start=\"178\" data-end=\"240\">\n<p data-start=\"180\" data-end=\"240\">Stage 2 Kennfeld f\u00fcr Komplettauspuffanlagen und Luftfilter<\/p>\n<\/li>\n<li data-start=\"241\" data-end=\"309\">\n<p data-start=\"243\" data-end=\"309\">angepasste Kraftstoffmenge f\u00fcr optimale Leistung und Verbrauch *<\/p>\n<\/li>\n<li data-start=\"310\" data-end=\"371\">\n<p data-start=\"312\" data-end=\"371\">Anpassung an verschiedene Auspuffanlagen und Luftfilter *<\/p>\n<\/li>\n<li data-start=\"372\" data-end=\"420\">\n<p data-start=\"374\" data-end=\"420\">angehobener Drehzahlbegrenzer (auf Wunsch) *<\/p>\n<\/li>\n<li data-start=\"421\" data-end=\"483\">\n<p data-start=\"423\" data-end=\"483\">angehobener H\u00f6chstgeschwindigkeitsbegrenzer (auf Wunsch) *<\/p>\n<\/li>\n<li data-start=\"484\" data-end=\"540\">\n<p data-start=\"486\" data-end=\"540\">angepasstes Drive By Wire f\u00fcr direktere Gasannahme *<\/p>\n<\/li>\n<li data-start=\"541\" data-end=\"619\">\n<p data-start=\"543\" data-end=\"619\">angepasstes Z\u00fcndkennfeld auf europ\u00e4ischen Kraftstoff (Oktanzahlen ab 95) *<\/p>\n<\/li>\n<\/ul>\n<p data-start=\"621\" data-end=\"747\">* <strong data-start=\"624\" data-end=\"747\">diese Kennfelder werden f\u00fcr unsere Kunden von uns nach Einsendung des ausgelesenen Serienkennfeldes kostenlos angepasst<\/strong><\/p>\n<p data-start=\"754\" data-end=\"942\">Als <strong data-start=\"758\" data-end=\"785\">unser Powervision-Kunde<\/strong> k\u00f6nnen Sie uns das ausgelesene Serienkennfeld Ihrer Harley unter Angabe der gew\u00fcnschten \u00c4nderungen zusenden und erhalten ein daraufhin angepasstes Kennfeld!<\/p>\n<h3 data-start=\"949\" data-end=\"1031\"><strong data-start=\"953\" data-end=\"1031\">Das perfekte Ger\u00e4t, um Ihre Harley schnell und optimal selbst abzustimmen!<\/strong><\/h3>\n<p data-start=\"1032\" data-end=\"1169\">Harte Gasannahme und Konstantfahrruckeln geh\u00f6ren der Vergangenheit an \u2013 die Abstimmung kann individuell an das Motorrad angepasst werden!<\/p>\n<p data-start=\"1176\" data-end=\"1242\"><strong data-start=\"1176\" data-end=\"1242\">Sie m\u00f6chten nicht selbst Hand anlegen? Wir machen das f\u00fcr Sie!<\/strong><\/p>\n<p data-start=\"1244\" data-end=\"1304\">Zus\u00e4tzliche Infos finden Sie <strong data-start=\"1273\" data-end=\"1304\">unter diesem Link und hier!<\/strong><\/p>\n<h3 data-start=\"1311\" data-end=\"1338\"><strong data-start=\"1315\" data-end=\"1338\">Tuningm\u00f6glichkeiten<\/strong><\/h3>\n<p data-start=\"1340\" data-end=\"1488\">Das Power Vision l\u00e4dt das Serienkennfeld des Motorrades herunter und speichert es ab.<br data-start=\"1425\" data-end=\"1428\" \/>Folgende M\u00f6glichkeiten zum Laden von Tunes werden angeboten:<\/p>\n<ul data-start=\"1490\" data-end=\"2193\">\n<li data-start=\"1490\" data-end=\"1662\">\n<p data-start=\"1492\" data-end=\"1662\">vorkonfigurierte Dynojet-Tunes \u2013 das Ger\u00e4t erkennt, um welchen Motorradtyp es sich handelt, und selektiert selbst\u00e4ndig passende Tunes aus seinem Speicher \u2013 ready to go!<\/p>\n<\/li>\n<li data-start=\"1663\" data-end=\"1820\">\n<p data-start=\"1665\" data-end=\"1820\">Custom Tunes, die durch einen Tuningcenter oder uns erstellt werden und per E-Mail verschickt werden k\u00f6nnen (bitte dazu das Serienkennfeld zu uns mailen)<\/p>\n<\/li>\n<li data-start=\"1821\" data-end=\"1930\">\n<p data-start=\"1823\" data-end=\"1930\">eine Kopie des heruntergeladenen Serienkennfeldes, um den Serienzustand des Motorrades wiederherzustellen<\/p>\n<\/li>\n<li data-start=\"1931\" data-end=\"1997\">\n<p data-start=\"1933\" data-end=\"1997\"><strong data-start=\"1933\" data-end=\"1985\">zylinderselektive Abstimmungen auf dem Pr\u00fcfstand<\/strong> vornehmen<\/p>\n<\/li>\n<li data-start=\"1998\" data-end=\"2101\">\n<p data-start=\"2000\" data-end=\"2101\"><strong data-start=\"2000\" data-end=\"2053\">zylinderselektive Abstimmungen mit Autotune Basic<\/strong> (ohne weiteres Zubeh\u00f6r) beim Fahren vornehmen<\/p>\n<\/li>\n<li data-start=\"2102\" data-end=\"2193\">\n<p data-start=\"2104\" data-end=\"2193\"><strong data-start=\"2104\" data-end=\"2169\">zylinderselektive Abstimmungen mit Dynojet Autotune 50-AT-130<\/strong> beim Fahren vornehmen<\/p>\n<\/li>\n<\/ul>\n<h3 data-start=\"28\" data-end=\"72\"><strong data-start=\"32\" data-end=\"72\">Kurzbeschreibung des Tuningvorganges<\/strong><\/h3>\n<p data-start=\"74\" data-end=\"173\">Folgende einfache Schritte erm\u00f6glichen das schnelle Abstimmen einer Harley mit CAN-Bus Steuerger\u00e4t:<\/p>\n<ul data-start=\"175\" data-end=\"732\">\n<li data-start=\"175\" data-end=\"246\">\n<p data-start=\"177\" data-end=\"246\">das Power Vision 3 an den Diagnosestecker des Fahrzeugs anschlie\u00dfen<\/p>\n<\/li>\n<li data-start=\"247\" data-end=\"351\">\n<p data-start=\"249\" data-end=\"351\">bei eingeschalteter Z\u00fcndung die Fahrzeugdaten auslesen und auf das Powervision 3 laden und speichern<\/p>\n<\/li>\n<li data-start=\"352\" data-end=\"451\">\n<p data-start=\"354\" data-end=\"451\">das Ger\u00e4t erkennt, um welches Modell es sich handelt, und schl\u00e4gt auf Wunsch passende Tunes vor<\/p>\n<\/li>\n<li data-start=\"452\" data-end=\"502\">\n<p data-start=\"454\" data-end=\"502\">Tune ausw\u00e4hlen und auf das Steuerger\u00e4t flashen<\/p>\n<\/li>\n<li data-start=\"503\" data-end=\"625\">\n<p data-start=\"505\" data-end=\"625\">alternativ kann das Originalkennfeld in der Powercore-Software bearbeitet und dann auf das Steuerger\u00e4t geflasht werden<\/p>\n<\/li>\n<li data-start=\"626\" data-end=\"732\">\n<p data-start=\"628\" data-end=\"732\">falls erforderlich, kann das Serienkennfeld jederzeit wieder auf das Steuerger\u00e4t zur\u00fcckgeflasht werden<\/p>\n<\/li>\n<\/ul>\n<h3 data-start=\"739\" data-end=\"768\"><strong data-start=\"743\" data-end=\"768\">Grundlegende Features<\/strong><\/h3>\n<ul data-start=\"770\" data-end=\"1225\">\n<li data-start=\"770\" data-end=\"818\">\n<p data-start=\"772\" data-end=\"818\">einfach bedienbar, dennoch ein Profiwerkzeug<\/p>\n<\/li>\n<li data-start=\"819\" data-end=\"890\">\n<p data-start=\"821\" data-end=\"890\">es wird kein Computer ben\u00f6tigt, um das Seriensteuerger\u00e4t zu flashen<\/p>\n<\/li>\n<li data-start=\"891\" data-end=\"927\">\n<p data-start=\"893\" data-end=\"927\">benutzerkonfigurierbares Display<\/p>\n<\/li>\n<li data-start=\"928\" data-end=\"987\">\n<p data-start=\"930\" data-end=\"987\">die serienm\u00e4\u00dfige Lambdaregelung kann beibehalten werden<\/p>\n<\/li>\n<li data-start=\"988\" data-end=\"1034\">\n<p data-start=\"990\" data-end=\"1034\">wasserdicht, sto\u00df- und vibrationsresistent<\/p>\n<\/li>\n<li data-start=\"1035\" data-end=\"1079\">\n<p data-start=\"1037\" data-end=\"1079\">Einstellung der Leerlaufdrehzahl m\u00f6glich<\/p>\n<\/li>\n<li data-start=\"1080\" data-end=\"1139\">\n<p data-start=\"1082\" data-end=\"1139\">Diagnosecodes k\u00f6nnen zur\u00fcckgesetzt bzw. gel\u00f6scht werden<\/p>\n<\/li>\n<li data-start=\"1140\" data-end=\"1225\">\n<p data-start=\"1142\" data-end=\"1225\"><strong data-start=\"1142\" data-end=\"1225\">Serienkennfelder k\u00f6nnen uns zur Optimierung zugemailt und wieder geladen werden<\/strong><\/p>\n<\/li>\n<\/ul>\n<h3 data-start=\"28\" data-end=\"83\"><strong data-start=\"32\" data-end=\"83\">Verwendbar f\u00fcr folgende Harley-Modelle ab 2021:<\/strong><\/h3>\n<ul data-start=\"85\" data-end=\"1691\">\n<li data-start=\"85\" data-end=\"129\">\n<p data-start=\"87\" data-end=\"129\">FLFBS Fat Boy 114 2021, 2022, 2023, 2024<\/p>\n<\/li>\n<li data-start=\"130\" data-end=\"164\">\n<p data-start=\"132\" data-end=\"164\">FLH Electra Glide Revival 2021<\/p>\n<\/li>\n<li data-start=\"165\" data-end=\"199\">\n<p data-start=\"167\" data-end=\"199\">FLHC Heritage Classic 107 2021<\/p>\n<\/li>\n<li data-start=\"200\" data-end=\"253\">\n<p data-start=\"202\" data-end=\"253\">FLHCS Heritage Classic 114 2021, 2022, 2023, 2024<\/p>\n<\/li>\n<li data-start=\"254\" data-end=\"283\">\n<p data-start=\"256\" data-end=\"283\">FLHR Road King 2021, 2022<\/p>\n<\/li>\n<li data-start=\"284\" data-end=\"335\">\n<p data-start=\"286\" data-end=\"335\">FLHRXS Road King Special 2021, 2022, 2023, 2024<\/p>\n<\/li>\n<li data-start=\"336\" data-end=\"378\">\n<p data-start=\"338\" data-end=\"378\">FLHT Electra Glide Standard 2021, 2022<\/p>\n<\/li>\n<li data-start=\"379\" data-end=\"425\">\n<p data-start=\"381\" data-end=\"425\">FLHTK Ultra Limited 2021, 2022, 2023, 2024<\/p>\n<\/li>\n<li data-start=\"426\" data-end=\"454\">\n<p data-start=\"428\" data-end=\"454\">FLHTKSE CVO Limited 2021<\/p>\n<\/li>\n<li data-start=\"455\" data-end=\"487\">\n<p data-start=\"457\" data-end=\"487\">FLHX Street Glide 2021, 2022<\/p>\n<\/li>\n<li data-start=\"488\" data-end=\"535\">\n<p data-start=\"490\" data-end=\"535\">FLHXS Street Glide Special 2021, 2022, 2023<\/p>\n<\/li>\n<li data-start=\"536\" data-end=\"574\">\n<p data-start=\"538\" data-end=\"574\">FLHXSE CVO Street Glide 2021, 2022<\/p>\n<\/li>\n<li data-start=\"575\" data-end=\"604\">\n<p data-start=\"577\" data-end=\"604\">FLSB Sport Glide 107 2021<\/p>\n<\/li>\n<li data-start=\"605\" data-end=\"635\">\n<p data-start=\"607\" data-end=\"635\">FLSL Softail Slim 107 2021<\/p>\n<\/li>\n<li data-start=\"636\" data-end=\"667\">\n<p data-start=\"638\" data-end=\"667\">FLTRX Road Glide 2021, 2022<\/p>\n<\/li>\n<li data-start=\"668\" data-end=\"714\">\n<p data-start=\"670\" data-end=\"714\">FLTRXS Road Glide Special 2021, 2022, 2023<\/p>\n<\/li>\n<li data-start=\"715\" data-end=\"752\">\n<p data-start=\"717\" data-end=\"752\">FLTRXSE CVO Road Glide 2021, 2022<\/p>\n<\/li>\n<li data-start=\"753\" data-end=\"800\">\n<p data-start=\"755\" data-end=\"800\">FXBBS Street Bob 114 2021, 2022, 2023, 2024<\/p>\n<\/li>\n<li data-start=\"801\" data-end=\"828\">\n<p data-start=\"803\" data-end=\"828\">FXBRS Breakout 114 2021<\/p>\n<\/li>\n<li data-start=\"829\" data-end=\"867\">\n<p data-start=\"831\" data-end=\"867\">FXFBS Fat Bob 114 2021, 2022, 2023<\/p>\n<\/li>\n<li data-start=\"868\" data-end=\"920\">\n<p data-start=\"870\" data-end=\"920\">FXST Softail Standard 107 2021, 2022, 2023, 2024<\/p>\n<\/li>\n<li data-start=\"921\" data-end=\"951\">\n<p data-start=\"923\" data-end=\"951\">FXLRS Low Rider S 114 2021<\/p>\n<\/li>\n<li data-start=\"952\" data-end=\"983\">\n<p data-start=\"954\" data-end=\"983\">FLHXST Street Glide ST 2022<\/p>\n<\/li>\n<li data-start=\"984\" data-end=\"1023\">\n<p data-start=\"986\" data-end=\"1023\">FLTRKSE CVO Road Glide Limited 2022<\/p>\n<\/li>\n<li data-start=\"1024\" data-end=\"1060\">\n<p data-start=\"1026\" data-end=\"1060\">FLTRXST Road Glide ST 2022, 2023<\/p>\n<\/li>\n<li data-start=\"1061\" data-end=\"1103\">\n<p data-start=\"1063\" data-end=\"1103\">FXLRS Low Rider S 117 2022, 2023, 2024<\/p>\n<\/li>\n<li data-start=\"1104\" data-end=\"1148\">\n<p data-start=\"1106\" data-end=\"1148\">FXLRST Low Rider ST 117 2022, 2023, 2024<\/p>\n<\/li>\n<li data-start=\"1149\" data-end=\"1193\">\n<p data-start=\"1151\" data-end=\"1193\">RA1250 Pan America 1250 2021, 2022, 2023<\/p>\n<\/li>\n<li data-start=\"1194\" data-end=\"1247\">\n<p data-start=\"1196\" data-end=\"1247\">RA1250S Pan America 1250 Special 2021, 2022, 2023<\/p>\n<\/li>\n<li data-start=\"1248\" data-end=\"1288\">\n<p data-start=\"1250\" data-end=\"1288\">RH1250S Sportster S 2021, 2022, 2023<\/p>\n<\/li>\n<li data-start=\"1289\" data-end=\"1326\">\n<p data-start=\"1291\" data-end=\"1326\">FLFBSANV Fat Boy Anniversary 2023<\/p>\n<\/li>\n<li data-start=\"1327\" data-end=\"1373\">\n<p data-start=\"1329\" data-end=\"1373\">FLHCSANV Heritage Classic Anniversary 2023<\/p>\n<\/li>\n<li data-start=\"1374\" data-end=\"1417\">\n<p data-start=\"1376\" data-end=\"1417\">FLHTKANV Ultra Limited Anniversary 2023<\/p>\n<\/li>\n<li data-start=\"1418\" data-end=\"1460\">\n<p data-start=\"1420\" data-end=\"1460\">FLHXSANV Street Glide Anniversary 2023<\/p>\n<\/li>\n<li data-start=\"1461\" data-end=\"1500\">\n<p data-start=\"1463\" data-end=\"1500\">FLTRK Road Glide Limited 2023, 2024<\/p>\n<\/li>\n<li data-start=\"1501\" data-end=\"1551\">\n<p data-start=\"1503\" data-end=\"1551\">FLTRKSEANV Road Glide Limited Anniversary 2023<\/p>\n<\/li>\n<li data-start=\"1552\" data-end=\"1593\">\n<p data-start=\"1554\" data-end=\"1593\">FLTRXSANV Road Glide Anniversary 2023<\/p>\n<\/li>\n<li data-start=\"1594\" data-end=\"1626\">\n<p data-start=\"1596\" data-end=\"1626\">FXBR Breakout 117 2023, 2024<\/p>\n<\/li>\n<li data-start=\"1627\" data-end=\"1657\">\n<p data-start=\"1629\" data-end=\"1657\">RH975 Nightster 2022, 2023<\/p>\n<\/li>\n<li data-start=\"1658\" data-end=\"1691\">\n<p data-start=\"1660\" data-end=\"1691\">RH975S Nightster Special 2023<\/p>\n<\/li>\n<\/ul>\n","protected":false},"excerpt":{"rendered":"<p>Power Vision 3 zur Abstimmung geeignet f\u00fcr Harley Davidson Euro 5 Modelle 2021\u20132024 Power Vision 3 geeignet f\u00fcr Harley Davidson Softail-, Touring- und Pan America-Modelle ab 2021 mit ME 22 Steuerger\u00e4t Das Flash-Modul zum Bearbeiten des Serienkennfeldes der aktuellen Euro 5 Modelle von Harley Davidson Mit dem Dynojet Power Vision PV3 k\u00f6nnen die Diagnosedaten und &#8230; <a title=\"Power Vision 3 zur Abstimmung geeignet f\u00fcr Harley-Davidson Euro 5 Modelle 2021\u20132024\" class=\"read-more\" href=\"https:\/\/dynojet-powervision.de\/de\/produkt\/power-vision-3-zur-abstimmung-geeignet-fuer-harley-davidson-euro-5-modelle-2021-2024\/\" aria-label=\"Mehr Informationen \u00fcber Power Vision 3 zur Abstimmung geeignet f\u00fcr Harley-Davidson Euro 5 Modelle 2021\u20132024\">Weiterlesen<\/a><\/p>\n","protected":false},"featured_media":1626,"template":"","meta":{"_links_to":"","_links_to_target":""},"product_cat":[24,25],"product_tag":[],"class_list":{"0":"post-1625","1":"product","2":"type-product","3":"status-publish","4":"has-post-thumbnail","6":"product_cat-alle-dynojet-power-vision-produkte","7":"product_cat-power-vision","9":"first","10":"instock","11":"sale","12":"taxable","13":"shipping-taxable","14":"purchasable","15":"product-type-simple"},"aioseo_notices":[],"_links":{"self":[{"href":"https:\/\/dynojet-powervision.de\/de\/wp-json\/wp\/v2\/product\/1625","targetHints":{"allow":["GET"]}}],"collection":[{"href":"https:\/\/dynojet-powervision.de\/de\/wp-json\/wp\/v2\/product"}],"about":[{"href":"https:\/\/dynojet-powervision.de\/de\/wp-json\/wp\/v2\/types\/product"}],"wp:featuredmedia":[{"embeddable":true,"href":"https:\/\/dynojet-powervision.de\/de\/wp-json\/wp\/v2\/media\/1626"}],"wp:attachment":[{"href":"https:\/\/dynojet-powervision.de\/de\/wp-json\/wp\/v2\/media?parent=1625"}],"wp:term":[{"taxonomy":"product_cat","embeddable":true,"href":"https:\/\/dynojet-powervision.de\/de\/wp-json\/wp\/v2\/product_cat?post=1625"},{"taxonomy":"product_tag","embeddable":true,"href":"https:\/\/dynojet-powervision.de\/de\/wp-json\/wp\/v2\/product_tag?post=1625"}],"curies":[{"name":"wp","href":"https:\/\/api.w.org\/{rel}","templated":true}]}}