{"id":1629,"date":"2025-10-27T14:52:46","date_gmt":"2025-10-27T13:52:46","guid":{"rendered":"https:\/\/dynojet-powervision.de\/de\/?post_type=product&#038;p=1629"},"modified":"2025-10-28T18:17:18","modified_gmt":"2025-10-28T17:17:18","slug":"power-vision-4-geeignet-fuer-alle-harley-davidson-modelle-mit-euro-5-ab-2021-zum-flashen-per-app","status":"publish","type":"product","link":"https:\/\/dynojet-powervision.de\/de\/produkt\/power-vision-4-geeignet-fuer-alle-harley-davidson-modelle-mit-euro-5-ab-2021-zum-flashen-per-app\/","title":{"rendered":"Power Vision 4 geeignet f\u00fcr alle Harley-Davidson Modelle mit Euro 5 ab 2021 zum Flashen per App"},"content":{"rendered":"<h3 data-start=\"28\" data-end=\"131\"><strong data-start=\"32\" data-end=\"131\">Power Vision 4 geeignet f\u00fcr alle Harley Davidson Modelle mit Euro 5 ab 2021 zum Flashen per App<\/strong><\/h3>\n<h3 data-start=\"133\" data-end=\"242\"><strong data-start=\"137\" data-end=\"242\">Power Vision 4 mit Bluetooth-Verbindung zum Handy geeignet Harley Davidson-Modelle mit Euro 5 ab 2021<\/strong><\/h3>\n<p data-start=\"244\" data-end=\"361\"><strong data-start=\"244\" data-end=\"361\">Flashen Sie leistungssteigernde Tunes mit dem einfach zu bedienenden Power Vision 4 von Dynojet auf Ihr Motorrad!<\/strong><\/p>\n<ul data-start=\"363\" data-end=\"672\">\n<li data-start=\"363\" data-end=\"415\">\n<p data-start=\"365\" data-end=\"415\">flashen Sie Ihre ECU einfach von der Telefon-App<\/p>\n<\/li>\n<li data-start=\"416\" data-end=\"484\">\n<p data-start=\"418\" data-end=\"484\">mit Lizenzen lassen sich mehrere Fahrzeuge mit einem Ger\u00e4t tunen<\/p>\n<\/li>\n<li data-start=\"485\" data-end=\"530\">\n<p data-start=\"487\" data-end=\"530\">Bluetooth-Konnektivit\u00e4t (Apple &amp; Android)<\/p>\n<\/li>\n<li data-start=\"531\" data-end=\"561\">\n<p data-start=\"533\" data-end=\"561\">Plug-and-Play-Installation<\/p>\n<\/li>\n<li data-start=\"562\" data-end=\"619\">\n<p data-start=\"564\" data-end=\"619\">sofortiger Zugriff auf die Tune-Datenbank von Dynojet<\/p>\n<\/li>\n<li data-start=\"620\" data-end=\"672\">\n<p data-start=\"622\" data-end=\"672\">Fehlermeldungen lassen sich anzeigen und l\u00f6schen<\/p>\n<\/li>\n<\/ul>\n<h3 data-start=\"679\" data-end=\"697\"><strong data-start=\"683\" data-end=\"697\">Mapservice<\/strong><\/h3>\n<ul data-start=\"699\" data-end=\"1023\">\n<li data-start=\"699\" data-end=\"786\">\n<p data-start=\"701\" data-end=\"786\">in der App werden von Dynojet fertige Maps f\u00fcr das jeweilige Fahrzeug vorgeschlagen<\/p>\n<\/li>\n<li data-start=\"787\" data-end=\"873\">\n<p data-start=\"789\" data-end=\"873\">auf Wunsch erstellen wir ein speziell auf Ihre Konfiguration <strong data-start=\"850\" data-end=\"871\">angepasstes Map*<\/strong><\/p>\n<\/li>\n<li data-start=\"874\" data-end=\"1023\">\n<p data-start=\"876\" data-end=\"1023\">die ausgelesene Serienmap kann uns von unseren Kunden unter Angabe der verwendeten Auspuffanlage und des Luftfilters zur Anpassung gemailt werden<\/p>\n<\/li>\n<\/ul>\n<p data-start=\"1025\" data-end=\"1149\">Unsere Maps sind f\u00fcr europ\u00e4ischen Kraftstoff und europ\u00e4ische Auspuffanlagen erh\u00e4ltlich und f\u00fcr <strong data-start=\"1120\" data-end=\"1147\">unsere Kunden kostenlos<\/strong><\/p>\n<h3 data-start=\"1156\" data-end=\"1183\"><strong data-start=\"1160\" data-end=\"1183\">Tuningm\u00f6glichkeiten<\/strong><\/h3>\n<ol data-start=\"1185\" data-end=\"2222\">\n<li data-start=\"1185\" data-end=\"1342\">\n<p data-start=\"1188\" data-end=\"1342\">Flashen Sie per Bluetooth Tunes auf Ihr Steuerger\u00e4t \u2013 erstellen Sie einfach ein Konto, w\u00e4hlen Ihre Map aus, flashen Sie und erfahren den \u201eUltimate Ride\u201c<\/p>\n<\/li>\n<li data-start=\"1343\" data-end=\"1462\">\n<p data-start=\"1346\" data-end=\"1462\">Zugriff auf eine riesige Datenbank vorgefertigter Maps f\u00fcr verschiedene Konfigurationen aus Auspuff und Luftfilter<\/p>\n<\/li>\n<li data-start=\"1463\" data-end=\"1548\">\n<p data-start=\"1466\" data-end=\"1548\">Einfaches Herunterladen und Verwalten von installierten benutzerdefinierten Maps<\/p>\n<\/li>\n<li data-start=\"1549\" data-end=\"1701\">\n<p data-start=\"1552\" data-end=\"1701\">Aufzeichnung von Echtzeit-Motordaten (<strong data-start=\"1590\" data-end=\"1605\">Datalogging<\/strong>) und Anzeige in der Powercore Software f\u00fcr Windows, die kostenlos heruntergeladen werden kann<\/p>\n<\/li>\n<li data-start=\"1702\" data-end=\"1843\">\n<p data-start=\"1705\" data-end=\"1843\">Optimal f\u00fcr Remote-Tuning \u21d2 Einfach fahren, aufzeichnen und \u00fcbernehmen von Logfiles aus dem Smartphone (Datenaufzeichnungen beim Fahren)<\/p>\n<\/li>\n<li data-start=\"1844\" data-end=\"1944\">\n<p data-start=\"1847\" data-end=\"1944\">Lesen, \u00dcberpr\u00fcfen und L\u00f6schen von <strong data-start=\"1881\" data-end=\"1911\">Diagnosefehlercodes (DTCs)<\/strong> mit zugeh\u00f6rigen Beschreibungen<\/p>\n<\/li>\n<li data-start=\"1945\" data-end=\"2086\">\n<p data-start=\"1948\" data-end=\"2086\">Zus\u00e4tzlich sind fahrzeugbezogene Tunerlizenzen erh\u00e4ltlich, um mit einem Ger\u00e4t nacheinander <strong data-start=\"2039\" data-end=\"2066\">verschiedene Motorr\u00e4der<\/strong> flashen zu k\u00f6nnen<\/p>\n<\/li>\n<li data-start=\"2087\" data-end=\"2222\">\n<p data-start=\"2090\" data-end=\"2222\">Immer wieder zur\u00fcck zum Serienkennfeld \u2013 die urspr\u00fcngliche, werkseitige Map wird sicher in der Cloud und auf dem Telefon gesichert<\/p>\n<\/li>\n<\/ol>\n<h3 data-start=\"28\" data-end=\"72\"><strong data-start=\"32\" data-end=\"72\">Kurzbeschreibung des Tuningvorganges<\/strong><\/h3>\n<p data-start=\"74\" data-end=\"173\">Folgende einfache Schritte erm\u00f6glichen das schnelle Abstimmen einer Harley mit CAN-Bus Steuerger\u00e4t:<\/p>\n<ul data-start=\"175\" data-end=\"825\">\n<li data-start=\"175\" data-end=\"273\">\n<p data-start=\"177\" data-end=\"273\">die App auf das Smartphone herunterladen und ein Dynojet Konto erstellen (E-Mail und Passwort)<\/p>\n<\/li>\n<li data-start=\"274\" data-end=\"351\">\n<p data-start=\"276\" data-end=\"351\">das Power Vision 4 an den roten Diagnosestecker des Fahrzeugs anschlie\u00dfen<\/p>\n<\/li>\n<li data-start=\"352\" data-end=\"453\">\n<p data-start=\"354\" data-end=\"453\">bei eingeschalteter Z\u00fcndung die Fahrzeugdaten auslesen und auf das Smartphone laden und speichern<\/p>\n<\/li>\n<li data-start=\"454\" data-end=\"540\">\n<p data-start=\"456\" data-end=\"540\">die App erkennt, um welches Modell es sich handelt, und schl\u00e4gt passende Tunes vor<\/p>\n<\/li>\n<li data-start=\"541\" data-end=\"591\">\n<p data-start=\"543\" data-end=\"591\">Tune ausw\u00e4hlen und auf das Steuerger\u00e4t flashen<\/p>\n<\/li>\n<li data-start=\"592\" data-end=\"738\">\n<p data-start=\"594\" data-end=\"738\">alternativ kann das Originalkennfeld in der kostenlos herunterzuladenden Powercore-Software bearbeitet und auf das Steuerger\u00e4t geflasht werden<\/p>\n<\/li>\n<li data-start=\"739\" data-end=\"825\">\n<p data-start=\"741\" data-end=\"825\">das Serienkennfeld kann jederzeit wieder auf das Steuerger\u00e4t zur\u00fcckgeflasht werden<\/p>\n<\/li>\n<\/ul>\n<p data-start=\"827\" data-end=\"1088\">Mit einem <strong data-start=\"837\" data-end=\"857\">Power Vision PV4<\/strong> k\u00f6nnen die Diagnosedaten und Wartungseinstellungen beliebig vieler Harleys <strong data-start=\"933\" data-end=\"962\">mit rotem Diagnosestecker<\/strong> gepr\u00fcft und justiert werden.<br data-start=\"991\" data-end=\"994\" \/>\u00dcber die App ist eine einfache Bedienung auch <strong data-start=\"1040\" data-end=\"1077\">ohne Zuhilfenahme eines Computers<\/strong> m\u00f6glich.<\/p>\n<p data-start=\"1090\" data-end=\"1498\">F\u00fcr ein Fahrzeug pro Ger\u00e4t kann das <strong data-start=\"1126\" data-end=\"1184\">Serienkennfeld beliebig oft ge\u00e4ndert und \u00fcberschrieben<\/strong> werden. Diese Funktion ist an das jeweilige Fahrzeug gebunden und nicht f\u00fcr weitere verwendbar.<br data-start=\"1280\" data-end=\"1283\" \/>Der Anschluss erfolgt an den serienm\u00e4\u00dfigen <strong data-start=\"1326\" data-end=\"1351\">roten Diagnosestecker<\/strong> des Motorrades.<br data-start=\"1367\" data-end=\"1370\" \/>Wir weisen darauf hin, dass \u00c4nderungen am Serienkennfeld eines Fahrzeugs die <strong data-start=\"1447\" data-end=\"1490\">Betriebserlaubnis zum Erl\u00f6schen bringen<\/strong> k\u00f6nnen!<\/p>\n<h3 data-start=\"1505\" data-end=\"1534\"><strong data-start=\"1509\" data-end=\"1534\">Grundlegende Features<\/strong><\/h3>\n<ul data-start=\"1536\" data-end=\"2029\">\n<li data-start=\"1536\" data-end=\"1584\">\n<p data-start=\"1538\" data-end=\"1584\">einfach bedienbar, dennoch ein Profiwerkzeug<\/p>\n<\/li>\n<li data-start=\"1585\" data-end=\"1656\">\n<p data-start=\"1587\" data-end=\"1656\">es wird kein Computer ben\u00f6tigt, um das Seriensteuerger\u00e4t zu flashen<\/p>\n<\/li>\n<li data-start=\"1657\" data-end=\"1716\">\n<p data-start=\"1659\" data-end=\"1716\">die serienm\u00e4\u00dfige Lambdaregelung kann beibehalten werden<\/p>\n<\/li>\n<li data-start=\"1717\" data-end=\"1763\">\n<p data-start=\"1719\" data-end=\"1763\">wasserdicht, sto\u00df- und vibrationsresistent<\/p>\n<\/li>\n<li data-start=\"1764\" data-end=\"1823\">\n<p data-start=\"1766\" data-end=\"1823\">Diagnosecodes k\u00f6nnen zur\u00fcckgesetzt bzw. gel\u00f6scht werden<\/p>\n<\/li>\n<li data-start=\"1824\" data-end=\"1911\">\n<p data-start=\"1826\" data-end=\"1911\"><strong data-start=\"1826\" data-end=\"1909\">Serienkennfelder k\u00f6nnen uns zur Optimierung zugemailt und wieder geladen werden<\/strong><\/p>\n<\/li>\n<li data-start=\"1912\" data-end=\"1968\">\n<p data-start=\"1914\" data-end=\"1968\">die App f\u00fcr <strong data-start=\"1926\" data-end=\"1966\">iOS kann hier heruntergeladen werden<\/strong><\/p>\n<\/li>\n<li data-start=\"1969\" data-end=\"2029\">\n<p data-start=\"1971\" data-end=\"2029\">die App f\u00fcr <strong data-start=\"1983\" data-end=\"2027\">Android kann hier heruntergeladen werden<\/strong><\/p>\n<\/li>\n<\/ul>\n<h3 data-start=\"28\" data-end=\"50\"><strong data-start=\"32\" data-end=\"50\">Verwendbar f\u00fcr<\/strong><\/h3>\n<ul data-start=\"52\" data-end=\"1698\">\n<li data-start=\"52\" data-end=\"96\">\n<p data-start=\"54\" data-end=\"96\">FLFBS Fat Boy 114 2021, 2022, 2023, 2024<\/p>\n<\/li>\n<li data-start=\"97\" data-end=\"131\">\n<p data-start=\"99\" data-end=\"131\">FLH Electra Glide Revival 2021<\/p>\n<\/li>\n<li data-start=\"132\" data-end=\"166\">\n<p data-start=\"134\" data-end=\"166\">FLHC Heritage Classic 107 2021<\/p>\n<\/li>\n<li data-start=\"167\" data-end=\"220\">\n<p data-start=\"169\" data-end=\"220\">FLHCS Heritage Classic 114 2021, 2022, 2023, 2024<\/p>\n<\/li>\n<li data-start=\"221\" data-end=\"250\">\n<p data-start=\"223\" data-end=\"250\">FLHR Road King 2021, 2022<\/p>\n<\/li>\n<li data-start=\"251\" data-end=\"302\">\n<p data-start=\"253\" data-end=\"302\">FLHRXS Road King Special 2021, 2022, 2023, 2024<\/p>\n<\/li>\n<li data-start=\"303\" data-end=\"345\">\n<p data-start=\"305\" data-end=\"345\">FLHT Electra Glide Standard 2021, 2022<\/p>\n<\/li>\n<li data-start=\"346\" data-end=\"385\">\n<p data-start=\"348\" data-end=\"385\">FLHTCUTGSE CVO Tri Glide 2021, 2022<\/p>\n<\/li>\n<li data-start=\"386\" data-end=\"432\">\n<p data-start=\"388\" data-end=\"432\">FLHTK Ultra Limited 2021, 2022, 2023, 2024<\/p>\n<\/li>\n<li data-start=\"433\" data-end=\"461\">\n<p data-start=\"435\" data-end=\"461\">FLHTKSE CVO Limited 2021<\/p>\n<\/li>\n<li data-start=\"462\" data-end=\"494\">\n<p data-start=\"464\" data-end=\"494\">FLHX Street Glide 2021, 2022<\/p>\n<\/li>\n<li data-start=\"495\" data-end=\"542\">\n<p data-start=\"497\" data-end=\"542\">FLHXS Street Glide Special 2021, 2022, 2023<\/p>\n<\/li>\n<li data-start=\"543\" data-end=\"581\">\n<p data-start=\"545\" data-end=\"581\">FLHXSE CVO Street Glide 2021, 2022<\/p>\n<\/li>\n<li data-start=\"582\" data-end=\"611\">\n<p data-start=\"584\" data-end=\"611\">FLSB Sport Glide 107 2021<\/p>\n<\/li>\n<li data-start=\"612\" data-end=\"642\">\n<p data-start=\"614\" data-end=\"642\">FLSL Softail Slim 107 2021<\/p>\n<\/li>\n<li data-start=\"643\" data-end=\"674\">\n<p data-start=\"645\" data-end=\"674\">FLTRX Road Glide 2021, 2022<\/p>\n<\/li>\n<li data-start=\"675\" data-end=\"721\">\n<p data-start=\"677\" data-end=\"721\">FLTRXS Road Glide Special 2021, 2022, 2023<\/p>\n<\/li>\n<li data-start=\"722\" data-end=\"759\">\n<p data-start=\"724\" data-end=\"759\">FLTRXSE CVO Road Glide 2021, 2022<\/p>\n<\/li>\n<li data-start=\"760\" data-end=\"807\">\n<p data-start=\"762\" data-end=\"807\">FXBBS Street Bob 114 2021, 2022, 2023, 2024<\/p>\n<\/li>\n<li data-start=\"808\" data-end=\"835\">\n<p data-start=\"810\" data-end=\"835\">FXBRS Breakout 114 2021<\/p>\n<\/li>\n<li data-start=\"836\" data-end=\"874\">\n<p data-start=\"838\" data-end=\"874\">FXFBS Fat Bob 114 2021, 2022, 2023<\/p>\n<\/li>\n<li data-start=\"875\" data-end=\"927\">\n<p data-start=\"877\" data-end=\"927\">FXST Softail Standard 107 2021, 2022, 2023, 2024<\/p>\n<\/li>\n<li data-start=\"928\" data-end=\"958\">\n<p data-start=\"930\" data-end=\"958\">FXLRS Low Rider S 114 2021<\/p>\n<\/li>\n<li data-start=\"959\" data-end=\"990\">\n<p data-start=\"961\" data-end=\"990\">FLHXST Street Glide ST 2022<\/p>\n<\/li>\n<li data-start=\"991\" data-end=\"1030\">\n<p data-start=\"993\" data-end=\"1030\">FLTRKSE CVO Road Glide Limited 2022<\/p>\n<\/li>\n<li data-start=\"1031\" data-end=\"1067\">\n<p data-start=\"1033\" data-end=\"1067\">FLTRXST Road Glide ST 2022, 2023<\/p>\n<\/li>\n<li data-start=\"1068\" data-end=\"1110\">\n<p data-start=\"1070\" data-end=\"1110\">FXLRS Low Rider S 117 2022, 2023, 2024<\/p>\n<\/li>\n<li data-start=\"1111\" data-end=\"1155\">\n<p data-start=\"1113\" data-end=\"1155\">FXLRST Low Rider ST 117 2022, 2023, 2024<\/p>\n<\/li>\n<li data-start=\"1156\" data-end=\"1200\">\n<p data-start=\"1158\" data-end=\"1200\">RA1250 Pan America 1250 2021, 2022, 2023<\/p>\n<\/li>\n<li data-start=\"1201\" data-end=\"1254\">\n<p data-start=\"1203\" data-end=\"1254\">RA1250S Pan America 1250 Special 2021, 2022, 2023<\/p>\n<\/li>\n<li data-start=\"1255\" data-end=\"1295\">\n<p data-start=\"1257\" data-end=\"1295\">RH1250S Sportster S 2021, 2022, 2023<\/p>\n<\/li>\n<li data-start=\"1296\" data-end=\"1342\">\n<p data-start=\"1298\" data-end=\"1342\">FLHCSANV Heritage Classic Anniversary 2023<\/p>\n<\/li>\n<li data-start=\"1343\" data-end=\"1386\">\n<p data-start=\"1345\" data-end=\"1386\">FLHTKANV Ultra Limited Anniversary 2023<\/p>\n<\/li>\n<li data-start=\"1387\" data-end=\"1429\">\n<p data-start=\"1389\" data-end=\"1429\">FLHXSANV Street Glide Anniversary 2023<\/p>\n<\/li>\n<li data-start=\"1430\" data-end=\"1469\">\n<p data-start=\"1432\" data-end=\"1469\">FLTRK Road Glide Limited 2023, 2024<\/p>\n<\/li>\n<li data-start=\"1470\" data-end=\"1520\">\n<p data-start=\"1472\" data-end=\"1520\">FLTRKSEANV Road Glide Limited Anniversary 2023<\/p>\n<\/li>\n<li data-start=\"1521\" data-end=\"1562\">\n<p data-start=\"1523\" data-end=\"1562\">FLTRXSANV Road Glide Anniversary 2023<\/p>\n<\/li>\n<li data-start=\"1563\" data-end=\"1595\">\n<p data-start=\"1565\" data-end=\"1595\">FXBR Breakout 117 2023, 2024<\/p>\n<\/li>\n<li data-start=\"1596\" data-end=\"1626\">\n<p data-start=\"1598\" data-end=\"1626\">RH975 Nightster 2022, 2023<\/p>\n<\/li>\n<li data-start=\"1627\" data-end=\"1660\">\n<p data-start=\"1629\" data-end=\"1660\">RH975S Nightster Special 2023<\/p>\n<\/li>\n<li data-start=\"1661\" data-end=\"1698\">\n<p data-start=\"1663\" data-end=\"1698\">FLFBSANV Fat Boy Anniversary 2023<\/p>\n<\/li>\n<\/ul>\n","protected":false},"excerpt":{"rendered":"<p>Power Vision 4 geeignet f\u00fcr alle Harley Davidson Modelle mit Euro 5 ab 2021 zum Flashen per App Power Vision 4 mit Bluetooth-Verbindung zum Handy geeignet Harley Davidson-Modelle mit Euro 5 ab 2021 Flashen Sie leistungssteigernde Tunes mit dem einfach zu bedienenden Power Vision 4 von Dynojet auf Ihr Motorrad! flashen Sie Ihre ECU einfach &#8230; <a title=\"Power Vision 4 geeignet f\u00fcr alle Harley-Davidson Modelle mit Euro 5 ab 2021 zum Flashen per App\" class=\"read-more\" href=\"https:\/\/dynojet-powervision.de\/de\/produkt\/power-vision-4-geeignet-fuer-alle-harley-davidson-modelle-mit-euro-5-ab-2021-zum-flashen-per-app\/\" aria-label=\"Mehr Informationen \u00fcber Power Vision 4 geeignet f\u00fcr alle Harley-Davidson Modelle mit Euro 5 ab 2021 zum Flashen per App\">Weiterlesen<\/a><\/p>\n","protected":false},"featured_media":1630,"template":"","meta":{"_links_to":"","_links_to_target":""},"product_cat":[24,25],"product_tag":[],"class_list":{"0":"post-1629","1":"product","2":"type-product","3":"status-publish","4":"has-post-thumbnail","6":"product_cat-alle-dynojet-power-vision-produkte","7":"product_cat-power-vision","9":"first","10":"instock","11":"sale","12":"taxable","13":"shipping-taxable","14":"purchasable","15":"product-type-simple"},"aioseo_notices":[],"_links":{"self":[{"href":"https:\/\/dynojet-powervision.de\/de\/wp-json\/wp\/v2\/product\/1629","targetHints":{"allow":["GET"]}}],"collection":[{"href":"https:\/\/dynojet-powervision.de\/de\/wp-json\/wp\/v2\/product"}],"about":[{"href":"https:\/\/dynojet-powervision.de\/de\/wp-json\/wp\/v2\/types\/product"}],"wp:featuredmedia":[{"embeddable":true,"href":"https:\/\/dynojet-powervision.de\/de\/wp-json\/wp\/v2\/media\/1630"}],"wp:attachment":[{"href":"https:\/\/dynojet-powervision.de\/de\/wp-json\/wp\/v2\/media?parent=1629"}],"wp:term":[{"taxonomy":"product_cat","embeddable":true,"href":"https:\/\/dynojet-powervision.de\/de\/wp-json\/wp\/v2\/product_cat?post=1629"},{"taxonomy":"product_tag","embeddable":true,"href":"https:\/\/dynojet-powervision.de\/de\/wp-json\/wp\/v2\/product_tag?post=1629"}],"curies":[{"name":"wp","href":"https:\/\/api.w.org\/{rel}","templated":true}]}}