{"id":1633,"date":"2025-10-27T15:03:21","date_gmt":"2025-10-27T14:03:21","guid":{"rendered":"https:\/\/dynojet-powervision.de\/de\/?post_type=product&#038;p=1633"},"modified":"2025-10-28T18:11:25","modified_gmt":"2025-10-28T17:11:25","slug":"power-vision-3-geeignet-fuer-harley-davidson-modelle-ab-2024-mit-g-26-steuergeraet","status":"publish","type":"product","link":"https:\/\/dynojet-powervision.de\/de\/produkt\/power-vision-3-geeignet-fuer-harley-davidson-modelle-ab-2024-mit-g-26-steuergeraet\/","title":{"rendered":"Power Vision 3 geeignet f\u00fcr Harley-Davidson-Modelle ab 2024 mit G 26 Steuerger\u00e4t"},"content":{"rendered":"<h3 data-start=\"28\" data-end=\"116\"><strong data-start=\"32\" data-end=\"116\">Power Vision 3 geeignet f\u00fcr Harley Davidson-Modelle ab 2024 mit G 26 Steuerger\u00e4t<\/strong><\/h3>\n<h3 data-start=\"118\" data-end=\"234\"><strong data-start=\"122\" data-end=\"234\">Das Flash-Modul zum Bearbeiten des Serienkennfeldes der aktuellen Euro 5 Modelle von Harley Davidson ab 2024<\/strong><\/h3>\n<p data-start=\"236\" data-end=\"393\">Mit dem <strong data-start=\"244\" data-end=\"272\">Dynojet Power Vision PV3<\/strong> k\u00f6nnen die Diagnosedaten und Wartungseinstellungen beliebig vieler Harleys mit <strong data-start=\"352\" data-end=\"374\">G 26 Steuerger\u00e4ten<\/strong> bearbeitet werden.<\/p>\n<p data-start=\"395\" data-end=\"417\">Damit wird es m\u00f6glich:<\/p>\n<ul data-start=\"419\" data-end=\"1116\">\n<li data-start=\"419\" data-end=\"500\">\n<p data-start=\"421\" data-end=\"500\">Kennfelder direkt \u00fcber den <strong data-start=\"448\" data-end=\"487\">Diagnosestecker auf das Steuerger\u00e4t<\/strong> zu flashen<\/p>\n<\/li>\n<li data-start=\"501\" data-end=\"578\">\n<p data-start=\"503\" data-end=\"578\">Fahrzeugdaten in Echtzeit auf dem Display darzustellen und zu analysieren<\/p>\n<\/li>\n<li data-start=\"579\" data-end=\"622\">\n<p data-start=\"581\" data-end=\"622\">Diagnosecodes auszulesen und zu l\u00f6schen<\/p>\n<\/li>\n<li data-start=\"623\" data-end=\"662\">\n<p data-start=\"625\" data-end=\"662\">vorgefertigte Tunes direkt zu laden<\/p>\n<\/li>\n<li data-start=\"663\" data-end=\"756\">\n<p data-start=\"665\" data-end=\"756\">Tunes mit der <strong data-start=\"679\" data-end=\"702\">Power Core Software<\/strong> (Windows 10 aufw\u00e4rts) zu bearbeiten und abzustimmen<\/p>\n<\/li>\n<li data-start=\"757\" data-end=\"825\">\n<p data-start=\"759\" data-end=\"825\"><strong data-start=\"759\" data-end=\"811\">zylinderselektive Abstimmungen auf dem Pr\u00fcfstand<\/strong> vorzunehmen<\/p>\n<\/li>\n<li data-start=\"826\" data-end=\"877\">\n<p data-start=\"828\" data-end=\"877\">die H\u00f6chstgeschwindigkeitsbegrenzung aufzuheben<\/p>\n<\/li>\n<li data-start=\"878\" data-end=\"924\">\n<p data-start=\"880\" data-end=\"924\">Drehzahlbegrenzer zu senken oder anzuheben<\/p>\n<\/li>\n<li data-start=\"925\" data-end=\"964\">\n<p data-start=\"927\" data-end=\"964\">Drehmomentbegrenzer zu modifizieren<\/p>\n<\/li>\n<li data-start=\"965\" data-end=\"1004\">\n<p data-start=\"967\" data-end=\"1004\">Drive-by-wire-Funktionen anzupassen<\/p>\n<\/li>\n<li data-start=\"1005\" data-end=\"1116\">\n<p data-start=\"1007\" data-end=\"1116\">durch Zukauf von fahrzeugbezogenen Lizenzen lassen sich mit einem Ger\u00e4t beliebig viele Fahrzeuge bearbeiten<\/p>\n<\/li>\n<\/ul>\n<h3 data-start=\"1123\" data-end=\"1161\"><strong data-start=\"1127\" data-end=\"1161\">Das Power Vision 3 Kit enth\u00e4lt<\/strong><\/h3>\n<ul data-start=\"1163\" data-end=\"1394\">\n<li data-start=\"1163\" data-end=\"1212\">\n<p data-start=\"1165\" data-end=\"1212\">das Flashtool mit dem kontrastreichen Display<\/p>\n<\/li>\n<li data-start=\"1213\" data-end=\"1271\">\n<p data-start=\"1215\" data-end=\"1271\">das Verbindungskabel zum Diagnosestecker des Fahrzeugs<\/p>\n<\/li>\n<li data-start=\"1272\" data-end=\"1296\">\n<p data-start=\"1274\" data-end=\"1296\">USB-Verbindungskabel<\/p>\n<\/li>\n<li data-start=\"1297\" data-end=\"1394\">\n<p data-start=\"1299\" data-end=\"1394\">die Software <strong data-start=\"1312\" data-end=\"1326\">Power Core<\/strong> zum Auslesen der Logdateien und Bearbeiten der Tunes zum Download<\/p>\n<\/li>\n<\/ul>\n<h3 data-start=\"1401\" data-end=\"1443\"><strong data-start=\"1405\" data-end=\"1443\">Die Power Core Software erm\u00f6glicht<\/strong><\/h3>\n<ul data-start=\"1445\" data-end=\"1713\">\n<li data-start=\"1445\" data-end=\"1492\">\n<p data-start=\"1447\" data-end=\"1492\">das Verwalten und Bearbeiten der Kennfelder<\/p>\n<\/li>\n<li data-start=\"1493\" data-end=\"1580\">\n<p data-start=\"1495\" data-end=\"1580\">das Darstellen der w\u00e4hrend der Fahrt geloggten Daten als Grafik, Tabelle oder in 3D<\/p>\n<\/li>\n<li data-start=\"1581\" data-end=\"1659\">\n<p data-start=\"1583\" data-end=\"1659\">das Synchronisieren der Logdateien mit den Kennfeldern f\u00fcr pr\u00e4zises Tuning<\/p>\n<\/li>\n<li data-start=\"1660\" data-end=\"1713\">\n<p data-start=\"1662\" data-end=\"1713\">das Exportieren der Logfiles als <strong data-start=\"1695\" data-end=\"1711\">.csv-Dateien<\/strong><\/p>\n<\/li>\n<\/ul>\n<h3 data-start=\"28\" data-end=\"98\"><strong data-start=\"32\" data-end=\"98\">Fertige Kennfelder mit folgenden Features stehen zur Verf\u00fcgung<\/strong><\/h3>\n<ul data-start=\"100\" data-end=\"620\">\n<li data-start=\"100\" data-end=\"130\">\n<p data-start=\"102\" data-end=\"130\">optimiertes Serienkennfeld<\/p>\n<\/li>\n<li data-start=\"131\" data-end=\"177\">\n<p data-start=\"133\" data-end=\"177\">Stage 1 Kennfeld f\u00fcr Slipon-Auspuffanlagen<\/p>\n<\/li>\n<li data-start=\"178\" data-end=\"240\">\n<p data-start=\"180\" data-end=\"240\">Stage 2 Kennfeld f\u00fcr Komplettauspuffanlagen und Luftfilter<\/p>\n<\/li>\n<li data-start=\"241\" data-end=\"309\">\n<p data-start=\"243\" data-end=\"309\">angepasste Kraftstoffmenge f\u00fcr optimale Leistung und Verbrauch *<\/p>\n<\/li>\n<li data-start=\"310\" data-end=\"371\">\n<p data-start=\"312\" data-end=\"371\">Anpassung an verschiedene Auspuffanlagen und Luftfilter *<\/p>\n<\/li>\n<li data-start=\"372\" data-end=\"420\">\n<p data-start=\"374\" data-end=\"420\">angehobener Drehzahlbegrenzer (auf Wunsch) *<\/p>\n<\/li>\n<li data-start=\"421\" data-end=\"483\">\n<p data-start=\"423\" data-end=\"483\">angehobener H\u00f6chstgeschwindigkeitsbegrenzer (auf Wunsch) *<\/p>\n<\/li>\n<li data-start=\"484\" data-end=\"540\">\n<p data-start=\"486\" data-end=\"540\">angepasstes Drive by Wire f\u00fcr direktere Gasannahme *<\/p>\n<\/li>\n<li data-start=\"541\" data-end=\"620\">\n<p data-start=\"543\" data-end=\"620\">angepasste Z\u00fcndkennfelder auf europ\u00e4ischen Kraftstoff (Oktanzahlen ab 95) *<\/p>\n<\/li>\n<\/ul>\n<p data-start=\"622\" data-end=\"748\">* <strong data-start=\"625\" data-end=\"748\">diese Kennfelder werden f\u00fcr unsere Kunden von uns nach Einsendung des ausgelesenen Serienkennfeldes kostenlos angepasst<\/strong><\/p>\n<p data-start=\"755\" data-end=\"943\">Als <strong data-start=\"759\" data-end=\"786\">unser Powervision-Kunde<\/strong> k\u00f6nnen Sie uns das ausgelesene Serienkennfeld Ihrer Harley unter Angabe der gew\u00fcnschten \u00c4nderungen zusenden und erhalten ein daraufhin angepasstes Kennfeld!<\/p>\n<h3 data-start=\"950\" data-end=\"1032\"><strong data-start=\"954\" data-end=\"1032\">Das perfekte Ger\u00e4t, um Ihre Harley schnell und optimal selbst abzustimmen!<\/strong><\/h3>\n<p data-start=\"1033\" data-end=\"1170\">Harte Gasannahme und Konstantfahrruckeln geh\u00f6ren der Vergangenheit an \u2013 die Abstimmung kann individuell an das Motorrad angepasst werden!<\/p>\n<p data-start=\"1177\" data-end=\"1243\"><strong data-start=\"1177\" data-end=\"1243\">Sie m\u00f6chten nicht selbst Hand anlegen? Wir machen das f\u00fcr Sie!<\/strong><\/p>\n<p data-start=\"1245\" data-end=\"1305\">Zus\u00e4tzliche Infos finden Sie <strong data-start=\"1274\" data-end=\"1305\">unter diesem Link und hier!<\/strong><\/p>\n<h3 data-start=\"1312\" data-end=\"1339\"><strong data-start=\"1316\" data-end=\"1339\">Tuningm\u00f6glichkeiten<\/strong><\/h3>\n<p data-start=\"1341\" data-end=\"1489\">Das Power Vision l\u00e4dt das Serienkennfeld des Motorrades herunter und speichert es ab.<br data-start=\"1426\" data-end=\"1429\" \/>Folgende M\u00f6glichkeiten zum Laden von Tunes werden angeboten:<\/p>\n<ul data-start=\"1491\" data-end=\"2102\">\n<li data-start=\"1491\" data-end=\"1663\">\n<p data-start=\"1493\" data-end=\"1663\">vorkonfigurierte Dynojet-Tunes \u2013 das Ger\u00e4t erkennt, um welchen Motorradtyp es sich handelt, und selektiert selbst\u00e4ndig passende Tunes aus seinem Speicher \u2013 ready to go!<\/p>\n<\/li>\n<li data-start=\"1664\" data-end=\"1821\">\n<p data-start=\"1666\" data-end=\"1821\">Custom Tunes, die durch einen Tuningcenter oder uns erstellt werden und per E-Mail verschickt werden k\u00f6nnen (bitte dazu das Serienkennfeld zu uns mailen)<\/p>\n<\/li>\n<li data-start=\"1822\" data-end=\"1931\">\n<p data-start=\"1824\" data-end=\"1931\">eine Kopie des heruntergeladenen Serienkennfeldes, um den Serienzustand des Motorrades wiederherzustellen<\/p>\n<\/li>\n<li data-start=\"1932\" data-end=\"1998\">\n<p data-start=\"1934\" data-end=\"1998\"><strong data-start=\"1934\" data-end=\"1986\">zylinderselektive Abstimmungen auf dem Pr\u00fcfstand<\/strong> vornehmen<\/p>\n<\/li>\n<li data-start=\"1999\" data-end=\"2102\">\n<p data-start=\"2001\" data-end=\"2102\"><strong data-start=\"2001\" data-end=\"2054\">zylinderselektive Abstimmungen mit Autotune Basic<\/strong> (ohne weiteres Zubeh\u00f6r) beim Fahren vornehmen<\/p>\n<\/li>\n<\/ul>\n<h3 data-start=\"28\" data-end=\"72\"><strong data-start=\"32\" data-end=\"72\">Kurzbeschreibung des Tuningvorganges<\/strong><\/h3>\n<p data-start=\"74\" data-end=\"173\">Folgende einfache Schritte erm\u00f6glichen das schnelle Abstimmen einer Harley mit CAN-Bus Steuerger\u00e4t:<\/p>\n<ul data-start=\"175\" data-end=\"732\">\n<li data-start=\"175\" data-end=\"246\">\n<p data-start=\"177\" data-end=\"246\">das Power Vision 3 an den Diagnosestecker des Fahrzeugs anschlie\u00dfen<\/p>\n<\/li>\n<li data-start=\"247\" data-end=\"351\">\n<p data-start=\"249\" data-end=\"351\">bei eingeschalteter Z\u00fcndung die Fahrzeugdaten auslesen und auf das Powervision 3 laden und speichern<\/p>\n<\/li>\n<li data-start=\"352\" data-end=\"451\">\n<p data-start=\"354\" data-end=\"451\">das Ger\u00e4t erkennt, um welches Modell es sich handelt, und schl\u00e4gt auf Wunsch passende Tunes vor<\/p>\n<\/li>\n<li data-start=\"452\" data-end=\"502\">\n<p data-start=\"454\" data-end=\"502\">Tune ausw\u00e4hlen und auf das Steuerger\u00e4t flashen<\/p>\n<\/li>\n<li data-start=\"503\" data-end=\"625\">\n<p data-start=\"505\" data-end=\"625\">alternativ kann das Originalkennfeld in der Powercore-Software bearbeitet und dann auf das Steuerger\u00e4t geflasht werden<\/p>\n<\/li>\n<li data-start=\"626\" data-end=\"732\">\n<p data-start=\"628\" data-end=\"732\">falls erforderlich, kann das Serienkennfeld jederzeit wieder auf das Steuerger\u00e4t zur\u00fcckgeflasht werden<\/p>\n<\/li>\n<\/ul>\n<h3 data-start=\"739\" data-end=\"768\"><strong data-start=\"743\" data-end=\"768\">Grundlegende Features<\/strong><\/h3>\n<ul data-start=\"770\" data-end=\"1231\">\n<li data-start=\"770\" data-end=\"818\">\n<p data-start=\"772\" data-end=\"818\">einfach bedienbar, dennoch ein Profiwerkzeug<\/p>\n<\/li>\n<li data-start=\"819\" data-end=\"894\">\n<p data-start=\"821\" data-end=\"894\">es wird <strong data-start=\"829\" data-end=\"837\">kein<\/strong> Computer ben\u00f6tigt, um das Seriensteuerger\u00e4t zu flashen<\/p>\n<\/li>\n<li data-start=\"895\" data-end=\"931\">\n<p data-start=\"897\" data-end=\"931\">benutzerkonfigurierbares Display<\/p>\n<\/li>\n<li data-start=\"932\" data-end=\"991\">\n<p data-start=\"934\" data-end=\"991\">die serienm\u00e4\u00dfige Lambdaregelung kann beibehalten werden<\/p>\n<\/li>\n<li data-start=\"992\" data-end=\"1038\">\n<p data-start=\"994\" data-end=\"1038\">wasserdicht, sto\u00df- und vibrationsresistent<\/p>\n<\/li>\n<li data-start=\"1039\" data-end=\"1083\">\n<p data-start=\"1041\" data-end=\"1083\">Einstellung der Leerlaufdrehzahl m\u00f6glich<\/p>\n<\/li>\n<li data-start=\"1084\" data-end=\"1143\">\n<p data-start=\"1086\" data-end=\"1143\">Diagnosecodes k\u00f6nnen zur\u00fcckgesetzt bzw. gel\u00f6scht werden<\/p>\n<\/li>\n<li data-start=\"1144\" data-end=\"1231\">\n<p data-start=\"1146\" data-end=\"1231\"><strong data-start=\"1146\" data-end=\"1229\">Serienkennfelder k\u00f6nnen uns zur Optimierung zugemailt und wieder geladen werden<\/strong><\/p>\n<\/li>\n<\/ul>\n<h3 data-start=\"28\" data-end=\"83\"><strong data-start=\"32\" data-end=\"83\">Verwendbar f\u00fcr folgende Harley-Modelle ab 2023:<\/strong><\/h3>\n<ul data-start=\"85\" data-end=\"953\">\n<li data-start=\"85\" data-end=\"117\">\n<p data-start=\"87\" data-end=\"117\">FLHX Street Glide 2024, 2025<\/p>\n<\/li>\n<li data-start=\"118\" data-end=\"162\">\n<p data-start=\"120\" data-end=\"162\">FLHXSE CVO Street Glide 2023, 2024, 2025<\/p>\n<\/li>\n<li data-start=\"163\" data-end=\"194\">\n<p data-start=\"165\" data-end=\"194\">FLHXST Street Glide ST 2024<\/p>\n<\/li>\n<li data-start=\"195\" data-end=\"234\">\n<p data-start=\"197\" data-end=\"234\">FLTRK Road Glide Limited 2024, 2025<\/p>\n<\/li>\n<li data-start=\"235\" data-end=\"274\">\n<p data-start=\"237\" data-end=\"274\">FLTRKSE CVO Road Glide Limited 2023<\/p>\n<\/li>\n<li data-start=\"275\" data-end=\"306\">\n<p data-start=\"277\" data-end=\"306\">FLTRX Road Glide 2024, 2025<\/p>\n<\/li>\n<li data-start=\"307\" data-end=\"350\">\n<p data-start=\"309\" data-end=\"350\">FLTRXSE CVO Road Glide 2023, 2024, 2025<\/p>\n<\/li>\n<li data-start=\"351\" data-end=\"381\">\n<p data-start=\"353\" data-end=\"381\">FLTRXST Road Glide ST 2024<\/p>\n<\/li>\n<li data-start=\"382\" data-end=\"424\">\n<p data-start=\"384\" data-end=\"424\">FLTRXSTSE CVO Road Glide ST 2024, 2025<\/p>\n<\/li>\n<li data-start=\"425\" data-end=\"459\">\n<p data-start=\"427\" data-end=\"459\">FLHC Heritage Classic 117 2025<\/p>\n<\/li>\n<li data-start=\"460\" data-end=\"493\">\n<p data-start=\"462\" data-end=\"493\">FLHXU Street Glide Ultra 2025<\/p>\n<\/li>\n<li data-start=\"494\" data-end=\"530\">\n<p data-start=\"496\" data-end=\"530\">FLTRXRRSE CVO Road Glide RR 2025<\/p>\n<\/li>\n<li data-start=\"531\" data-end=\"557\">\n<p data-start=\"533\" data-end=\"557\">FXBR Breakout 117 2025<\/p>\n<\/li>\n<li data-start=\"558\" data-end=\"588\">\n<p data-start=\"560\" data-end=\"588\">FXLRS Low Rider S 117 2025<\/p>\n<\/li>\n<li data-start=\"589\" data-end=\"621\">\n<p data-start=\"591\" data-end=\"621\">FXLRST Low Rider ST 117 2025<\/p>\n<\/li>\n<li data-start=\"622\" data-end=\"654\">\n<p data-start=\"624\" data-end=\"654\">RA1250 Pan America 1250 2025<\/p>\n<\/li>\n<li data-start=\"655\" data-end=\"696\">\n<p data-start=\"657\" data-end=\"696\">RA1250S Pan America 1250 Special 2025<\/p>\n<\/li>\n<li data-start=\"697\" data-end=\"733\">\n<p data-start=\"699\" data-end=\"733\">RA1250S Pan America Special 2025<\/p>\n<\/li>\n<li data-start=\"734\" data-end=\"767\">\n<p data-start=\"736\" data-end=\"767\">RA1250SE CVO Pan America 2025<\/p>\n<\/li>\n<li data-start=\"768\" data-end=\"806\">\n<p data-start=\"770\" data-end=\"806\">RA1250SE CVO Pan America 1250 2025<\/p>\n<\/li>\n<li data-start=\"807\" data-end=\"844\">\n<p data-start=\"809\" data-end=\"844\">RA1250ST Pan America 1250 ST 2025<\/p>\n<\/li>\n<li data-start=\"845\" data-end=\"873\">\n<p data-start=\"847\" data-end=\"873\">RH1250S Sportster S 2025<\/p>\n<\/li>\n<li data-start=\"874\" data-end=\"898\">\n<p data-start=\"876\" data-end=\"898\">RH975 Nightster 2025<\/p>\n<\/li>\n<li data-start=\"899\" data-end=\"924\">\n<p data-start=\"901\" data-end=\"924\">FLFB Fat Boy 117 2025<\/p>\n<\/li>\n<li data-start=\"925\" data-end=\"953\">\n<p data-start=\"927\" data-end=\"953\">FXBB Street Bob 117 2025<\/p>\n<\/li>\n<\/ul>\n","protected":false},"excerpt":{"rendered":"<p>Power Vision 3 geeignet f\u00fcr Harley Davidson-Modelle ab 2024 mit G 26 Steuerger\u00e4t Das Flash-Modul zum Bearbeiten des Serienkennfeldes der aktuellen Euro 5 Modelle von Harley Davidson ab 2024 Mit dem Dynojet Power Vision PV3 k\u00f6nnen die Diagnosedaten und Wartungseinstellungen beliebig vieler Harleys mit G 26 Steuerger\u00e4ten bearbeitet werden. Damit wird es m\u00f6glich: Kennfelder direkt &#8230; <a title=\"Power Vision 3 geeignet f\u00fcr Harley-Davidson-Modelle ab 2024 mit G 26 Steuerger\u00e4t\" class=\"read-more\" href=\"https:\/\/dynojet-powervision.de\/de\/produkt\/power-vision-3-geeignet-fuer-harley-davidson-modelle-ab-2024-mit-g-26-steuergeraet\/\" aria-label=\"Mehr Informationen \u00fcber Power Vision 3 geeignet f\u00fcr Harley-Davidson-Modelle ab 2024 mit G 26 Steuerger\u00e4t\">Weiterlesen<\/a><\/p>\n","protected":false},"featured_media":1634,"template":"","meta":{"_links_to":"","_links_to_target":""},"product_cat":[24,25],"product_tag":[],"class_list":{"0":"post-1633","1":"product","2":"type-product","3":"status-publish","4":"has-post-thumbnail","6":"product_cat-alle-dynojet-power-vision-produkte","7":"product_cat-power-vision","9":"first","10":"instock","11":"sale","12":"taxable","13":"shipping-taxable","14":"purchasable","15":"product-type-simple"},"aioseo_notices":[],"_links":{"self":[{"href":"https:\/\/dynojet-powervision.de\/de\/wp-json\/wp\/v2\/product\/1633","targetHints":{"allow":["GET"]}}],"collection":[{"href":"https:\/\/dynojet-powervision.de\/de\/wp-json\/wp\/v2\/product"}],"about":[{"href":"https:\/\/dynojet-powervision.de\/de\/wp-json\/wp\/v2\/types\/product"}],"wp:featuredmedia":[{"embeddable":true,"href":"https:\/\/dynojet-powervision.de\/de\/wp-json\/wp\/v2\/media\/1634"}],"wp:attachment":[{"href":"https:\/\/dynojet-powervision.de\/de\/wp-json\/wp\/v2\/media?parent=1633"}],"wp:term":[{"taxonomy":"product_cat","embeddable":true,"href":"https:\/\/dynojet-powervision.de\/de\/wp-json\/wp\/v2\/product_cat?post=1633"},{"taxonomy":"product_tag","embeddable":true,"href":"https:\/\/dynojet-powervision.de\/de\/wp-json\/wp\/v2\/product_tag?post=1633"}],"curies":[{"name":"wp","href":"https:\/\/api.w.org\/{rel}","templated":true}]}}