{"id":1647,"date":"2025-10-27T15:49:19","date_gmt":"2025-10-27T14:49:19","guid":{"rendered":"https:\/\/dynojet-powervision.de\/de\/?post_type=product&#038;p=1647"},"modified":"2025-10-28T18:19:59","modified_gmt":"2025-10-28T17:19:59","slug":"power-vision-fuer-alle-geeignet-fuer-harley-davidson-modelle-2021-mit-euro-5-schwarzes-gehaeuse","status":"publish","type":"product","link":"https:\/\/dynojet-powervision.de\/de\/produkt\/power-vision-fuer-alle-geeignet-fuer-harley-davidson-modelle-2021-mit-euro-5-schwarzes-gehaeuse\/","title":{"rendered":"Power Vision f\u00fcr alle geeignet f\u00fcr Harley-Davidson Modelle 2021 \u2013 mit Euro 5, schwarzes Geh\u00e4use"},"content":{"rendered":"<p data-start=\"61\" data-end=\"160\"><strong data-start=\"61\" data-end=\"160\">Power Vision f\u00fcr alle geeignet f\u00fcr Harley Davidson Modelle 2021 \u2013 mit Euro 5, schwarzes Geh\u00e4use<\/strong><\/p>\n<p data-start=\"162\" data-end=\"318\"><strong data-start=\"162\" data-end=\"318\">Das Flash-Modul zum Bearbeiten des Serienkennfeldes der Softail-, Touring-, Sportster S, Nightster und Pan America-Modelle ab 2021 mit ME 22 Steuerger\u00e4t<\/strong><\/p>\n<p data-start=\"320\" data-end=\"816\">Mit einem <strong data-start=\"330\" data-end=\"352\">Power Vision PV-3B<\/strong> k\u00f6nnen die Diagnosedaten und Wartungseinstellungen beliebig vieler Harleys mit <strong data-start=\"432\" data-end=\"452\">Euro 5 Zulassung<\/strong> gepr\u00fcft und justiert werden.<br data-start=\"481\" data-end=\"484\" \/>F\u00fcr jeweils ein Fahrzeug pro Ger\u00e4t kann das Serienkennfeld beliebig oft ge\u00e4ndert und \u00fcberschrieben werden.<br data-start=\"590\" data-end=\"593\" \/>Diese Funktion ist an das jeweilige Fahrzeug gebunden und nicht f\u00fcr weitere verwendbar.<br data-start=\"680\" data-end=\"683\" \/>Zus\u00e4tzlich sind fahrzeugbezogene Tunerlizenzen erh\u00e4ltlich, um mit einem Ger\u00e4t nacheinander verschiedene Motorr\u00e4der flashen zu k\u00f6nnen.<\/p>\n<h3 data-start=\"823\" data-end=\"856\"><strong data-start=\"827\" data-end=\"856\">Features des Powervision:<\/strong><\/h3>\n<p data-start=\"858\" data-end=\"1137\">Power Vision zeigt auf einem gro\u00dfen Touchscreen in Echtzeit alle aktuellen Werte der Fahrzeug-ECU, wie Motortemperatur, Drehzahl, Vorz\u00fcndung u. a.<br data-start=\"1004\" data-end=\"1007\" \/>\u00dcber die <strong data-start=\"1016\" data-end=\"1036\">3,5\u201d Touchscreen<\/strong> mit 16 Mio. Farben ist eine einfache Bedienung auch <strong data-start=\"1089\" data-end=\"1126\">ohne Zuhilfenahme eines Computers<\/strong> m\u00f6glich.<\/p>\n<p data-start=\"1139\" data-end=\"1736\">Der Anschluss erfolgt an den serienm\u00e4\u00dfigen <strong data-start=\"1182\" data-end=\"1214\">roten Euro 5 Diagnosestecker<\/strong> des Motorrades.<br data-start=\"1230\" data-end=\"1233\" \/>Zus\u00e4tzlich lassen sich die Daten des Power Vision \u00fcber eine USB-Schnittstelle mit der mitgelieferten WINPV-Software auf einem PC bearbeiten und speichern.<br data-start=\"1387\" data-end=\"1390\" \/>Fertige Maps k\u00f6nnen nach Modell und Zubeh\u00f6rlisten sortiert, bearbeitet und geladen werden.<br data-start=\"1480\" data-end=\"1483\" \/>Ebenso lassen sich <strong data-start=\"1502\" data-end=\"1529\">neue Tunes (Kennfelder)<\/strong> in der WinPV Software erstellen und speichern.<br data-start=\"1576\" data-end=\"1579\" \/>Bis zu acht Tunes k\u00f6nnen auf Abruf auf dem Ger\u00e4t gespeichert werden und sind dann \u201eportabel\u201c verf\u00fcgbar.<br data-start=\"1682\" data-end=\"1685\" \/>Eine ausf\u00fchrliche <strong data-start=\"1703\" data-end=\"1735\">deutsche Anleitung liegt bei<\/strong>.<\/p>\n<p data-start=\"1738\" data-end=\"1839\">Nat\u00fcrlich kann das Serienkennfeld jederzeit wieder geladen werden, um den Serienzustand herzustellen.<\/p>\n<h3 data-start=\"1846\" data-end=\"1873\"><strong data-start=\"1850\" data-end=\"1873\">Tuningm\u00f6glichkeiten<\/strong><\/h3>\n<p data-start=\"1875\" data-end=\"2027\">Power Vision l\u00e4dt das Serienkennfeld des Motorrades herunter und speichert es ab. Bis zu acht Tunes lassen sich ausw\u00e4hlen und auf dem Ger\u00e4t speichern.<\/p>\n<p data-start=\"2029\" data-end=\"2089\">Folgende M\u00f6glichkeiten zum Laden von Tunes werden angeboten:<\/p>\n<ul data-start=\"2091\" data-end=\"2545\">\n<li data-start=\"2091\" data-end=\"2265\">\n<p data-start=\"2093\" data-end=\"2265\">vorkonfigurierte Dynojet-Tunes \u2013 das Ger\u00e4t erkennt, um welchen Motorradtyp es sich handelt, und selektiert selbst\u00e4ndig passende Tunes aus seinem Speicher \u2013 <em data-start=\"2249\" data-end=\"2263\">ready to go!<\/em><\/p>\n<\/li>\n<li data-start=\"2266\" data-end=\"2428\">\n<p data-start=\"2268\" data-end=\"2428\">Custom Tunes, die durch einen Tuningcenter oder selbst erstellt werden und per E-Mail verschickt werden k\u00f6nnen (<em data-start=\"2380\" data-end=\"2425\">bitte dazu das Serienkennfeld zu uns mailen<\/em>)<\/p>\n<\/li>\n<li data-start=\"2429\" data-end=\"2545\">\n<p data-start=\"2431\" data-end=\"2545\">eine Kopie des heruntergeladenen Serienkennfeldes kann zum Serienzustand des Motorrades wiederhergestellt werden<\/p>\n<\/li>\n<\/ul>\n<h3 data-start=\"61\" data-end=\"105\"><strong data-start=\"65\" data-end=\"105\">Kurzbeschreibung des Tuningvorganges<\/strong><\/h3>\n<p data-start=\"107\" data-end=\"221\">Folgende einfache Schritte erm\u00f6glichen das schnelle Abstimmen einer <strong data-start=\"175\" data-end=\"196\">Harley mit Euro 5<\/strong> basierendem Steuerger\u00e4t:<\/p>\n<ul data-start=\"223\" data-end=\"784\">\n<li data-start=\"223\" data-end=\"293\">\n<p data-start=\"225\" data-end=\"293\">das Power Vision an den Diagnosestecker des Fahrzeuges anschlie\u00dfen<\/p>\n<\/li>\n<li data-start=\"294\" data-end=\"397\">\n<p data-start=\"296\" data-end=\"397\">bei eingeschalteter Z\u00fcndung die Fahrzeugdaten auslesen und auf das Power Vision laden und speichern<\/p>\n<\/li>\n<li data-start=\"398\" data-end=\"508\">\n<p data-start=\"400\" data-end=\"508\">das Ger\u00e4t erkennt um welches Modell es sich handelt und schl\u00e4gt auf Wunsch verschiedene passende Tunes vor<\/p>\n<\/li>\n<li data-start=\"509\" data-end=\"559\">\n<p data-start=\"511\" data-end=\"559\">Tune ausw\u00e4hlen und auf das Steuerger\u00e4t flashen<\/p>\n<\/li>\n<li data-start=\"560\" data-end=\"678\">\n<p data-start=\"562\" data-end=\"678\">alternativ kann das Originalkennfeld in der WINPV-Software bearbeitet und dann auf das Steuerger\u00e4t geflasht werden<\/p>\n<\/li>\n<li data-start=\"679\" data-end=\"784\">\n<p data-start=\"681\" data-end=\"784\">falls erforderlich kann das Serienkennfeld jederzeit wieder auf das Steuerger\u00e4t zur\u00fcckgeflasht werden<\/p>\n<\/li>\n<\/ul>\n<h3 data-start=\"791\" data-end=\"820\"><strong data-start=\"795\" data-end=\"820\">Grundlegende Features<\/strong><\/h3>\n<ul data-start=\"822\" data-end=\"1400\">\n<li data-start=\"822\" data-end=\"870\">\n<p data-start=\"824\" data-end=\"870\">einfach bedienbar, dennoch ein Profiwerkzeug<\/p>\n<\/li>\n<li data-start=\"871\" data-end=\"945\">\n<p data-start=\"873\" data-end=\"945\">es wird <strong data-start=\"881\" data-end=\"898\">kein Computer<\/strong> ben\u00f6tigt um das Seriensteuerger\u00e4t zu flashen<\/p>\n<\/li>\n<li data-start=\"946\" data-end=\"989\">\n<p data-start=\"948\" data-end=\"989\">2 GB Speicher f\u00fcr Tunes und Datalogging<\/p>\n<\/li>\n<li data-start=\"990\" data-end=\"1026\">\n<p data-start=\"992\" data-end=\"1026\">benutzerkonfigurierbares Display<\/p>\n<\/li>\n<li data-start=\"1027\" data-end=\"1086\">\n<p data-start=\"1029\" data-end=\"1086\">die serienm\u00e4\u00dfige Lambdaregelung kann beibehalten werden<\/p>\n<\/li>\n<li data-start=\"1087\" data-end=\"1133\">\n<p data-start=\"1089\" data-end=\"1133\">wasserdicht, sto\u00df- und vibrationsresistent<\/p>\n<\/li>\n<li data-start=\"1134\" data-end=\"1206\">\n<p data-start=\"1136\" data-end=\"1206\">auf Wunsch kann eine Zylinderselektive Abstimmung vorgenommen werden<\/p>\n<\/li>\n<li data-start=\"1207\" data-end=\"1251\">\n<p data-start=\"1209\" data-end=\"1251\">Einstellung der Leerlaufdrehzahl m\u00f6glich<\/p>\n<\/li>\n<li data-start=\"1252\" data-end=\"1312\">\n<p data-start=\"1254\" data-end=\"1312\">Diagnosedcodes k\u00f6nnen zur\u00fcckgesetzt bzw. gel\u00f6scht werden<\/p>\n<\/li>\n<li data-start=\"1313\" data-end=\"1400\">\n<p data-start=\"1315\" data-end=\"1400\"><strong data-start=\"1315\" data-end=\"1372\">Serienkennfelder k\u00f6nnen uns zur Optimierung zugemailt<\/strong> und wieder geladen werde<\/p>\n<\/li>\n<\/ul>\n<h3 data-start=\"61\" data-end=\"116\"><strong data-start=\"65\" data-end=\"116\">Verwendbar f\u00fcr folgende Harley-Modelle ab 2021:<\/strong><\/h3>\n<ul data-start=\"118\" data-end=\"1351\">\n<li data-start=\"118\" data-end=\"156\">\n<p data-start=\"120\" data-end=\"156\">FLFBS Fat Boy 114 2021, 2022, 2023<\/p>\n<\/li>\n<li data-start=\"157\" data-end=\"191\">\n<p data-start=\"159\" data-end=\"191\">FLHC Heritage Classic 107 2021<\/p>\n<\/li>\n<li data-start=\"192\" data-end=\"239\">\n<p data-start=\"194\" data-end=\"239\">FLHCS Heritage Classic 114 2021, 2022, 2023<\/p>\n<\/li>\n<li data-start=\"240\" data-end=\"275\">\n<p data-start=\"242\" data-end=\"275\">FLHR Road King 2021, 2022, 2023<\/p>\n<\/li>\n<li data-start=\"276\" data-end=\"321\">\n<p data-start=\"278\" data-end=\"321\">FLHRXS Road King Special 2021, 2022, 2023<\/p>\n<\/li>\n<li data-start=\"322\" data-end=\"370\">\n<p data-start=\"324\" data-end=\"370\">FLHT Electra Glide Standard 2021, 2022, 2023<\/p>\n<\/li>\n<li data-start=\"371\" data-end=\"416\">\n<p data-start=\"373\" data-end=\"416\">FLHTCUTG Tri Glide Ultra 2021, 2022, 2023<\/p>\n<\/li>\n<li data-start=\"417\" data-end=\"462\">\n<p data-start=\"419\" data-end=\"462\">FLHTCUTGSE CVO Tri Glide 2021, 2022, 2023<\/p>\n<\/li>\n<li data-start=\"463\" data-end=\"503\">\n<p data-start=\"465\" data-end=\"503\">FLHTK Ultra Limited 2021, 2022, 2023<\/p>\n<\/li>\n<li data-start=\"504\" data-end=\"532\">\n<p data-start=\"506\" data-end=\"532\">FLHTKSE CVO Limited 2021<\/p>\n<\/li>\n<li data-start=\"533\" data-end=\"571\">\n<p data-start=\"535\" data-end=\"571\">FLHX Street Glide 2021, 2022, 2023<\/p>\n<\/li>\n<li data-start=\"572\" data-end=\"619\">\n<p data-start=\"574\" data-end=\"619\">FLHXS Street Glide Special 2021, 2022, 2023<\/p>\n<\/li>\n<li data-start=\"620\" data-end=\"664\">\n<p data-start=\"622\" data-end=\"664\">FLHXSE CVO Street Glide 2021, 2022, 2023<\/p>\n<\/li>\n<li data-start=\"665\" data-end=\"702\">\n<p data-start=\"667\" data-end=\"702\">FLHXST Street Glide ST 2022, 2023<\/p>\n<\/li>\n<li data-start=\"703\" data-end=\"740\">\n<p data-start=\"705\" data-end=\"740\">FLRT Freewheeler 2021, 2022, 2023<\/p>\n<\/li>\n<li data-start=\"741\" data-end=\"770\">\n<p data-start=\"743\" data-end=\"770\">FLSB Sport Glide 107 2021<\/p>\n<\/li>\n<li data-start=\"771\" data-end=\"801\">\n<p data-start=\"773\" data-end=\"801\">FLSL Softail Slim 107 2021<\/p>\n<\/li>\n<li data-start=\"802\" data-end=\"847\">\n<p data-start=\"804\" data-end=\"847\">FLTRKSE CVO Road Glide Limited 2022, 2023<\/p>\n<\/li>\n<li data-start=\"848\" data-end=\"885\">\n<p data-start=\"850\" data-end=\"885\">FLTRX Road Glide 2021, 2022, 2023<\/p>\n<\/li>\n<li data-start=\"886\" data-end=\"932\">\n<p data-start=\"888\" data-end=\"932\">FLTRXS Road Glide Special 2021, 2022, 2023<\/p>\n<\/li>\n<li data-start=\"933\" data-end=\"976\">\n<p data-start=\"935\" data-end=\"976\">FLTRXSE CVO Road Glide 2021, 2022, 2023<\/p>\n<\/li>\n<li data-start=\"977\" data-end=\"1013\">\n<p data-start=\"979\" data-end=\"1013\">FLTRXST Road Glide ST 2022, 2023<\/p>\n<\/li>\n<li data-start=\"1014\" data-end=\"1055\">\n<p data-start=\"1016\" data-end=\"1055\">FXBBS Street Bob 114 2021, 2022, 2023<\/p>\n<\/li>\n<li data-start=\"1056\" data-end=\"1094\">\n<p data-start=\"1058\" data-end=\"1094\">FXFBS Fat Bob 114 2021, 2022, 2023<\/p>\n<\/li>\n<li data-start=\"1095\" data-end=\"1131\">\n<p data-start=\"1097\" data-end=\"1131\">FXLRS Low Rider S 117 2022, 2023<\/p>\n<\/li>\n<li data-start=\"1132\" data-end=\"1170\">\n<p data-start=\"1134\" data-end=\"1170\">FXLRST Low Rider ST 117 2022, 2023<\/p>\n<\/li>\n<li data-start=\"1171\" data-end=\"1217\">\n<p data-start=\"1173\" data-end=\"1217\">FXST Softail Standard 107 2021, 2022, 2023<\/p>\n<\/li>\n<li data-start=\"1218\" data-end=\"1262\">\n<p data-start=\"1220\" data-end=\"1262\">RA1250 Pan America 1250 2021, 2022, 2023<\/p>\n<\/li>\n<li data-start=\"1263\" data-end=\"1316\">\n<p data-start=\"1265\" data-end=\"1316\">RA1250S Pan America 1250 Special 2021, 2022, 2023<\/p>\n<\/li>\n<li data-start=\"1317\" data-end=\"1351\">\n<p data-start=\"1319\" data-end=\"1351\">RH1250S Sportster S 2022, 2023<\/p>\n<\/li>\n<\/ul>\n","protected":false},"excerpt":{"rendered":"<p>Power Vision f\u00fcr alle geeignet f\u00fcr Harley Davidson Modelle 2021 \u2013 mit Euro 5, schwarzes Geh\u00e4use Das Flash-Modul zum Bearbeiten des Serienkennfeldes der Softail-, Touring-, Sportster S, Nightster und Pan America-Modelle ab 2021 mit ME 22 Steuerger\u00e4t Mit einem Power Vision PV-3B k\u00f6nnen die Diagnosedaten und Wartungseinstellungen beliebig vieler Harleys mit Euro 5 Zulassung gepr\u00fcft &#8230; <a title=\"Power Vision f\u00fcr alle geeignet f\u00fcr Harley-Davidson Modelle 2021 \u2013 mit Euro 5, schwarzes Geh\u00e4use\" class=\"read-more\" href=\"https:\/\/dynojet-powervision.de\/de\/produkt\/power-vision-fuer-alle-geeignet-fuer-harley-davidson-modelle-2021-mit-euro-5-schwarzes-gehaeuse\/\" aria-label=\"Mehr Informationen \u00fcber Power Vision f\u00fcr alle geeignet f\u00fcr Harley-Davidson Modelle 2021 \u2013 mit Euro 5, schwarzes Geh\u00e4use\">Weiterlesen<\/a><\/p>\n","protected":false},"featured_media":1648,"template":"","meta":{"_links_to":"","_links_to_target":""},"product_cat":[24,25],"product_tag":[],"class_list":{"0":"post-1647","1":"product","2":"type-product","3":"status-publish","4":"has-post-thumbnail","6":"product_cat-alle-dynojet-power-vision-produkte","7":"product_cat-power-vision","9":"first","10":"instock","11":"sale","12":"taxable","13":"shipping-taxable","14":"purchasable","15":"product-type-simple"},"aioseo_notices":[],"_links":{"self":[{"href":"https:\/\/dynojet-powervision.de\/de\/wp-json\/wp\/v2\/product\/1647","targetHints":{"allow":["GET"]}}],"collection":[{"href":"https:\/\/dynojet-powervision.de\/de\/wp-json\/wp\/v2\/product"}],"about":[{"href":"https:\/\/dynojet-powervision.de\/de\/wp-json\/wp\/v2\/types\/product"}],"wp:featuredmedia":[{"embeddable":true,"href":"https:\/\/dynojet-powervision.de\/de\/wp-json\/wp\/v2\/media\/1648"}],"wp:attachment":[{"href":"https:\/\/dynojet-powervision.de\/de\/wp-json\/wp\/v2\/media?parent=1647"}],"wp:term":[{"taxonomy":"product_cat","embeddable":true,"href":"https:\/\/dynojet-powervision.de\/de\/wp-json\/wp\/v2\/product_cat?post=1647"},{"taxonomy":"product_tag","embeddable":true,"href":"https:\/\/dynojet-powervision.de\/de\/wp-json\/wp\/v2\/product_tag?post=1647"}],"curies":[{"name":"wp","href":"https:\/\/api.w.org\/{rel}","templated":true}]}}