{"id":1657,"date":"2025-10-27T16:03:14","date_gmt":"2025-10-27T15:03:14","guid":{"rendered":"https:\/\/dynojet-powervision.de\/de\/?post_type=product&#038;p=1657"},"modified":"2025-10-28T18:16:08","modified_gmt":"2025-10-28T17:16:08","slug":"power-vision-3-zur-abstimmung-geeignet-fuer-harley-davidson-can-bus-modelle-2011-2020","status":"publish","type":"product","link":"https:\/\/dynojet-powervision.de\/de\/produkt\/power-vision-3-zur-abstimmung-geeignet-fuer-harley-davidson-can-bus-modelle-2011-2020\/","title":{"rendered":"Power Vision 3 zur Abstimmung geeignet f\u00fcr Harley-Davidson CAN-Bus Modelle 2011\u20132020"},"content":{"rendered":"<h3 data-start=\"61\" data-end=\"153\"><strong data-start=\"65\" data-end=\"153\">Power Vision 3 zur Abstimmung geeignet f\u00fcr Harley Davidson CAN-Bus Modelle 2011\u20132020<\/strong><\/h3>\n<h3 data-start=\"160\" data-end=\"332\"><strong data-start=\"164\" data-end=\"332\">Das Flash-Modul zum Bearbeiten des Serienkennfeldes der Sportster-Modelle 2014\u20132020, Softail-Modelle 2011\u20132020, Touring-Modelle 2014\u20132020 und Dyna-Modelle 2012\u20132017<\/strong><\/h3>\n<p data-start=\"334\" data-end=\"504\">Mit einem <strong data-start=\"344\" data-end=\"364\">Power Vision PV3<\/strong> k\u00f6nnen die Diagnosedaten und Wartungseinstellungen beliebig vieler Harleys mit Steuerger\u00e4ten <strong data-start=\"458\" data-end=\"473\">mit CAN-Bus<\/strong> gepr\u00fcft und justiert werden.<\/p>\n<p data-start=\"506\" data-end=\"546\">Das PV3 bietet folgende M\u00f6glichkeiten:<\/p>\n<ul data-start=\"547\" data-end=\"1471\">\n<li data-start=\"547\" data-end=\"625\">\n<p data-start=\"549\" data-end=\"625\">Kennfelder direkt \u00fcber den <strong data-start=\"576\" data-end=\"615\">Diagnosestecker auf das Steuerger\u00e4t<\/strong> flashen<\/p>\n<\/li>\n<li data-start=\"626\" data-end=\"698\">\n<p data-start=\"628\" data-end=\"698\">Fahrzeugdaten in Echtzeit auf dem Display darstellen und analysieren<\/p>\n<\/li>\n<li data-start=\"699\" data-end=\"738\">\n<p data-start=\"701\" data-end=\"738\">Diagnosedcodes auslesen und l\u00f6schen<\/p>\n<\/li>\n<li data-start=\"739\" data-end=\"775\">\n<p data-start=\"741\" data-end=\"775\">vorgefertigte Tunes direkt laden<\/p>\n<\/li>\n<li data-start=\"776\" data-end=\"864\">\n<p data-start=\"778\" data-end=\"864\">Tunes mit der <strong data-start=\"792\" data-end=\"815\">Power Core Software<\/strong> (Windows 10 aufw\u00e4rts) bearbeiten und abstimmen<\/p>\n<\/li>\n<li data-start=\"865\" data-end=\"927\">\n<p data-start=\"867\" data-end=\"927\">zylinderselektive Abstimmungen auf dem Pr\u00fcfstand vornehmen<\/p>\n<\/li>\n<li data-start=\"928\" data-end=\"1031\">\n<p data-start=\"930\" data-end=\"1031\">zylinderselektive Abstimmungen mit <strong data-start=\"965\" data-end=\"983\">Autotune Basic<\/strong> (ohne weiteres Zubeh\u00f6r) beim Fahren vornehmen<\/p>\n<\/li>\n<li data-start=\"1032\" data-end=\"1123\">\n<p data-start=\"1034\" data-end=\"1123\">zylinderselektive Abstimmungen mit <strong data-start=\"1069\" data-end=\"1099\">Dynojet Autotune 50-AT-131<\/strong> beim Fahren vornehmen<\/p>\n<\/li>\n<li data-start=\"1124\" data-end=\"1192\">\n<p data-start=\"1126\" data-end=\"1192\"><strong data-start=\"1126\" data-end=\"1141\">Target Tune<\/strong> zur Live-Anpassung w\u00e4hrend des Fahrens einsetzen<\/p>\n<\/li>\n<li data-start=\"1193\" data-end=\"1242\">\n<p data-start=\"1195\" data-end=\"1242\">die H\u00f6chstgeschwindigkeitsbegrenzung aufheben<\/p>\n<\/li>\n<li data-start=\"1243\" data-end=\"1284\">\n<p data-start=\"1245\" data-end=\"1284\">Drehzahlbegrenzer senken oder anheben<\/p>\n<\/li>\n<li data-start=\"1285\" data-end=\"1321\">\n<p data-start=\"1287\" data-end=\"1321\">Drehmomentbegrenzer modifizieren<\/p>\n<\/li>\n<li data-start=\"1322\" data-end=\"1359\">\n<p data-start=\"1324\" data-end=\"1359\">Drive-by-wire-Funktionen anpassen<\/p>\n<\/li>\n<li data-start=\"1360\" data-end=\"1471\">\n<p data-start=\"1362\" data-end=\"1471\">durch Zukauf von fahrzeugbezogenen Lizenzen lassen sich mit einem Ger\u00e4t beliebig viele Fahrzeuge bearbeiten<\/p>\n<\/li>\n<\/ul>\n<h3 data-start=\"1478\" data-end=\"1516\"><strong data-start=\"1482\" data-end=\"1516\">Das Power Vision 3 Kit enth\u00e4lt<\/strong><\/h3>\n<ul data-start=\"1518\" data-end=\"1746\">\n<li data-start=\"1518\" data-end=\"1567\">\n<p data-start=\"1520\" data-end=\"1567\">das Flashtool mit dem kontrastreichen Display<\/p>\n<\/li>\n<li data-start=\"1568\" data-end=\"1627\">\n<p data-start=\"1570\" data-end=\"1627\">das Verbindungskabel zum Diagnosestecker des Fahrzeuges<\/p>\n<\/li>\n<li data-start=\"1628\" data-end=\"1652\">\n<p data-start=\"1630\" data-end=\"1652\">USB-Verbindungskabel<\/p>\n<\/li>\n<li data-start=\"1653\" data-end=\"1746\">\n<p data-start=\"1655\" data-end=\"1746\">die Software Power Core zum Auslesen der Logdateien und Bearbeiten der Tunes zum Download<\/p>\n<\/li>\n<\/ul>\n<h3 data-start=\"1753\" data-end=\"1795\"><strong data-start=\"1757\" data-end=\"1795\">Die Power Core Software erm\u00f6glicht<\/strong><\/h3>\n<ul data-start=\"1797\" data-end=\"2061\">\n<li data-start=\"1797\" data-end=\"1844\">\n<p data-start=\"1799\" data-end=\"1844\">das Verwalten und Bearbeiten der Kennfelder<\/p>\n<\/li>\n<li data-start=\"1845\" data-end=\"1932\">\n<p data-start=\"1847\" data-end=\"1932\">das Darstellen der w\u00e4hrend der Fahrt geloggten Daten als Grafik, Tabelle oder in 3D<\/p>\n<\/li>\n<li data-start=\"1933\" data-end=\"2011\">\n<p data-start=\"1935\" data-end=\"2011\">das Synchronisieren der Logdateien mit den Kennfeldern f\u00fcr pr\u00e4zises Tuning<\/p>\n<\/li>\n<li data-start=\"2012\" data-end=\"2061\">\n<p data-start=\"2014\" data-end=\"2061\">das Exportieren der Logfiles als .csv-Dateien<\/p>\n<\/li>\n<\/ul>\n<h3 data-start=\"61\" data-end=\"131\"><strong data-start=\"65\" data-end=\"131\">Fertige Kennfelder mit folgenden Features stehen zur Verf\u00fcgung<\/strong><\/h3>\n<ul data-start=\"133\" data-end=\"654\">\n<li data-start=\"133\" data-end=\"163\">\n<p data-start=\"135\" data-end=\"163\">optimiertes Serienkennfeld<\/p>\n<\/li>\n<li data-start=\"164\" data-end=\"210\">\n<p data-start=\"166\" data-end=\"210\">Stage 1 Kennfeld f\u00fcr Slipon-Auspuffanlagen<\/p>\n<\/li>\n<li data-start=\"211\" data-end=\"273\">\n<p data-start=\"213\" data-end=\"273\">Stage 2 Kennfeld f\u00fcr Komplettauspuffanlagen und Luftfilter<\/p>\n<\/li>\n<li data-start=\"274\" data-end=\"342\">\n<p data-start=\"276\" data-end=\"342\">angepasste Kraftstoffmenge f\u00fcr optimale Leistung und Verbrauch *<\/p>\n<\/li>\n<li data-start=\"343\" data-end=\"404\">\n<p data-start=\"345\" data-end=\"404\">Anpassung an verschiedene Auspuffanlagen und Luftfilter *<\/p>\n<\/li>\n<li data-start=\"405\" data-end=\"453\">\n<p data-start=\"407\" data-end=\"453\">angehobener Drehzahlbegrenzer (auf Wunsch) *<\/p>\n<\/li>\n<li data-start=\"454\" data-end=\"517\">\n<p data-start=\"456\" data-end=\"517\">angehobener H\u00f6chstgeschwindigkeitsbegrenzer (auf Wunsch) **<\/p>\n<\/li>\n<li data-start=\"518\" data-end=\"574\">\n<p data-start=\"520\" data-end=\"574\">angepasstes Drive by Wire f\u00fcr direktere Gasannahme *<\/p>\n<\/li>\n<li data-start=\"575\" data-end=\"654\">\n<p data-start=\"577\" data-end=\"654\">angepasste Z\u00fcndkennfelder auf europ\u00e4ischen Kraftstoff (Oktanzahlen ab 95) *<\/p>\n<\/li>\n<\/ul>\n<p data-start=\"656\" data-end=\"817\">* diese Kennfelder werden f\u00fcr unsere Kunden von uns nach Einsendung des ausgelesenen Serienkennfeldes kostenlos angepasst<br data-start=\"778\" data-end=\"781\" \/>** muss gesondert bestellt werden<\/p>\n<p data-start=\"824\" data-end=\"1014\">Als <strong data-start=\"828\" data-end=\"855\">unser Powervision-Kunde<\/strong> k\u00f6nnen Sie uns das ausgelesene Serienkennfeld Ihrer Harley unter Angabe der gew\u00fcnschten \u00c4nderungen zusenden und erhalten ein daraufhin angepasstes Kennfeld!<\/p>\n<h3 data-start=\"1021\" data-end=\"1085\"><strong data-start=\"1025\" data-end=\"1083\">Das perfekte Ger\u00e4t um Ihre Harley optimal abzustimmen!<\/strong><\/h3>\n<p data-start=\"1086\" data-end=\"1217\">Harte Gasannahme und Konstantfahrruckeln geh\u00f6ren der Vergangenheit an, die Abstimmung wird individuell an das Motorrad angepasst!<\/p>\n<h3 data-start=\"1365\" data-end=\"1407\"><strong data-start=\"1369\" data-end=\"1407\">Passend f\u00fcr folgende Modellreihen:<\/strong><\/h3>\n<ul data-start=\"1409\" data-end=\"1516\">\n<li data-start=\"1409\" data-end=\"1430\">\n<p data-start=\"1411\" data-end=\"1430\">2011\u20132020 Softail<\/p>\n<\/li>\n<li data-start=\"1431\" data-end=\"1452\">\n<p data-start=\"1433\" data-end=\"1452\">2014\u20132020 Touring<\/p>\n<\/li>\n<li data-start=\"1453\" data-end=\"1471\">\n<p data-start=\"1455\" data-end=\"1471\">2012\u20132017 Dyna<\/p>\n<\/li>\n<li data-start=\"1472\" data-end=\"1495\">\n<p data-start=\"1474\" data-end=\"1495\">2014\u20132020 Sportster<\/p>\n<\/li>\n<li data-start=\"1496\" data-end=\"1516\">\n<p data-start=\"1498\" data-end=\"1516\">2015\u20132020 Street<\/p>\n<\/li>\n<\/ul>\n<p data-start=\"1518\" data-end=\"1596\">Eine detaillierte Modellauslistung finden Sie weiter unten auf dieser Seite!<\/p>\n<h3 data-start=\"56\" data-end=\"83\"><strong data-start=\"60\" data-end=\"83\">Tuningm\u00f6glichkeiten<\/strong><\/h3>\n<p data-start=\"85\" data-end=\"233\">Das Power Vision l\u00e4dt das Serienkennfeld des Motorrades herunter und speichert es ab.<br data-start=\"170\" data-end=\"173\" \/>Folgende M\u00f6glichkeiten zum Laden von Tunes werden angeboten:<\/p>\n<ul data-start=\"235\" data-end=\"668\">\n<li data-start=\"235\" data-end=\"405\">\n<p data-start=\"237\" data-end=\"405\">vorkonfigurierte Dynojet-Tunes \u2013 das Ger\u00e4t erkennt um welchen Motorradtyp es sich handelt und selektiert selbstt\u00e4tig passende Tunes aus seinem Speicher \u2013 ready to go!<\/p>\n<\/li>\n<li data-start=\"406\" data-end=\"558\">\n<p data-start=\"408\" data-end=\"558\">Custom Tunes, die durch einen Tuningcenter oder erstellt werden und per eMail verschickt werden k\u00f6nnen (bitte dazu das Serienkennfeld zu uns mailen)<\/p>\n<\/li>\n<li data-start=\"559\" data-end=\"668\">\n<p data-start=\"561\" data-end=\"668\">eine Kopie des heruntergeladenen Serienkennfeldes um den Serienzustand des Motorrades wieder herzustellen<\/p>\n<\/li>\n<\/ul>\n<h3 data-start=\"675\" data-end=\"719\"><strong data-start=\"679\" data-end=\"719\">Kurzbeschreibung des Tuningvorganges<\/strong><\/h3>\n<p data-start=\"721\" data-end=\"820\">Folgende einfache Schritte erm\u00f6glichen das schnelle Abstimmen einer Harley mit CAN-Bus Steuerger\u00e4t:<\/p>\n<ul data-start=\"822\" data-end=\"1377\">\n<li data-start=\"822\" data-end=\"894\">\n<p data-start=\"824\" data-end=\"894\">das Power Vision 3 an den Diagnosestecker des Fahrzeuges anschlie\u00dfen<\/p>\n<\/li>\n<li data-start=\"895\" data-end=\"999\">\n<p data-start=\"897\" data-end=\"999\">bei eingeschalteter Z\u00fcndung die Fahrzeugdaten auslesen und auf das Powervision 3 laden und speichern<\/p>\n<\/li>\n<li data-start=\"1000\" data-end=\"1097\">\n<p data-start=\"1002\" data-end=\"1097\">das Ger\u00e4t erkennt um welches Modell es sich handelt und schl\u00e4gt auf Wunsch passende Tunes vor<\/p>\n<\/li>\n<li data-start=\"1098\" data-end=\"1148\">\n<p data-start=\"1100\" data-end=\"1148\">Tune ausw\u00e4hlen und auf das Steuerger\u00e4t flashen<\/p>\n<\/li>\n<li data-start=\"1149\" data-end=\"1271\">\n<p data-start=\"1151\" data-end=\"1271\">alternativ kann das Originalkennfeld in der Powercore-Software bearbeitet und dann auf das Steuerger\u00e4t geflasht werden<\/p>\n<\/li>\n<li data-start=\"1272\" data-end=\"1377\">\n<p data-start=\"1274\" data-end=\"1377\">falls erforderlich kann das Serienkennfeld jederzeit wieder auf das Steuerger\u00e4t zur\u00fcckgeflasht werden<\/p>\n<\/li>\n<\/ul>\n<h3 data-start=\"1384\" data-end=\"1413\"><strong data-start=\"1388\" data-end=\"1413\">Grundlegende Features<\/strong><\/h3>\n<ul data-start=\"1415\" data-end=\"1862\">\n<li data-start=\"1415\" data-end=\"1462\">\n<p data-start=\"1417\" data-end=\"1462\">einfach bedienbar, dennoch ein Profiverzeug<\/p>\n<\/li>\n<li data-start=\"1463\" data-end=\"1527\">\n<p data-start=\"1465\" data-end=\"1527\">es wird kein Computer ben\u00f6tigt um das Steuerger\u00e4t zu flashen<\/p>\n<\/li>\n<li data-start=\"1528\" data-end=\"1564\">\n<p data-start=\"1530\" data-end=\"1564\">benutzerkonfigurierbares Display<\/p>\n<\/li>\n<li data-start=\"1565\" data-end=\"1624\">\n<p data-start=\"1567\" data-end=\"1624\">die serienm\u00e4\u00dfige Lambdaregelung kann beibehalten werden<\/p>\n<\/li>\n<li data-start=\"1625\" data-end=\"1671\">\n<p data-start=\"1627\" data-end=\"1671\">wasserdicht, sto\u00df- und vibrationsresistent<\/p>\n<\/li>\n<li data-start=\"1672\" data-end=\"1716\">\n<p data-start=\"1674\" data-end=\"1716\">Einstellung der Leerlaufdrehzahl m\u00f6glich<\/p>\n<\/li>\n<li data-start=\"1717\" data-end=\"1776\">\n<p data-start=\"1719\" data-end=\"1776\">Diagnosecodes k\u00f6nnen zur\u00fcckgesetzt bzw. gel\u00f6scht werden<\/p>\n<\/li>\n<li data-start=\"1777\" data-end=\"1862\">\n<p data-start=\"1779\" data-end=\"1862\"><strong data-start=\"1779\" data-end=\"1862\">Serienkennfelder k\u00f6nnen uns zur Optimierung zugesandt und wieder geladen werden<\/strong><\/p>\n<\/li>\n<\/ul>\n<h3 data-start=\"70\" data-end=\"117\"><strong data-start=\"74\" data-end=\"117\">Verwendbar f\u00fcr folgende Harley-Modelle:<\/strong><\/h3>\n<ul data-start=\"119\" data-end=\"2317\">\n<li data-start=\"119\" data-end=\"166\">\n<p data-start=\"121\" data-end=\"166\">FLD Switchback 2012, 2013, 2014, 2015, 2016<\/p>\n<\/li>\n<li data-start=\"167\" data-end=\"203\">\n<p data-start=\"169\" data-end=\"203\">FLDE Deluxe 107 2018, 2019, 2020<\/p>\n<\/li>\n<li data-start=\"204\" data-end=\"235\">\n<p data-start=\"206\" data-end=\"235\">FLFB Fat Boy 107 2018, 2019<\/p>\n<\/li>\n<li data-start=\"236\" data-end=\"274\">\n<p data-start=\"238\" data-end=\"274\">FLFBS Fat Boy 114 2018, 2019, 2020<\/p>\n<\/li>\n<li data-start=\"275\" data-end=\"321\">\n<p data-start=\"277\" data-end=\"321\">FLHC Heritage Classic 107 2018, 2019, 2020<\/p>\n<\/li>\n<li data-start=\"322\" data-end=\"369\">\n<p data-start=\"324\" data-end=\"369\">FLHCS Heritage Classic 114 2018, 2019, 2020<\/p>\n<\/li>\n<li data-start=\"370\" data-end=\"429\">\n<p data-start=\"372\" data-end=\"429\">FLHR Road King 2014, 2015, 2016, 2017, 2018, 2019, 2020<\/p>\n<\/li>\n<li data-start=\"430\" data-end=\"460\">\n<p data-start=\"432\" data-end=\"460\">FLHRSE6 CVO Road King 2014<\/p>\n<\/li>\n<li data-start=\"461\" data-end=\"512\">\n<p data-start=\"463\" data-end=\"512\">FLHRXS Road King Special 2017, 2018, 2019, 2020<\/p>\n<\/li>\n<li data-start=\"513\" data-end=\"555\">\n<p data-start=\"515\" data-end=\"555\">FLHT Electra Glide Standard 2019, 2020<\/p>\n<\/li>\n<li data-start=\"556\" data-end=\"629\">\n<p data-start=\"558\" data-end=\"629\">FLHTCU Electra Glide Ultra Classic 2014, 2015, 2016, 2017, 2018, 2019<\/p>\n<\/li>\n<li data-start=\"630\" data-end=\"684\">\n<p data-start=\"632\" data-end=\"684\">FLHTCUL Electra Glide Ultra Classic Low 2015, 2016<\/p>\n<\/li>\n<li data-start=\"685\" data-end=\"754\">\n<p data-start=\"687\" data-end=\"754\">FLHTCUTG Tri Glide Ultra 2014, 2015, 2016, 2017, 2018, 2019, 2020<\/p>\n<\/li>\n<li data-start=\"755\" data-end=\"788\">\n<p data-start=\"757\" data-end=\"788\">FLHTCUTGSE CVO Tri Glide 2020<\/p>\n<\/li>\n<li data-start=\"789\" data-end=\"831\">\n<p data-start=\"791\" data-end=\"831\">FLHTK Electra Glide Ultra Limited 2014<\/p>\n<\/li>\n<li data-start=\"832\" data-end=\"890\">\n<p data-start=\"834\" data-end=\"890\">FLHTK Ultra Limited 2015, 2016, 2017, 2018, 2019, 2020<\/p>\n<\/li>\n<li data-start=\"891\" data-end=\"948\">\n<p data-start=\"893\" data-end=\"948\">FLHTKL Ultra Limited Low 2015, 2016, 2017, 2018, 2019<\/p>\n<\/li>\n<li data-start=\"949\" data-end=\"1013\">\n<p data-start=\"951\" data-end=\"1013\">FLHTKSE CVO Limited 2014, 2015, 2016, 2017, 2018, 2019, 2020<\/p>\n<\/li>\n<li data-start=\"1014\" data-end=\"1076\">\n<p data-start=\"1016\" data-end=\"1076\">FLHX Street Glide 2014, 2015, 2016, 2017, 2018, 2019, 2020<\/p>\n<\/li>\n<li data-start=\"1077\" data-end=\"1148\">\n<p data-start=\"1079\" data-end=\"1148\">FLHXS Street Glide Special 2014, 2015, 2016, 2017, 2018, 2019, 2020<\/p>\n<\/li>\n<li data-start=\"1149\" data-end=\"1211\">\n<p data-start=\"1151\" data-end=\"1211\">FLHXSE CVO Street Glide 2015, 2016, 2017, 2018, 2019, 2020<\/p>\n<\/li>\n<li data-start=\"1212\" data-end=\"1267\">\n<p data-start=\"1214\" data-end=\"1267\">FLRT Freewheeler 2015, 2016, 2017, 2018, 2019, 2020<\/p>\n<\/li>\n<li data-start=\"1268\" data-end=\"1323\">\n<p data-start=\"1270\" data-end=\"1323\">FLS Softail Slim 2012, 2013, 2014, 2015, 2016, 2017<\/p>\n<\/li>\n<li data-start=\"1324\" data-end=\"1365\">\n<p data-start=\"1326\" data-end=\"1365\">FLSB Sport Glide 107 2018, 2019, 2020<\/p>\n<\/li>\n<li data-start=\"1366\" data-end=\"1408\">\n<p data-start=\"1368\" data-end=\"1408\">FLSL Softail Slim 107 2018, 2019, 2020<\/p>\n<\/li>\n<li data-start=\"1409\" data-end=\"1443\">\n<p data-start=\"1411\" data-end=\"1443\">FLSS Softail Slim S 2016, 2017<\/p>\n<\/li>\n<li data-start=\"1444\" data-end=\"1519\">\n<p data-start=\"1446\" data-end=\"1519\">FLSTC Heritage Softail Classic 2011, 2012, 2013, 2014, 2015, 2016, 2017<\/p>\n<\/li>\n<li data-start=\"1520\" data-end=\"1578\">\n<p data-start=\"1522\" data-end=\"1578\">FLSTF Fat Boy 2011, 2012, 2013, 2014, 2015, 2016, 2017<\/p>\n<\/li>\n<li data-start=\"1579\" data-end=\"1635\">\n<p data-start=\"1581\" data-end=\"1635\">FLSTFB Fat Boy Lo 2011, 2012, 2013, 2014, 2015, 2016<\/p>\n<\/li>\n<li data-start=\"1636\" data-end=\"1668\">\n<p data-start=\"1638\" data-end=\"1668\">FLSTFBS Fat Boy S 2016, 2017<\/p>\n<\/li>\n<li data-start=\"1669\" data-end=\"1734\">\n<p data-start=\"1671\" data-end=\"1734\">FLSTN Softail Deluxe 2011, 2012, 2013, 2014, 2015, 2016, 2017<\/p>\n<\/li>\n<li data-start=\"1735\" data-end=\"1776\">\n<p data-start=\"1737\" data-end=\"1776\">FLSTNSE CVO Softail Deluxe 2014, 2015<\/p>\n<\/li>\n<li data-start=\"1777\" data-end=\"1804\">\n<p data-start=\"1779\" data-end=\"1804\">FLSTSB Cross Bones 2011<\/p>\n<\/li>\n<li data-start=\"1805\" data-end=\"1845\">\n<p data-start=\"1807\" data-end=\"1845\">FLSTSE2 CVO Softail Convertible 2011<\/p>\n<\/li>\n<li data-start=\"1846\" data-end=\"1886\">\n<p data-start=\"1848\" data-end=\"1886\">FLSTSE3 CVO Softail Convertible 2012<\/p>\n<\/li>\n<li data-start=\"1887\" data-end=\"1920\">\n<p data-start=\"1889\" data-end=\"1920\">FLTRK Road Glide Limited 2020<\/p>\n<\/li>\n<li data-start=\"1921\" data-end=\"1970\">\n<p data-start=\"1923\" data-end=\"1970\">FLTRU Road Glide Ultra 2016, 2017, 2018, 2019<\/p>\n<\/li>\n<li data-start=\"1971\" data-end=\"2014\">\n<p data-start=\"1973\" data-end=\"2014\">FLTRUSE CVO Road Glide Ultra 2015, 2016<\/p>\n<\/li>\n<li data-start=\"2015\" data-end=\"2070\">\n<p data-start=\"2017\" data-end=\"2070\">FLTRX Road Glide 2015, 2016, 2017, 2018, 2019, 2020<\/p>\n<\/li>\n<li data-start=\"2071\" data-end=\"2135\">\n<p data-start=\"2073\" data-end=\"2135\">FLTRXS Road Glide Special 2015, 2016, 2017, 2018, 2019, 2020<\/p>\n<\/li>\n<li data-start=\"2136\" data-end=\"2179\">\n<p data-start=\"2138\" data-end=\"2179\">FLTRXSE CVO Road Glide 2018, 2019, 2020<\/p>\n<\/li>\n<li data-start=\"2180\" data-end=\"2220\">\n<p data-start=\"2182\" data-end=\"2220\">FXBB Street Bob 107 2018, 2019, 2020<\/p>\n<\/li>\n<li data-start=\"2221\" data-end=\"2253\">\n<p data-start=\"2223\" data-end=\"2253\">FXBR Breakout 107 2018, 2019<\/p>\n<\/li>\n<li data-start=\"2254\" data-end=\"2293\">\n<p data-start=\"2256\" data-end=\"2293\">FXBRS Breakout 114 2018, 2019, 2020<\/p>\n<\/li>\n<li data-start=\"2294\" data-end=\"2317\">\n<p data-start=\"2296\" data-end=\"2317\">FXCWC Rocker C 2011<\/p>\n<\/li>\n<li data-start=\"70\" data-end=\"124\">\n<p data-start=\"72\" data-end=\"124\">FXDB Street Bob 2012, 2013, 2014, 2015, 2016, 2017<\/p>\n<\/li>\n<li data-start=\"125\" data-end=\"169\">\n<p data-start=\"127\" data-end=\"169\">FXDC Super Glide Custom 2012, 2013, 2014<\/p>\n<\/li>\n<li data-start=\"170\" data-end=\"221\">\n<p data-start=\"172\" data-end=\"221\">FXDF Fat Bob 2012, 2013, 2014, 2015, 2016, 2017<\/p>\n<\/li>\n<li data-start=\"222\" data-end=\"263\">\n<p data-start=\"224\" data-end=\"263\">FXDL Low Rider 2014, 2015, 2016, 2017<\/p>\n<\/li>\n<li data-start=\"264\" data-end=\"296\">\n<p data-start=\"266\" data-end=\"296\">FXDLS Low Rider S 2016, 2017<\/p>\n<\/li>\n<li data-start=\"297\" data-end=\"326\">\n<p data-start=\"299\" data-end=\"326\">FXDRS FXDR 114 2019, 2020<\/p>\n<\/li>\n<li data-start=\"327\" data-end=\"387\">\n<p data-start=\"329\" data-end=\"387\">FXDWG Dyna Wide Glide 2012, 2013, 2014, 2015, 2016, 2017<\/p>\n<\/li>\n<li data-start=\"388\" data-end=\"419\">\n<p data-start=\"390\" data-end=\"419\">FXFB Fat Bob 107 2018, 2019<\/p>\n<\/li>\n<li data-start=\"420\" data-end=\"458\">\n<p data-start=\"422\" data-end=\"458\">FXFBS Fat Bob 114 2018, 2019, 2020<\/p>\n<\/li>\n<li data-start=\"459\" data-end=\"498\">\n<p data-start=\"461\" data-end=\"498\">FXLR Low Rider 107 2018, 2019, 2020<\/p>\n<\/li>\n<li data-start=\"499\" data-end=\"529\">\n<p data-start=\"501\" data-end=\"529\">FXLRS Low Rider S 114 2020<\/p>\n<\/li>\n<li data-start=\"530\" data-end=\"564\">\n<p data-start=\"532\" data-end=\"564\">FXS Blackline 2011, 2012, 2013<\/p>\n<\/li>\n<li data-start=\"565\" data-end=\"611\">\n<p data-start=\"567\" data-end=\"611\">FXSB Breakout 2013, 2014, 2015, 2016, 2017<\/p>\n<\/li>\n<li data-start=\"612\" data-end=\"647\">\n<p data-start=\"614\" data-end=\"647\">FXSBS E CVO Breakout 2013, 2014<\/p>\n<\/li>\n<li data-start=\"648\" data-end=\"691\">\n<p data-start=\"650\" data-end=\"691\">FXSE CVO Pro Street Breakout 2016, 2017<\/p>\n<\/li>\n<li data-start=\"692\" data-end=\"748\">\n<p data-start=\"694\" data-end=\"748\">XG 500 Street 500 2015, 2016, 2017, 2018, 2019, 2020<\/p>\n<\/li>\n<li data-start=\"749\" data-end=\"805\">\n<p data-start=\"751\" data-end=\"805\">XG 750 Street 750 2015, 2016, 2017, 2018, 2019, 2020<\/p>\n<\/li>\n<li data-start=\"806\" data-end=\"852\">\n<p data-start=\"808\" data-end=\"852\">XG 750 A Street Rod 2017, 2018, 2019, 2020<\/p>\n<\/li>\n<li data-start=\"853\" data-end=\"923\">\n<p data-start=\"855\" data-end=\"923\">XL 1200 C Sportster 1200 Custom 2014, 2015, 2016, 2017, 2018, 2019<\/p>\n<\/li>\n<li data-start=\"924\" data-end=\"976\">\n<p data-start=\"926\" data-end=\"976\">XL 1200 CX Roadster 2016, 2017, 2018, 2019, 2020<\/p>\n<\/li>\n<li data-start=\"977\" data-end=\"1018\">\n<p data-start=\"979\" data-end=\"1018\">XL 1200 NS Iron 1200 2018, 2019, 2020<\/p>\n<\/li>\n<li data-start=\"1019\" data-end=\"1070\">\n<p data-start=\"1021\" data-end=\"1070\">XL 1200 T SuperLow 1200T 2014, 2015, 2016, 2017<\/p>\n<\/li>\n<li data-start=\"1071\" data-end=\"1113\">\n<p data-start=\"1073\" data-end=\"1113\">XL 1200 V Seventy-Two 2014, 2015, 2016<\/p>\n<\/li>\n<li data-start=\"1114\" data-end=\"1180\">\n<p data-start=\"1116\" data-end=\"1180\">XL 1200 X Forty-Eight 2014, 2015, 2016, 2017, 2018, 2019, 2020<\/p>\n<\/li>\n<li data-start=\"1181\" data-end=\"1226\">\n<p data-start=\"1183\" data-end=\"1226\">XL 1200 XS Forty-Eight Special 2018, 2019<\/p>\n<\/li>\n<li data-start=\"1227\" data-end=\"1283\">\n<p data-start=\"1229\" data-end=\"1283\">XL 883 L SuperLow 2014, 2015, 2016, 2017, 2018, 2019<\/p>\n<\/li>\n<li data-start=\"1284\" data-end=\"1346\">\n<p data-start=\"1286\" data-end=\"1346\">XL 883 N Iron 883 2014, 2015, 2016, 2017, 2018, 2019, 2020<\/p>\n<\/li>\n<\/ul>\n","protected":false},"excerpt":{"rendered":"<p>Power Vision 3 zur Abstimmung geeignet f\u00fcr Harley Davidson CAN-Bus Modelle 2011\u20132020 Das Flash-Modul zum Bearbeiten des Serienkennfeldes der Sportster-Modelle 2014\u20132020, Softail-Modelle 2011\u20132020, Touring-Modelle 2014\u20132020 und Dyna-Modelle 2012\u20132017 Mit einem Power Vision PV3 k\u00f6nnen die Diagnosedaten und Wartungseinstellungen beliebig vieler Harleys mit Steuerger\u00e4ten mit CAN-Bus gepr\u00fcft und justiert werden. Das PV3 bietet folgende M\u00f6glichkeiten: Kennfelder &#8230; <a title=\"Power Vision 3 zur Abstimmung geeignet f\u00fcr Harley-Davidson CAN-Bus Modelle 2011\u20132020\" class=\"read-more\" href=\"https:\/\/dynojet-powervision.de\/de\/produkt\/power-vision-3-zur-abstimmung-geeignet-fuer-harley-davidson-can-bus-modelle-2011-2020\/\" aria-label=\"Mehr Informationen \u00fcber Power Vision 3 zur Abstimmung geeignet f\u00fcr Harley-Davidson CAN-Bus Modelle 2011\u20132020\">Weiterlesen<\/a><\/p>\n","protected":false},"featured_media":1659,"template":"","meta":{"_links_to":"","_links_to_target":""},"product_cat":[24,25],"product_tag":[],"class_list":{"0":"post-1657","1":"product","2":"type-product","3":"status-publish","4":"has-post-thumbnail","6":"product_cat-alle-dynojet-power-vision-produkte","7":"product_cat-power-vision","9":"first","10":"instock","11":"sale","12":"taxable","13":"shipping-taxable","14":"purchasable","15":"product-type-simple"},"aioseo_notices":[],"_links":{"self":[{"href":"https:\/\/dynojet-powervision.de\/de\/wp-json\/wp\/v2\/product\/1657","targetHints":{"allow":["GET"]}}],"collection":[{"href":"https:\/\/dynojet-powervision.de\/de\/wp-json\/wp\/v2\/product"}],"about":[{"href":"https:\/\/dynojet-powervision.de\/de\/wp-json\/wp\/v2\/types\/product"}],"wp:featuredmedia":[{"embeddable":true,"href":"https:\/\/dynojet-powervision.de\/de\/wp-json\/wp\/v2\/media\/1659"}],"wp:attachment":[{"href":"https:\/\/dynojet-powervision.de\/de\/wp-json\/wp\/v2\/media?parent=1657"}],"wp:term":[{"taxonomy":"product_cat","embeddable":true,"href":"https:\/\/dynojet-powervision.de\/de\/wp-json\/wp\/v2\/product_cat?post=1657"},{"taxonomy":"product_tag","embeddable":true,"href":"https:\/\/dynojet-powervision.de\/de\/wp-json\/wp\/v2\/product_tag?post=1657"}],"curies":[{"name":"wp","href":"https:\/\/api.w.org\/{rel}","templated":true}]}}