{"id":1666,"date":"2025-10-27T16:46:08","date_gmt":"2025-10-27T15:46:08","guid":{"rendered":"https:\/\/dynojet-powervision.de\/de\/?post_type=product&#038;p=1666"},"modified":"2025-10-28T18:06:37","modified_gmt":"2025-10-28T17:06:37","slug":"guthaben-fuer-power-vision-lizenzen-legacy-token","status":"publish","type":"product","link":"https:\/\/dynojet-powervision.de\/de\/produkt\/guthaben-fuer-power-vision-lizenzen-legacy-token\/","title":{"rendered":"Guthaben f\u00fcr Power Vision Lizenzen (Legacy Token)"},"content":{"rendered":"<h3 data-start=\"62\" data-end=\"119\"><strong data-start=\"66\" data-end=\"119\">Guthaben f\u00fcr Power Vision Lizenzen (Legacy Token)<\/strong><\/h3>\n<p data-start=\"121\" data-end=\"357\">Ein <strong data-start=\"125\" data-end=\"142\">Dynojet Token<\/strong> ist eine Zahlungseinheit f\u00fcr jeweils <strong data-start=\"180\" data-end=\"212\">eine Dynojet Tuning-Lizenz*<\/strong>.<br data-start=\"213\" data-end=\"216\" \/>Der gro\u00dfe Vorteil ist:<br data-start=\"238\" data-end=\"241\" \/>&#x27a1;&#xfe0f; Mit diesem Token k\u00f6nnen Sie <strong data-start=\"272\" data-end=\"285\">jederzeit<\/strong> in der Powercore Software <strong data-start=\"312\" data-end=\"343\">online selbst eine Lizenz*<\/strong> generieren!<\/p>\n<p data-start=\"359\" data-end=\"471\"><strong data-start=\"359\" data-end=\"469\">Die Tokens k\u00f6nnen f\u00fcr Lizenzen f\u00fcr Dynojet Power Vision, Powervision 3 und Powervision 4 verwendet werden.<\/strong><\/p>\n<p data-start=\"473\" data-end=\"791\">Tuner Lizenzen f\u00fcr das Power Vision erm\u00f6glichen es, <strong data-start=\"525\" data-end=\"538\">mit einem<\/strong> vorhandenem Powervision-Ger\u00e4t <strong data-start=\"569\" data-end=\"587\">beliebig viele<\/strong> Fahrzeuge zu flashen.<br data-start=\"609\" data-end=\"612\" \/>* F\u00fcr <strong data-start=\"619\" data-end=\"654\">jedes neu zu flashende Fahrzeug<\/strong> muss eine entsprechende <strong data-start=\"679\" data-end=\"709\">fahrzeugspezifische Lizenz<\/strong> erworben und auf das Power Vision in der <strong data-start=\"751\" data-end=\"773\">Powercore-Software<\/strong> geladen werden.<\/p>\n","protected":false},"excerpt":{"rendered":"<p>Guthaben f\u00fcr Power Vision Lizenzen (Legacy Token) Ein Dynojet Token ist eine Zahlungseinheit f\u00fcr jeweils eine Dynojet Tuning-Lizenz*.Der gro\u00dfe Vorteil ist:&#x27a1;&#xfe0f; Mit diesem Token k\u00f6nnen Sie jederzeit in der Powercore Software online selbst eine Lizenz* generieren! Die Tokens k\u00f6nnen f\u00fcr Lizenzen f\u00fcr Dynojet Power Vision, Powervision 3 und Powervision 4 verwendet werden. Tuner Lizenzen f\u00fcr &#8230; <a title=\"Guthaben f\u00fcr Power Vision Lizenzen (Legacy Token)\" class=\"read-more\" href=\"https:\/\/dynojet-powervision.de\/de\/produkt\/guthaben-fuer-power-vision-lizenzen-legacy-token\/\" aria-label=\"Mehr Informationen \u00fcber Guthaben f\u00fcr Power Vision Lizenzen (Legacy Token)\">Weiterlesen<\/a><\/p>\n","protected":false},"featured_media":1667,"template":"","meta":{"_links_to":"","_links_to_target":""},"product_cat":[24,28],"product_tag":[],"class_list":{"0":"post-1666","1":"product","2":"type-product","3":"status-publish","4":"has-post-thumbnail","6":"product_cat-alle-dynojet-power-vision-produkte","7":"product_cat-lizenzen","9":"first","10":"instock","11":"taxable","12":"shipping-taxable","13":"purchasable","14":"product-type-simple"},"aioseo_notices":[],"_links":{"self":[{"href":"https:\/\/dynojet-powervision.de\/de\/wp-json\/wp\/v2\/product\/1666","targetHints":{"allow":["GET"]}}],"collection":[{"href":"https:\/\/dynojet-powervision.de\/de\/wp-json\/wp\/v2\/product"}],"about":[{"href":"https:\/\/dynojet-powervision.de\/de\/wp-json\/wp\/v2\/types\/product"}],"wp:featuredmedia":[{"embeddable":true,"href":"https:\/\/dynojet-powervision.de\/de\/wp-json\/wp\/v2\/media\/1667"}],"wp:attachment":[{"href":"https:\/\/dynojet-powervision.de\/de\/wp-json\/wp\/v2\/media?parent=1666"}],"wp:term":[{"taxonomy":"product_cat","embeddable":true,"href":"https:\/\/dynojet-powervision.de\/de\/wp-json\/wp\/v2\/product_cat?post=1666"},{"taxonomy":"product_tag","embeddable":true,"href":"https:\/\/dynojet-powervision.de\/de\/wp-json\/wp\/v2\/product_tag?post=1666"}],"curies":[{"name":"wp","href":"https:\/\/api.w.org\/{rel}","templated":true}]}}