{"id":1669,"date":"2025-10-27T16:56:01","date_gmt":"2025-10-27T15:56:01","guid":{"rendered":"https:\/\/dynojet-powervision.de\/de\/?post_type=product&#038;p=1669"},"modified":"2025-10-28T17:19:21","modified_gmt":"2025-10-28T16:19:21","slug":"universal-tokens-guthaben-fuer-power-vision-lizenzen-und-upgrades","status":"publish","type":"product","link":"https:\/\/dynojet-powervision.de\/de\/produkt\/universal-tokens-guthaben-fuer-power-vision-lizenzen-und-upgrades\/","title":{"rendered":"Universal Tokens \u2013 Guthaben f\u00fcr Power Vision Lizenzen und Upgrades"},"content":{"rendered":"<h3 data-start=\"62\" data-end=\"136\"><strong data-start=\"66\" data-end=\"136\">Universal Tokens \u2013 Guthaben f\u00fcr Power Vision Lizenzen und Upgrades<\/strong><\/h3>\n<p data-start=\"138\" data-end=\"373\">Der <strong data-start=\"142\" data-end=\"169\">Dynojet Universal Token<\/strong> ist eine Zahlungseinheit f\u00fcr <strong data-start=\"199\" data-end=\"228\">Dynojet Tuning-Lizenzen*<\/strong> und <strong data-start=\"233\" data-end=\"262\">Dynojet Software Upgrades<\/strong>.<br data-start=\"263\" data-end=\"266\" \/>Mehr M\u00f6glichkeiten beim Flashen mit Powervision und in der Powercore Software durch spezifische Upgrades!<\/p>\n<p data-start=\"375\" data-end=\"587\">&#x27a1;&#xfe0f; Mit diesen Tokens k\u00f6nnen Sie <strong data-start=\"407\" data-end=\"420\">jederzeit<\/strong> in der Powercore Software <strong data-start=\"447\" data-end=\"478\">online selbst eine Lizenz*<\/strong> generieren oder <strong data-start=\"495\" data-end=\"515\">Zusatzfunktionen<\/strong> auf ihren Dynojet Ger\u00e4ten und in der Powercore Software freischalten!<\/p>\n<p data-start=\"594\" data-end=\"669\"><strong data-start=\"594\" data-end=\"669\">Universal Tokens k\u00f6nnen f\u00fcr folgende Freischaltungen eingesetzt werden:<\/strong><\/p>\n<ul data-start=\"671\" data-end=\"960\">\n<li data-start=\"671\" data-end=\"759\">\n<p data-start=\"673\" data-end=\"759\"><strong data-start=\"673\" data-end=\"692\">Flash-Lizenzen:<\/strong> um weitere Fahrzeuge mit einem Power Vision bearbeiten zu k\u00f6nnen<\/p>\n<\/li>\n<li data-start=\"760\" data-end=\"871\">\n<p data-start=\"762\" data-end=\"871\"><strong data-start=\"762\" data-end=\"783\">Feature-Lizenzen:<\/strong> um mehr Tuning Optionen wie Quicktune, \u00d6l-K\u00fchler-L\u00fcftersteuerung und mehr zu erhalten<\/p>\n<\/li>\n<li data-start=\"872\" data-end=\"960\">\n<p data-start=\"874\" data-end=\"960\"><strong data-start=\"874\" data-end=\"905\">Zus\u00e4tzliche Berechtigungen:<\/strong> f\u00fcr Enthusiast + oder Pro in der Power Core Software<\/p>\n<\/li>\n<\/ul>\n<p data-start=\"962\" data-end=\"1046\">Die Anzahl der zu verwendenden Tokens richtet sich nach der gew\u00fcnschten Anwendung.<\/p>\n","protected":false},"excerpt":{"rendered":"<p>Universal Tokens \u2013 Guthaben f\u00fcr Power Vision Lizenzen und Upgrades Der Dynojet Universal Token ist eine Zahlungseinheit f\u00fcr Dynojet Tuning-Lizenzen* und Dynojet Software Upgrades.Mehr M\u00f6glichkeiten beim Flashen mit Powervision und in der Powercore Software durch spezifische Upgrades! &#x27a1;&#xfe0f; Mit diesen Tokens k\u00f6nnen Sie jederzeit in der Powercore Software online selbst eine Lizenz* generieren oder Zusatzfunktionen &#8230; <a title=\"Universal Tokens \u2013 Guthaben f\u00fcr Power Vision Lizenzen und Upgrades\" class=\"read-more\" href=\"https:\/\/dynojet-powervision.de\/de\/produkt\/universal-tokens-guthaben-fuer-power-vision-lizenzen-und-upgrades\/\" aria-label=\"Mehr Informationen \u00fcber Universal Tokens \u2013 Guthaben f\u00fcr Power Vision Lizenzen und Upgrades\">Weiterlesen<\/a><\/p>\n","protected":false},"featured_media":1670,"template":"","meta":{"_links_to":"","_links_to_target":""},"product_cat":[24,28],"product_tag":[],"class_list":{"0":"post-1669","1":"product","2":"type-product","3":"status-publish","4":"has-post-thumbnail","6":"product_cat-alle-dynojet-power-vision-produkte","7":"product_cat-lizenzen","9":"first","10":"instock","11":"taxable","12":"shipping-taxable","13":"purchasable","14":"product-type-simple"},"aioseo_notices":[],"_links":{"self":[{"href":"https:\/\/dynojet-powervision.de\/de\/wp-json\/wp\/v2\/product\/1669","targetHints":{"allow":["GET"]}}],"collection":[{"href":"https:\/\/dynojet-powervision.de\/de\/wp-json\/wp\/v2\/product"}],"about":[{"href":"https:\/\/dynojet-powervision.de\/de\/wp-json\/wp\/v2\/types\/product"}],"wp:featuredmedia":[{"embeddable":true,"href":"https:\/\/dynojet-powervision.de\/de\/wp-json\/wp\/v2\/media\/1670"}],"wp:attachment":[{"href":"https:\/\/dynojet-powervision.de\/de\/wp-json\/wp\/v2\/media?parent=1669"}],"wp:term":[{"taxonomy":"product_cat","embeddable":true,"href":"https:\/\/dynojet-powervision.de\/de\/wp-json\/wp\/v2\/product_cat?post=1669"},{"taxonomy":"product_tag","embeddable":true,"href":"https:\/\/dynojet-powervision.de\/de\/wp-json\/wp\/v2\/product_tag?post=1669"}],"curies":[{"name":"wp","href":"https:\/\/api.w.org\/{rel}","templated":true}]}}