{"id":1676,"date":"2025-10-27T17:15:54","date_gmt":"2025-10-27T16:15:54","guid":{"rendered":"https:\/\/dynojet-powervision.de\/de\/?post_type=product&#038;p=1676"},"modified":"2025-10-28T19:44:21","modified_gmt":"2025-10-28T18:44:21","slug":"dynojet-target-tune-geeignet-fuer-harley-davidson-touring-und-trike-modelle-2014-2020","status":"publish","type":"product","link":"https:\/\/dynojet-powervision.de\/de\/produkt\/dynojet-target-tune-geeignet-fuer-harley-davidson-touring-und-trike-modelle-2014-2020\/","title":{"rendered":"Dynojet Target Tune geeignet f\u00fcr Harley-Davidson Touring- und Trike-Modelle 2014\u20132020"},"content":{"rendered":"<h3 data-start=\"75\" data-end=\"166\">Dynojet Target Tune geeignet f\u00fcr Harley Davidson Touring- und Trike-Modelle 2014\u20132020<\/h3>\n<p data-start=\"168\" data-end=\"219\"><strong data-start=\"168\" data-end=\"217\">Die perfekte Erg\u00e4nzung zu ihrem Power Vision!<\/strong><\/p>\n<p data-start=\"221\" data-end=\"292\"><strong data-start=\"221\" data-end=\"290\">Das Kennfeld wird in Echtzeit beim Fahren ohne flashen optimiert!<\/strong><\/p>\n<p data-start=\"294\" data-end=\"471\">Das Target Tune verwendet Breitband-Lambdasonden f\u00fcr den Closed Loop Bereich des Kennfeldes anstelle der serienm\u00e4\u00dfigen, langsamen Sonden mit relativ kleinem Erfassungsbereich.<\/p>\n<p data-start=\"473\" data-end=\"698\">Ein <strong data-start=\"477\" data-end=\"507\">spezielles Tune (Kennfeld)<\/strong> das per Power Vision auf das Seriensteuerger\u00e4t geladen wird erm\u00f6glicht es dem Seriensteuerger\u00e4t diese Breitbandsonden zu verstehen und deren Werte w\u00e4hrend der Fahrt in Echtzeit umzusetzen.<\/p>\n<p data-start=\"700\" data-end=\"979\">Dynojet hat entsprechende Kennfelder entwickelt um alle Drehzahl- und Drosselklappenstellungsbereiche live optimieren zu k\u00f6nnen.<br data-start=\"828\" data-end=\"831\" \/>Zwei Lambdasonden mit M 18 x 1,5 Gewinde werden mitgeliefert. F\u00fcr diese m\u00fcssen die beiliegenden Schwei\u00dfmuffen in die Kr\u00fcmmer eingeschwei\u00dft werden.<\/p>\n<h4 data-start=\"981\" data-end=\"995\">Vorteile:<\/h4>\n<ul data-start=\"996\" data-end=\"1349\">\n<li data-start=\"996\" data-end=\"1081\">\n<p data-start=\"998\" data-end=\"1081\">die Regelung findet permanent w\u00e4hrend des Fahrens statt \u2013 unauff\u00e4llig und pr\u00e4zise<\/p>\n<\/li>\n<li data-start=\"1082\" data-end=\"1146\">\n<p data-start=\"1084\" data-end=\"1146\">die AFR-Zielwerte des Kennfeldes werden in Echtzeit erreicht<\/p>\n<\/li>\n<li data-start=\"1147\" data-end=\"1205\">\n<p data-start=\"1149\" data-end=\"1205\">sofortige Optimierung, kein weiteres Flashen notwendig<\/p>\n<\/li>\n<li data-start=\"1206\" data-end=\"1282\">\n<p data-start=\"1208\" data-end=\"1282\">die VE-Tabellen der Kennfelder (Luftmenge) werden automatisch korrigiert<\/p>\n<\/li>\n<li data-start=\"1283\" data-end=\"1349\">\n<p data-start=\"1285\" data-end=\"1349\">Diagnoseger\u00e4te der H\u00e4ndler k\u00f6nnen problemlos eingesetzt werden<\/p>\n<\/li>\n<\/ul>\n<h4 data-start=\"1351\" data-end=\"1376\">Der Kit besteht aus:<\/h4>\n<ul data-start=\"1377\" data-end=\"1731\">\n<li data-start=\"1377\" data-end=\"1409\">\n<p data-start=\"1379\" data-end=\"1409\">dem Target Tune Modul selbst<\/p>\n<\/li>\n<li data-start=\"1410\" data-end=\"1474\">\n<p data-start=\"1412\" data-end=\"1474\">zwei schnellen Breitband-Lambdasonden mit M 18 x 1,5 Gewinde<\/p>\n<\/li>\n<li data-start=\"1475\" data-end=\"1566\">\n<p data-start=\"1477\" data-end=\"1566\">Schwei\u00dfmuffen mit M 18 x 1,5 Gewinde f\u00fcr Auspuffanlagen ohne oder mit kleinerem Gewinde<\/p>\n<\/li>\n<li data-start=\"1567\" data-end=\"1645\">\n<p data-start=\"1569\" data-end=\"1645\">Anschlussstecker der Sonden geeignet f\u00fcr Harley Davidson Originalkabelbaum<\/p>\n<\/li>\n<li data-start=\"1646\" data-end=\"1690\">\n<p data-start=\"1648\" data-end=\"1690\">Y-Kabel f\u00fcr den Diagnosestecker, 6-polig<\/p>\n<\/li>\n<li data-start=\"1691\" data-end=\"1731\">\n<p data-start=\"1693\" data-end=\"1731\">kleineleichte und deutsche Anleitung<\/p>\n<\/li>\n<\/ul>\n<h4 data-start=\"1733\" data-end=\"1810\">Die M\u00f6glichkeiten des Powervision werden um folgende Optionen erweitert:<\/h4>\n<ul data-start=\"1811\" data-end=\"2046\">\n<li data-start=\"1811\" data-end=\"1857\">\n<p data-start=\"1813\" data-end=\"1857\">Live-Anpassung der Lambdawerte beim Fahren<\/p>\n<\/li>\n<li data-start=\"1858\" data-end=\"1925\">\n<p data-start=\"1860\" data-end=\"1925\">freies Festlegen der AFR-Zielwerte mit automatischer Abstimmung<\/p>\n<\/li>\n<li data-start=\"1926\" data-end=\"2046\">\n<p data-start=\"1928\" data-end=\"2046\">das <strong data-start=\"1932\" data-end=\"1947\">Target Tune<\/strong> kann auch wie ein <strong data-start=\"1966\" data-end=\"1982\">Autotune Pro<\/strong> eingesetzt werden um ein optimales Basiskennfeld zu erstellen<\/p>\n<\/li>\n<\/ul>\n<h3 data-start=\"60\" data-end=\"80\">Voraussetzungen:<\/h3>\n<ul data-start=\"82\" data-end=\"751\">\n<li data-start=\"82\" data-end=\"332\">\n<p data-start=\"84\" data-end=\"332\"><strong data-start=\"84\" data-end=\"168\">Zur Verwendung des Target Tunes wird ein spezifisches Power Vision Tune ben\u00f6tigt<\/strong> das Sie von uns erhalten.<br data-start=\"194\" data-end=\"197\" \/>Das Seriensteuerger\u00e4t mu\u00df mit diesem Kennfeld per Power Vision geflasht werden um die Werte des Target Tunes verarbeiten zu k\u00f6nnen.<\/p>\n<\/li>\n<li data-start=\"333\" data-end=\"540\">\n<p data-start=\"335\" data-end=\"540\"><strong data-start=\"335\" data-end=\"419\">Wenn Sie im Besitz eines Power Vision oder einer PV-Lizenz f\u00fcr ihr Fahrzeug sind<\/strong> entstehen keine Kosten f\u00fcr das notwendige Tune. Sie k\u00f6nnen es per Einsendung der pvt-Datei per Mail bei uns anfordern.<\/p>\n<\/li>\n<li data-start=\"541\" data-end=\"751\">\n<p data-start=\"543\" data-end=\"751\"><strong data-start=\"543\" data-end=\"606\">Sollten Sie kein Power Vision bzw. keine PV-Lizenz besitzen<\/strong> k\u00f6nnen Sie auch gerne das Steuerger\u00e4t zum Flashen zu uns einschicken und eine Lizenz erwerben oder Sie kommen mit dem Motorrad bei uns vorbei.<\/p>\n<\/li>\n<\/ul>\n<h3 data-start=\"753\" data-end=\"772\">Verwendbar f\u00fcr:<\/h3>\n<p data-start=\"774\" data-end=\"793\"><strong data-start=\"774\" data-end=\"793\">HARLEY DAVIDSON<\/strong><\/p>\n<ul data-start=\"795\" data-end=\"1937\">\n<li data-start=\"795\" data-end=\"854\">\n<p data-start=\"797\" data-end=\"854\">FLHR Road King 2014, 2015, 2016, 2017, 2018, 2019, 2020<\/p>\n<\/li>\n<li data-start=\"855\" data-end=\"906\">\n<p data-start=\"857\" data-end=\"906\">FLHRXS Road King Special 2017, 2018, 2019, 2020<\/p>\n<\/li>\n<li data-start=\"907\" data-end=\"961\">\n<p data-start=\"909\" data-end=\"961\">FLHTCUL Electra Glide Ultra Classic Low 2015, 2016<\/p>\n<\/li>\n<li data-start=\"962\" data-end=\"1004\">\n<p data-start=\"964\" data-end=\"1004\">FLHTK Electra Glide Ultra Limited 2014<\/p>\n<\/li>\n<li data-start=\"1005\" data-end=\"1062\">\n<p data-start=\"1007\" data-end=\"1062\">FLHTKL Ultra Limited Low 2015, 2016, 2017, 2018, 2019<\/p>\n<\/li>\n<li data-start=\"1063\" data-end=\"1125\">\n<p data-start=\"1065\" data-end=\"1125\">FLHX Street Glide 2014, 2015, 2016, 2017, 2018, 2019, 2020<\/p>\n<\/li>\n<li data-start=\"1126\" data-end=\"1197\">\n<p data-start=\"1128\" data-end=\"1197\">FLHXS Street Glide Special 2014, 2015, 2016, 2017, 2018, 2019, 2020<\/p>\n<\/li>\n<li data-start=\"1198\" data-end=\"1253\">\n<p data-start=\"1200\" data-end=\"1253\">FLRT Freewheeler 2015, 2016, 2017, 2018, 2019, 2020<\/p>\n<\/li>\n<li data-start=\"1254\" data-end=\"1303\">\n<p data-start=\"1256\" data-end=\"1303\">FLTRU Road Glide Ultra 2016, 2017, 2018, 2019<\/p>\n<\/li>\n<li data-start=\"1304\" data-end=\"1359\">\n<p data-start=\"1306\" data-end=\"1359\">FLTRX Road Glide 2015, 2016, 2017, 2018, 2019, 2020<\/p>\n<\/li>\n<li data-start=\"1360\" data-end=\"1424\">\n<p data-start=\"1362\" data-end=\"1424\">FLTRXS Road Glide Special 2015, 2016, 2017, 2018, 2019, 2020<\/p>\n<\/li>\n<li data-start=\"1425\" data-end=\"1468\">\n<p data-start=\"1427\" data-end=\"1468\">FLTRXSE CVO Road Glide 2018, 2019, 2020<\/p>\n<\/li>\n<li data-start=\"1469\" data-end=\"1512\">\n<p data-start=\"1471\" data-end=\"1512\">FLTRUSE CVO Road Glide Ultra 2015, 2016<\/p>\n<\/li>\n<li data-start=\"1513\" data-end=\"1582\">\n<p data-start=\"1515\" data-end=\"1582\">FLHTCUTG Tri Glide Ultra 2014, 2015, 2016, 2017, 2018, 2019, 2020<\/p>\n<\/li>\n<li data-start=\"1583\" data-end=\"1627\">\n<p data-start=\"1585\" data-end=\"1627\">FLHTRUSE CVO Road Glide Ultra 2015, 2016<\/p>\n<\/li>\n<li data-start=\"1628\" data-end=\"1696\">\n<p data-start=\"1630\" data-end=\"1696\">FLHXSE CVO Street Glide 2014, 2015, 2016, 2017, 2018, 2019, 2020<\/p>\n<\/li>\n<li data-start=\"1697\" data-end=\"1761\">\n<p data-start=\"1699\" data-end=\"1761\">FLHTKSE CVO Limited 2014, 2015, 2016, 2017, 2018, 2019, 2020<\/p>\n<\/li>\n<li data-start=\"1762\" data-end=\"1795\">\n<p data-start=\"1764\" data-end=\"1795\">FLHTCUTGSE CVO Tri Glide 2020<\/p>\n<\/li>\n<li data-start=\"1796\" data-end=\"1869\">\n<p data-start=\"1798\" data-end=\"1869\">FLHTCU Electra Glide Ultra Classic 2014, 2015, 2016, 2017, 2018, 2019<\/p>\n<\/li>\n<li data-start=\"1870\" data-end=\"1906\">\n<p data-start=\"1872\" data-end=\"1906\">FLHX Electra Glide Standard 2020<\/p>\n<\/li>\n<li data-start=\"1907\" data-end=\"1937\">\n<p data-start=\"1909\" data-end=\"1937\">FLHRSE6 CVO Road King 2014<\/p>\n<\/li>\n<\/ul>\n<p data-start=\"1939\" data-end=\"2069\">Weitere Infos finden Sie auf <strong data-start=\"1968\" data-end=\"2002\"><a class=\"decorated-link cursor-pointer\" href=\"http:\/\/www.powervision-for-harleys.de\/\" target=\"_new\" rel=\"noopener\" data-start=\"1970\" data-end=\"2000\">www.Powervision-for-Harleys.de<\/a><\/strong><br data-start=\"2002\" data-end=\"2005\" \/>Gerne beraten wir Sie unter <strong data-start=\"2033\" data-end=\"2049\">0911-93674-0<\/strong> auch telefonisch!<\/p>\n","protected":false},"excerpt":{"rendered":"<p>Dynojet Target Tune geeignet f\u00fcr Harley Davidson Touring- und Trike-Modelle 2014\u20132020 Die perfekte Erg\u00e4nzung zu ihrem Power Vision! Das Kennfeld wird in Echtzeit beim Fahren ohne flashen optimiert! Das Target Tune verwendet Breitband-Lambdasonden f\u00fcr den Closed Loop Bereich des Kennfeldes anstelle der serienm\u00e4\u00dfigen, langsamen Sonden mit relativ kleinem Erfassungsbereich. Ein spezielles Tune (Kennfeld) das per &#8230; <a title=\"Dynojet Target Tune geeignet f\u00fcr Harley-Davidson Touring- und Trike-Modelle 2014\u20132020\" class=\"read-more\" href=\"https:\/\/dynojet-powervision.de\/de\/produkt\/dynojet-target-tune-geeignet-fuer-harley-davidson-touring-und-trike-modelle-2014-2020\/\" aria-label=\"Mehr Informationen \u00fcber Dynojet Target Tune geeignet f\u00fcr Harley-Davidson Touring- und Trike-Modelle 2014\u20132020\">Weiterlesen<\/a><\/p>\n","protected":false},"featured_media":1677,"template":"","meta":{"_links_to":"","_links_to_target":""},"product_cat":[24,27],"product_tag":[],"class_list":{"0":"post-1676","1":"product","2":"type-product","3":"status-publish","4":"has-post-thumbnail","6":"product_cat-alle-dynojet-power-vision-produkte","7":"product_cat-target-tune","9":"first","10":"instock","11":"sale","12":"taxable","13":"shipping-taxable","14":"purchasable","15":"product-type-simple"},"aioseo_notices":[],"_links":{"self":[{"href":"https:\/\/dynojet-powervision.de\/de\/wp-json\/wp\/v2\/product\/1676","targetHints":{"allow":["GET"]}}],"collection":[{"href":"https:\/\/dynojet-powervision.de\/de\/wp-json\/wp\/v2\/product"}],"about":[{"href":"https:\/\/dynojet-powervision.de\/de\/wp-json\/wp\/v2\/types\/product"}],"wp:featuredmedia":[{"embeddable":true,"href":"https:\/\/dynojet-powervision.de\/de\/wp-json\/wp\/v2\/media\/1677"}],"wp:attachment":[{"href":"https:\/\/dynojet-powervision.de\/de\/wp-json\/wp\/v2\/media?parent=1676"}],"wp:term":[{"taxonomy":"product_cat","embeddable":true,"href":"https:\/\/dynojet-powervision.de\/de\/wp-json\/wp\/v2\/product_cat?post=1676"},{"taxonomy":"product_tag","embeddable":true,"href":"https:\/\/dynojet-powervision.de\/de\/wp-json\/wp\/v2\/product_tag?post=1676"}],"curies":[{"name":"wp","href":"https:\/\/api.w.org\/{rel}","templated":true}]}}